{"id":4412,"date":"2020-04-13T15:20:41","date_gmt":"2020-04-13T12:20:41","guid":{"rendered":"http:\/\/hookahshop.lt\/?post_type=product&#038;p=4412"},"modified":"2026-04-05T23:28:39","modified_gmt":"2026-04-05T20:28:39","slug":"aliuminio-folija-kaljano-taurelems-100vnt","status":"publish","type":"product","link":"https:\/\/hookahshop.lt\/lv\/produkt\/aluminija-folijas-udenspipes-kausi-100gab\/","title":{"rendered":"Alum\u012bnija folija \u016bdensp\u012bpes tas\u012bt\u0113m 100gab"},"content":{"rendered":"<h2>Alum\u012bnija folija \u016bdensp\u012bpes tas\u012bt\u0113m (100 gab.)<\/h2>\n<p>Gatavs izmantot augst\u0101k\u0101s kvalit\u0101tes alum\u012bnija folijas Shisha b\u013cod\u0101m. Ide\u0101ls sm\u0113\u0137\u0113\u0161anas prieks \u016bdensp\u012bpes lietot\u0101jiem. Un tik vienk\u0101r\u0161i, ar\u012b lieto.<\/p>\n<p>Vienk\u0101r\u0161i salieciet p\u0101rpild\u012bto trauku, pat malas, caurduriet un ielieciet ogles uz aug\u0161u.<\/p>\n<p>Vai jums ir k\u0101di jaut\u0101jumi? Sazinies ar mums\u00a0<a href=\"https:\/\/hookahshop.lt\/lv\/kontaktiem\/\">kontaktu lapa<\/a>\u00a0vai rakstiet mums pa e-pastu\u00a0<a href=\"https:\/\/facebook.com\/HookahShop.lt\/\" target=\"_blank\" rel=\"noopener noreferrer\">Facebook konts<\/a>\u00a0un m\u0113s atbild\u0113sim uz j\u016bsu piepras\u012bjumu taj\u0101 pa\u0161\u0101 dien\u0101.<\/p>","protected":false},"excerpt":{"rendered":"<p>Iepakojum\u0101 ir 100 gab<\/p>\n<p>Gatavs izmantot augst\u0101k\u0101s kvalit\u0101tes alum\u012bnija folijas Shisha b\u013cod\u0101m. Ide\u0101ls sm\u0113\u0137\u0113\u0161anas prieks \u016bdensp\u012bpes lietot\u0101jiem. Un tik vienk\u0101r\u0161i, ar\u012b lieto.<\/p>\n<p>Vienk\u0101r\u0161i salieciet p\u0101rpild\u012bto trauku, pat malas, caurduriet un ielieciet ogles uz aug\u0161u.<\/p>","protected":false},"featured_media":9197,"comment_status":"open","ping_status":"closed","template":"","meta":[],"_links":{"self":[{"href":"https:\/\/hookahshop.lt\/lv\/wp-json\/wp\/v2\/product\/4412"}],"collection":[{"href":"https:\/\/hookahshop.lt\/lv\/wp-json\/wp\/v2\/product"}],"about":[{"href":"https:\/\/hookahshop.lt\/lv\/wp-json\/wp\/v2\/types\/product"}],"replies":[{"embeddable":true,"href":"https:\/\/hookahshop.lt\/lv\/wp-json\/wp\/v2\/comments?post=4412"}],"version-history":[{"count":6,"href":"https:\/\/hookahshop.lt\/lv\/wp-json\/wp\/v2\/product\/4412\/revisions"}],"predecessor-version":[{"id":42069,"href":"https:\/\/hookahshop.lt\/lv\/wp-json\/wp\/v2\/product\/4412\/revisions\/42069"}],"wp:featuredmedia":[{"embeddable":true,"href":"https:\/\/hookahshop.lt\/lv\/wp-json\/wp\/v2\/media\/9197"}],"wp:attachment":[{"href":"https:\/\/hookahshop.lt\/lv\/wp-json\/wp\/v2\/media?parent=4412"}],"curies":[{"name":"wp","href":"https:\/\/api.w.org\/{rel}","templated":true}]}}