{"id":44204,"date":"2025-12-15T15:15:18","date_gmt":"2025-12-15T13:15:18","guid":{"rendered":"https:\/\/hookahshop.lt\/?post_type=product&#038;p=44204"},"modified":"2026-05-13T23:30:21","modified_gmt":"2026-05-13T20:30:21","slug":"taurele-elektroninei-karscio-kamerai-xkah-pro","status":"publish","type":"product","link":"https:\/\/hookahshop.lt\/lv\/produkt\/kruzite-elektroniskajam-termometram-xkah-pro\/","title":{"rendered":"Kr\u016bze elektroniskajai termokamerai XKAH Pro"},"content":{"rendered":"<h2>Kr\u016bze elektroniskajai termokamerai XKAH Pro<\/h2>\n<p>Ori\u0123in\u0101l\u0101s kr\u016bz\u012btes XKAH Pro elektroniskajai sild\u012b\u0161anas kamerai. Piem\u0113rotas gar\u0161u mai\u0146ai vai rezerves kr\u016bz\u012btes ieg\u016b\u0161anai vair\u0101k\u0101m sesij\u0101m. Atk\u0101rtoti lietojamas. Iepakojum\u0101 ir 2 kr\u016bz\u012btes.<\/p>\n<p><strong>Specifik\u0101cija:<\/strong><br \/>\nDaudzums: 2 gab.<br \/>\nAugstums: 23,3 mm<br \/>\nPlatums: 42 mm<br \/>\nMateri\u0101ls: ner\u016bs\u0113jo\u0161ais t\u0113rauds<\/p>\n<p>Vai jums ir k\u0101di jaut\u0101jumi? Sazinies ar mums\u00a0<a href=\"https:\/\/hookahshop.lt\/lv\/kontaktiem\/\">kontaktu lapa<\/a>\u00a0vai rakstiet mums pa e-pastu\u00a0<a href=\"https:\/\/facebook.com\/HookahShop.lt\/\" target=\"_blank\" rel=\"noopener\">Facebook konts<\/a>\u00a0un m\u0113s atbild\u0113sim uz j\u016bsu piepras\u012bjumu taj\u0101 pa\u0161\u0101 dien\u0101.<\/p>","protected":false},"excerpt":{"rendered":"<p>Taurel\u0117 elektroninei kar\u0161\u010dio kamerai XKAH Pro Originalios taurel\u0117s, skirtos XKAH Pro elektroninei kar\u0161\u010dio kamerai. Tinka norint keisti skonius arba tur\u0117ti atsargin\u0119 taurel\u0119 kelioms sesijoms. Yra daugkartinio naudojimo. Pakuot\u0119 sudaro 2 taurel\u0117s. Specifikacija: Kiekis: 2 vnt. Auk\u0161tis: 23,3mm Plotis: 42mm Med\u017eiaga: ner\u016bdijantis plienas Turite klausim\u0173? Susisiekite su mumis\u00a0kontakt\u0173 puslapyje\u00a0arba para\u0161ykite mums \u012f\u00a0Facebook paskyr\u0105\u00a0ir atsakysime \u012f j\u016bs\u0173 [&hellip;]<\/p>","protected":false},"featured_media":44232,"comment_status":"closed","ping_status":"closed","template":"","meta":[],"_links":{"self":[{"href":"https:\/\/hookahshop.lt\/lv\/wp-json\/wp\/v2\/product\/44204"}],"collection":[{"href":"https:\/\/hookahshop.lt\/lv\/wp-json\/wp\/v2\/product"}],"about":[{"href":"https:\/\/hookahshop.lt\/lv\/wp-json\/wp\/v2\/types\/product"}],"replies":[{"embeddable":true,"href":"https:\/\/hookahshop.lt\/lv\/wp-json\/wp\/v2\/comments?post=44204"}],"version-history":[{"count":9,"href":"https:\/\/hookahshop.lt\/lv\/wp-json\/wp\/v2\/product\/44204\/revisions"}],"predecessor-version":[{"id":45494,"href":"https:\/\/hookahshop.lt\/lv\/wp-json\/wp\/v2\/product\/44204\/revisions\/45494"}],"wp:featuredmedia":[{"embeddable":true,"href":"https:\/\/hookahshop.lt\/lv\/wp-json\/wp\/v2\/media\/44232"}],"wp:attachment":[{"href":"https:\/\/hookahshop.lt\/lv\/wp-json\/wp\/v2\/media?parent=44204"}],"curies":[{"name":"wp","href":"https:\/\/api.w.org\/{rel}","templated":true}]}}