{"id":44206,"date":"2025-12-15T15:44:38","date_gmt":"2025-12-15T13:44:38","guid":{"rendered":"https:\/\/hookahshop.lt\/?post_type=product&#038;p=44206"},"modified":"2026-04-26T23:30:22","modified_gmt":"2026-04-26T20:30:22","slug":"tarpine-karscio-kamerai-xkah-pro","status":"publish","type":"product","link":"https:\/\/hookahshop.lt\/lv\/produkt\/blive-karstajam-kameram-xkah-pro\/","title":{"rendered":"Bl\u012bve XKAH Pro siltuma kamerai"},"content":{"rendered":"<h2>Bl\u012bve XKAH Pro siltuma kamerai<\/h2>\n<p>Bl\u012bve XKAH Pro siltuma kamerai. Izgatavota no pl\u0101na, \u013coti elast\u012bga silikona. Viegli nomain\u0101ma un nodro\u0161ina cie\u0161u un dro\u0161u piegul\u0161anu.<\/p>\n<p><strong>Specifik\u0101cija:<\/strong><br \/>\nKr\u0101sa melna<br \/>\nMateri\u0101ls: silikons<\/p>\n<p><strong>Apr\u012bkojums:<\/strong><br \/>\n1 gab. S izm\u0113rs<br \/>\n1 gab. L izm\u0113rs<\/p>\n<p>Vai jums ir k\u0101di jaut\u0101jumi? Sazinies ar mums\u00a0<a href=\"https:\/\/hookahshop.lt\/lv\/kontaktiem\/\">kontaktu lapa<\/a>\u00a0vai rakstiet mums pa e-pastu\u00a0<a href=\"https:\/\/facebook.com\/HookahShop.lt\/\" target=\"_blank\" rel=\"noopener\">Facebook konts<\/a>\u00a0un m\u0113s atbild\u0113sim uz j\u016bsu piepras\u012bjumu taj\u0101 pa\u0161\u0101 dien\u0101.<\/p>","protected":false},"excerpt":{"rendered":"<p>Tarpin\u0117 kar\u0161\u010dio kamerai XKAH Pro Tarpin\u0117, skirta XKAH Pro kar\u0161\u010dio kamerai. Pagaminta i\u0161 plono, labai tampraus silikono. Lengvai pakei\u010diamos ir u\u017etikrina tvirt\u0105 bei saug\u0173 prigludim\u0105. Specifikacija: Spalva: juoda Med\u017eiaga: silikonas Komplektacija: 1 vnt. S dydis 1 vnt. L dydis Turite klausim\u0173? Susisiekite su mumis\u00a0kontakt\u0173 puslapyje\u00a0arba para\u0161ykite mums \u012f\u00a0Facebook paskyr\u0105\u00a0ir atsakysime \u012f j\u016bs\u0173 u\u017eklaus\u0105 dar t\u0105 [&hellip;]<\/p>","protected":false},"featured_media":44216,"comment_status":"closed","ping_status":"closed","template":"","meta":[],"_links":{"self":[{"href":"https:\/\/hookahshop.lt\/lv\/wp-json\/wp\/v2\/product\/44206"}],"collection":[{"href":"https:\/\/hookahshop.lt\/lv\/wp-json\/wp\/v2\/product"}],"about":[{"href":"https:\/\/hookahshop.lt\/lv\/wp-json\/wp\/v2\/types\/product"}],"replies":[{"embeddable":true,"href":"https:\/\/hookahshop.lt\/lv\/wp-json\/wp\/v2\/comments?post=44206"}],"version-history":[{"count":8,"href":"https:\/\/hookahshop.lt\/lv\/wp-json\/wp\/v2\/product\/44206\/revisions"}],"predecessor-version":[{"id":45708,"href":"https:\/\/hookahshop.lt\/lv\/wp-json\/wp\/v2\/product\/44206\/revisions\/45708"}],"wp:featuredmedia":[{"embeddable":true,"href":"https:\/\/hookahshop.lt\/lv\/wp-json\/wp\/v2\/media\/44216"}],"wp:attachment":[{"href":"https:\/\/hookahshop.lt\/lv\/wp-json\/wp\/v2\/media?parent=44206"}],"curies":[{"name":"wp","href":"https:\/\/api.w.org\/{rel}","templated":true}]}}