{"id":4421,"date":"2020-04-13T15:24:24","date_gmt":"2020-04-13T12:24:24","guid":{"rendered":"http:\/\/hookahshop.lt\/?post_type=product&#038;p=4421"},"modified":"2026-04-05T23:29:09","modified_gmt":"2026-04-05T20:29:09","slug":"skyliu-pramustuvas-adatos-irankis-hookah-foil-poker","status":"publish","type":"product","link":"https:\/\/hookahshop.lt\/lv\/produkt\/caurumu-spiede-adatas-riks-udenspipe-folija-pokers\/","title":{"rendered":"Hole Punch Adatu r\u012bks \u016adensp\u012bpes folijas pokers"},"content":{"rendered":"<h2>Caurdur\u0161anas adatas r\u012bks \u016adensp\u012bpes folijas pokers<\/h2>\n<p>Paredz\u0113ts izmantot masas iepako\u0161anai un caurumu izdur\u0161anai folij\u0101.<\/p>\n<p>Vai jums ir k\u0101di jaut\u0101jumi? Sazinies ar mums\u00a0<a href=\"https:\/\/hookahshop.lt\/lv\/kontaktiem\/\">kontaktu lapa<\/a>\u00a0vai rakstiet mums pa e-pastu\u00a0<a href=\"https:\/\/facebook.com\/HookahShop.lt\/\" target=\"_blank\" rel=\"noopener noreferrer\">Facebook konts<\/a>\u00a0un m\u0113s atbild\u0113sim uz j\u016bsu piepras\u012bjumu taj\u0101 pa\u0161\u0101 dien\u0101.<\/p>","protected":false},"excerpt":{"rendered":"<p>\u016adensp\u012bpes folijas pokera caurumu \u0161tanc\u0113\u0161anas r\u012bks<\/p>","protected":false},"featured_media":4422,"comment_status":"open","ping_status":"closed","template":"","meta":[],"_links":{"self":[{"href":"https:\/\/hookahshop.lt\/lv\/wp-json\/wp\/v2\/product\/4421"}],"collection":[{"href":"https:\/\/hookahshop.lt\/lv\/wp-json\/wp\/v2\/product"}],"about":[{"href":"https:\/\/hookahshop.lt\/lv\/wp-json\/wp\/v2\/types\/product"}],"replies":[{"embeddable":true,"href":"https:\/\/hookahshop.lt\/lv\/wp-json\/wp\/v2\/comments?post=4421"}],"version-history":[{"count":5,"href":"https:\/\/hookahshop.lt\/lv\/wp-json\/wp\/v2\/product\/4421\/revisions"}],"predecessor-version":[{"id":42993,"href":"https:\/\/hookahshop.lt\/lv\/wp-json\/wp\/v2\/product\/4421\/revisions\/42993"}],"wp:featuredmedia":[{"embeddable":true,"href":"https:\/\/hookahshop.lt\/lv\/wp-json\/wp\/v2\/media\/4422"}],"wp:attachment":[{"href":"https:\/\/hookahshop.lt\/lv\/wp-json\/wp\/v2\/media?parent=4421"}],"curies":[{"name":"wp","href":"https:\/\/api.w.org\/{rel}","templated":true}]}}