{"id":44217,"date":"2025-12-18T13:20:50","date_gmt":"2025-12-18T11:20:50","guid":{"rendered":"https:\/\/hookahshop.lt\/?post_type=product&#038;p=44217"},"modified":"2026-04-15T23:29:41","modified_gmt":"2026-04-15T20:29:41","slug":"taurele-kaljanui-gusto-turkish-v2-milk","status":"publish","type":"product","link":"https:\/\/hookahshop.lt\/lv\/produkt\/udenspipes-kruzite-ar-baudu-turku-v2-piens\/","title":{"rendered":"\u016adensp\u012bpes kr\u016bz\u012bte GUSTO Turkish V2 Milk"},"content":{"rendered":"<h2>\u016adensp\u012bpes kr\u016bz\u012bte GUSTO Turkish V2 Milk<\/h2>\n<p>Augstas kvalit\u0101tes, roku darbs kr\u016bz\u012btes no Ukrainas. Biezas sienas nodro\u0161ina vienm\u0113r\u012bgu siltuma sadal\u012bjumu kr\u016bz\u012bt\u0113, un platas atveres nodro\u0161ina labu sa\u0137eri un efekt\u012bvu gaisa cirkul\u0101ciju. Turku kr\u016bz\u012btes forma ir piem\u0113rota visu veidu tabakai.<br \/>\nTabakas ietilp\u012bba: 11\u201315 g (atkar\u012bb\u0101 no izmantot\u0101s iepako\u0161anas metodes un tabakas veida).<\/p>\n<p><strong>Specifik\u0101cija:<\/strong><br \/>\nAugstums: ~10,5 cm<br \/>\nDiametrs: ~7,8 cm<br \/>\nCaurumu skaits: 4 gab.<\/p>\n<p><strong>Raksturojums:<\/strong><br \/>\nTips: turku<br \/>\nMateri\u0101ls: m\u0101ls<\/p>\n<p>Vai jums ir k\u0101di jaut\u0101jumi? Sazinies ar mums\u00a0<a href=\"https:\/\/hookahshop.lt\/lv\/kontaktiem\/\">kontaktu lapa<\/a>\u00a0vai rakstiet mums pa e-pastu\u00a0<a href=\"https:\/\/facebook.com\/HookahShop.lt\/\" target=\"_blank\" rel=\"noopener\">Facebook konts<\/a>\u00a0un m\u0113s atbild\u0113sim uz j\u016bsu piepras\u012bjumu taj\u0101 pa\u0161\u0101 dien\u0101.<\/p>","protected":false},"excerpt":{"rendered":"<p>Taurel\u0117 kaljanui GUSTO Turkish V2 Milk Auk\u0161tos kokyb\u0117s, rank\u0173 darbo taurel\u0117s i\u0161 Ukrainos. Storos sienel\u0117s suteikia taurelei tolyg\u0173 \u0161ilumos paskirstym\u0105, o pla\u010dios angos u\u017etikrina ger\u0105 trauk\u0105 ir efektyvi\u0105 oro cirkuliacij\u0105. Turkish taurel\u0117s forma tinka vis\u0173 r\u016b\u0161i\u0173 tabakui. Tabako talpa: 11-15g (atsi\u017evelgiant \u012f naudojam\u0105 pakavimo b\u016bd\u0105 ir tabako r\u016b\u0161\u012f). Specifikacija: Auk\u0161tis: ~10,5cm Skersmuo: ~7,8cm Skyli\u0173 skai\u010dius: [&hellip;]<\/p>","protected":false},"featured_media":44234,"comment_status":"closed","ping_status":"closed","template":"","meta":[],"_links":{"self":[{"href":"https:\/\/hookahshop.lt\/lv\/wp-json\/wp\/v2\/product\/44217"}],"collection":[{"href":"https:\/\/hookahshop.lt\/lv\/wp-json\/wp\/v2\/product"}],"about":[{"href":"https:\/\/hookahshop.lt\/lv\/wp-json\/wp\/v2\/types\/product"}],"replies":[{"embeddable":true,"href":"https:\/\/hookahshop.lt\/lv\/wp-json\/wp\/v2\/comments?post=44217"}],"version-history":[{"count":4,"href":"https:\/\/hookahshop.lt\/lv\/wp-json\/wp\/v2\/product\/44217\/revisions"}],"predecessor-version":[{"id":44349,"href":"https:\/\/hookahshop.lt\/lv\/wp-json\/wp\/v2\/product\/44217\/revisions\/44349"}],"wp:featuredmedia":[{"embeddable":true,"href":"https:\/\/hookahshop.lt\/lv\/wp-json\/wp\/v2\/media\/44234"}],"wp:attachment":[{"href":"https:\/\/hookahshop.lt\/lv\/wp-json\/wp\/v2\/media?parent=44217"}],"curies":[{"name":"wp","href":"https:\/\/api.w.org\/{rel}","templated":true}]}}