{"id":44222,"date":"2025-12-17T16:00:15","date_gmt":"2025-12-17T14:00:15","guid":{"rendered":"https:\/\/hookahshop.lt\/?post_type=product&#038;p=44222"},"modified":"2026-04-26T23:30:22","modified_gmt":"2026-04-26T20:30:22","slug":"kaljanas-sway-base-onyx","status":"publish","type":"product","link":"https:\/\/hookahshop.lt\/lv\/produkt\/udenspipe-suposanas-base-onikss\/","title":{"rendered":"\u016adensp\u012bpe SWAY pamatne Onyx"},"content":{"rendered":"<h2>\u016adensp\u012bpe SWAY pamatne Onyx<\/h2>\n<p>Izjaucamais \u016bdensp\u012bpes modelis atvieglo t\u0101s lieto\u0161anu, apkopi un transport\u0113\u0161anu. \u016adensp\u012bpe ir izgatavota no augst\u0101k\u0101s kvalit\u0101tes materi\u0101liem. K\u0101ts ir izgatavots no iztur\u012bga ner\u016bs\u0113jo\u0161\u0101 t\u0113rauda, bet pamatne - no in\u017eeniertehnisk\u0101 poliacet\u0101la. Kr\u0101sota ar mat\u0113tu polim\u0113ru kr\u0101su. Ieb\u016bv\u0113ts difuzors (neno\u0146emams).<\/p>\n<p><strong>Specifik\u0101cija:<\/strong><br \/>\nAugstums: 49,5 cm<br \/>\nMateri\u0101ls: ner\u016bs\u0113jo\u0161ais t\u0113rauds, poliacet\u0101ls<br \/>\nMagn\u0113tiskais savienojums<br \/>\nNeno\u0146emams difuzors<\/p>\n<p><strong>Apr\u012bkojums:<\/strong><br \/>\n\u016adensp\u012bpe (v\u0101rpsta), iemuti, \u0161\u0137\u012bvis, \u0161\u013c\u016btene<\/p>\n<picture><source srcset=\"https:\/\/hookahshop.lt\/wp-content\/webp-express\/webp-images\/uploads\/2020\/09\/stiebas-zarna-kandiklis-1-300x273.jpg.webp 300w, https:\/\/hookahshop.lt\/wp-content\/webp-express\/webp-images\/uploads\/2020\/09\/stiebas-zarna-kandiklis-1-13x12.jpg.webp 13w, https:\/\/hookahshop.lt\/wp-content\/webp-express\/webp-images\/uploads\/2020\/09\/stiebas-zarna-kandiklis-1-64x58.jpg.webp 64w, https:\/\/hookahshop.lt\/wp-content\/webp-express\/webp-images\/uploads\/2020\/09\/stiebas-zarna-kandiklis-1.jpg.webp 420w\" type=\"image\/webp\" sizes=\"(max-width: 300px) 100vw, 300px\" \/><img decoding=\"async\" loading=\"lazy\" class=\"alignnone size-medium wp-image-38521 webpexpress-processed\" title=\"\u016adensp\u012bpe YKAP Killer Classic Brown 1\" src=\"https:\/\/hookahshop.lt\/wp-content\/uploads\/2020\/09\/stiebas-zarna-kandiklis-1-300x273.jpg\" sizes=\"(max-width: 300px) 100vw, 300px\" srcset=\"https:\/\/hookahshop.lt\/wp-content\/uploads\/2020\/09\/stiebas-zarna-kandiklis-1-300x273.jpg 300w, https:\/\/hookahshop.lt\/wp-content\/uploads\/2020\/09\/stiebas-zarna-kandiklis-1-13x12.jpg 13w, https:\/\/hookahshop.lt\/wp-content\/uploads\/2020\/09\/stiebas-zarna-kandiklis-1-64x58.jpg 64w, https:\/\/hookahshop.lt\/wp-content\/uploads\/2020\/09\/stiebas-zarna-kandiklis-1.jpg 420w\" alt=\"k\u0101ta \u0161\u013c\u016btenes iemutnis 1 - hookahshop.lt\" width=\"300\" height=\"273\" \/><\/picture>\n<p>Vai jums ir k\u0101di jaut\u0101jumi? Sazinies ar mums\u00a0<a href=\"https:\/\/hookahshop.lt\/lv\/kontaktiem\/\">kontaktu lapa<\/a>\u00a0vai rakstiet mums pa e-pastu\u00a0<a href=\"https:\/\/facebook.com\/HookahShop.lt\/\" target=\"_blank\" rel=\"noopener noreferrer\">Facebook konts<\/a>\u00a0un m\u0113s atbild\u0113sim uz j\u016bsu piepras\u012bjumu taj\u0101 pa\u0161\u0101 dien\u0101.<\/p>","protected":false},"excerpt":{"rendered":"<p>Kaljanas SWAY Base Onyx I\u0161ardomas kaljano modelis leid\u017eia lengvai j\u012f naudoti, pri\u017ei\u016br\u0117ti ir transportuoti. Kaljanas pagamintas i\u0161 auk\u0161\u010diausios kokyb\u0117s med\u017eiag\u0173. \u0160achta pagaminta i\u0161 patvaraus ner\u016bdijan\u010dio plieno, o pagrindas \u2013 i\u0161 in\u017einerinio poliacetalio. Nuda\u017eytas matiniais polimeriniais da\u017eais. \u012emontuotas difuzorius (nenuimamas). Specifikacija: Auk\u0161tis: 49,5cm Med\u017eiaga: ner\u016bdijantis plienas, poliacetalis Magnetin\u0117 jungtis Nenuimamas difuzorius Komplektacija: Kaljanas (\u0161achta), kandiklis, l\u0117k\u0161t\u0117, [&hellip;]<\/p>","protected":false},"featured_media":44266,"comment_status":"closed","ping_status":"closed","template":"","meta":[],"_links":{"self":[{"href":"https:\/\/hookahshop.lt\/lv\/wp-json\/wp\/v2\/product\/44222"}],"collection":[{"href":"https:\/\/hookahshop.lt\/lv\/wp-json\/wp\/v2\/product"}],"about":[{"href":"https:\/\/hookahshop.lt\/lv\/wp-json\/wp\/v2\/types\/product"}],"replies":[{"embeddable":true,"href":"https:\/\/hookahshop.lt\/lv\/wp-json\/wp\/v2\/comments?post=44222"}],"version-history":[{"count":5,"href":"https:\/\/hookahshop.lt\/lv\/wp-json\/wp\/v2\/product\/44222\/revisions"}],"predecessor-version":[{"id":44314,"href":"https:\/\/hookahshop.lt\/lv\/wp-json\/wp\/v2\/product\/44222\/revisions\/44314"}],"wp:featuredmedia":[{"embeddable":true,"href":"https:\/\/hookahshop.lt\/lv\/wp-json\/wp\/v2\/media\/44266"}],"wp:attachment":[{"href":"https:\/\/hookahshop.lt\/lv\/wp-json\/wp\/v2\/media?parent=44222"}],"curies":[{"name":"wp","href":"https:\/\/api.w.org\/{rel}","templated":true}]}}