{"id":44316,"date":"2025-12-18T09:45:21","date_gmt":"2025-12-18T07:45:21","guid":{"rendered":"https:\/\/hookahshop.lt\/?post_type=product&#038;p=44316"},"modified":"2026-04-15T23:29:41","modified_gmt":"2026-04-15T20:29:41","slug":"sakute-yla-blade-bronze","status":"publish","type":"product","link":"https:\/\/hookahshop.lt\/lv\/produkt\/sakute-yla-asmens-bronza\/","title":{"rendered":"Dak\u0161as \u012blens BLADE Bronze"},"content":{"rendered":"<h2>Dak\u0161as \u012blens BLADE Bronze<\/h2>\n<p>Iepakojiet perfektu kr\u016bzi ar t\u012br\u0101m rok\u0101m. Nevainojami izstr\u0101d\u0101ts aksesu\u0101rs.<\/p>\n<p><strong>Specifik\u0101cija:<\/strong><sub><br \/>\n<\/sub>Materi\u0101ls: ner\u016bs\u0113jo\u0161ais t\u0113rauds<sub><br \/>\n<\/sub>Kr\u0101sa: bronza<sub><br \/>\n<\/sub>Garums: 16cm<sub><br \/>\n<\/sub>Platums: 1,5 cm<sub><br \/>\n<\/sub>Svars: 40g.<\/p>\n<p>Vai jums ir k\u0101di jaut\u0101jumi? Sazinies ar mums\u00a0<a href=\"https:\/\/hookahshop.lt\/lv\/kontaktiem\/\">kontaktu lapa<\/a>\u00a0vai rakstiet mums pa e-pastu\u00a0<a href=\"https:\/\/facebook.com\/HookahShop.lt\/\" target=\"_blank\" rel=\"noopener\">Facebook konts<\/a>\u00a0un m\u0113s atbild\u0113sim uz j\u016bsu piepras\u012bjumu taj\u0101 pa\u0161\u0101 dien\u0101.<\/p>","protected":false},"excerpt":{"rendered":"<p>\u0160akut\u0117 yla BLADE Bronze Supakuokite tobul\u0105 taurel\u0119 \u0161variomis rankomis. Nepriekai\u0161tingai, kokybi\u0161kai apdirbtas aksesuaras. Specifikacija: Med\u017eiaga: ner\u016bdijantis plienas Spalva: bronzin\u0117 Ilgis: 16cm Plotis: 1,5cm Svoris: 40g. Turite klausim\u0173? Susisiekite su mumis\u00a0kontakt\u0173 puslapyje\u00a0arba para\u0161ykite mums \u012f\u00a0Facebook paskyr\u0105\u00a0ir atsakysime \u012f j\u016bs\u0173 u\u017eklaus\u0105 dar t\u0105 pa\u010di\u0105 dien\u0105.<\/p>","protected":false},"featured_media":44318,"comment_status":"closed","ping_status":"closed","template":"","meta":[],"_links":{"self":[{"href":"https:\/\/hookahshop.lt\/lv\/wp-json\/wp\/v2\/product\/44316"}],"collection":[{"href":"https:\/\/hookahshop.lt\/lv\/wp-json\/wp\/v2\/product"}],"about":[{"href":"https:\/\/hookahshop.lt\/lv\/wp-json\/wp\/v2\/types\/product"}],"replies":[{"embeddable":true,"href":"https:\/\/hookahshop.lt\/lv\/wp-json\/wp\/v2\/comments?post=44316"}],"version-history":[{"count":4,"href":"https:\/\/hookahshop.lt\/lv\/wp-json\/wp\/v2\/product\/44316\/revisions"}],"predecessor-version":[{"id":44343,"href":"https:\/\/hookahshop.lt\/lv\/wp-json\/wp\/v2\/product\/44316\/revisions\/44343"}],"wp:featuredmedia":[{"embeddable":true,"href":"https:\/\/hookahshop.lt\/lv\/wp-json\/wp\/v2\/media\/44318"}],"wp:attachment":[{"href":"https:\/\/hookahshop.lt\/lv\/wp-json\/wp\/v2\/media?parent=44316"}],"curies":[{"name":"wp","href":"https:\/\/api.w.org\/{rel}","templated":true}]}}