{"id":44661,"date":"2026-01-23T13:06:24","date_gmt":"2026-01-23T11:06:24","guid":{"rendered":"https:\/\/hookahshop.lt\/?post_type=product&#038;p=44661"},"modified":"2026-04-19T23:30:25","modified_gmt":"2026-04-19T20:30:25","slug":"karscio-kamera-aroma-hookah","status":"publish","type":"product","link":"https:\/\/hookahshop.lt\/lv\/produkt\/karstas-kameras-aroma-udenspipe\/","title":{"rendered":"AROMA \u016aDENSP\u012aPES siltuma kamera"},"content":{"rendered":"<h2>AROMA \u016aDENSP\u012aPES siltuma kamera<\/h2>\n<p>Izgatavots no alum\u012bnija. Izstr\u0101d\u0101ts ar optim\u0101lu sienu biezumu un formu. Apak\u0161da\u013ca labi vada siltumu, bet vienlaikus nov\u0113r\u0161 \u016bdensp\u012bpes mais\u012bjuma p\u0101rkar\u0161anu. Piederums lieliski sader ar Aroma Hookah \u016bdensp\u012bp\u0113m un ir piem\u0113rots vis\u0101m tirg\u016b popul\u0101raj\u0101m kr\u016bz\u012bt\u0113m.<\/p>\n<p><strong>Specifik\u0101cijas:<\/strong><br \/>\nMateri\u0101ls: alum\u012bnijs<br \/>\nKr\u0101sa: sudraba<br \/>\nDiametrs (\u0101r\u0113jais): 7,4 cm<br \/>\nDiametrs (iek\u0161\u0113jais): 6,5 cm<br \/>\nAugstums: 2,5 cm<br \/>\nSvars: 55 g.<br \/>\nIetilp\u012bba: l\u012bdz 2 ogl\u0113m ar diametru l\u012bdz 27 mm<\/p>\n<p>Vai jums ir k\u0101di jaut\u0101jumi? Sazinies ar mums\u00a0<a href=\"https:\/\/hookahshop.lt\/lv\/kontaktiem\/\">kontaktu lapa<\/a>\u00a0vai rakstiet mums pa e-pastu\u00a0<a href=\"https:\/\/facebook.com\/HookahShop.lt\/\" target=\"_blank\" rel=\"noopener noreferrer\">Facebook konts<\/a>\u00a0un m\u0113s atbild\u0113sim uz j\u016bsu piepras\u012bjumu taj\u0101 pa\u0161\u0101 dien\u0101.<\/p>","protected":false},"excerpt":{"rendered":"<p>Kar\u0161\u010dio kamera AROMA HOOKAH Pagaminta i\u0161 aliuminio. Sukurta su optimaliu sieneli\u0173 storiu ir forma. Apa\u010dia gerai praleid\u017eia \u0161ilum\u0105, ta\u010diau tuo pa\u010diu metu neleid\u017eia kaljano mi\u0161iniui perkaisti. Aksesuaras puikus derinys su Aroma Hookah kaljanais ir tinka visoms popiuliarioms taurel\u0117ms rinkoje. Specifikacijos: Med\u017eiaga: aliuminis Spalva: sidabrin\u0117 Skersmuo (i\u0161or\u0117): 7,4cm Skersmuo (vidus): 6,5cm Auk\u0161tis: 2,5cm Svoris: 55g. Talpa: [&hellip;]<\/p>","protected":false},"featured_media":44737,"comment_status":"closed","ping_status":"closed","template":"","meta":[],"_links":{"self":[{"href":"https:\/\/hookahshop.lt\/lv\/wp-json\/wp\/v2\/product\/44661"}],"collection":[{"href":"https:\/\/hookahshop.lt\/lv\/wp-json\/wp\/v2\/product"}],"about":[{"href":"https:\/\/hookahshop.lt\/lv\/wp-json\/wp\/v2\/types\/product"}],"replies":[{"embeddable":true,"href":"https:\/\/hookahshop.lt\/lv\/wp-json\/wp\/v2\/comments?post=44661"}],"version-history":[{"count":5,"href":"https:\/\/hookahshop.lt\/lv\/wp-json\/wp\/v2\/product\/44661\/revisions"}],"predecessor-version":[{"id":45183,"href":"https:\/\/hookahshop.lt\/lv\/wp-json\/wp\/v2\/product\/44661\/revisions\/45183"}],"wp:featuredmedia":[{"embeddable":true,"href":"https:\/\/hookahshop.lt\/lv\/wp-json\/wp\/v2\/media\/44737"}],"wp:attachment":[{"href":"https:\/\/hookahshop.lt\/lv\/wp-json\/wp\/v2\/media?parent=44661"}],"curies":[{"name":"wp","href":"https:\/\/api.w.org\/{rel}","templated":true}]}}