{"id":44663,"date":"2026-01-23T15:04:00","date_gmt":"2026-01-23T13:04:00","guid":{"rendered":"https:\/\/hookahshop.lt\/?post_type=product&#038;p=44663"},"modified":"2026-04-19T23:30:25","modified_gmt":"2026-04-19T20:30:25","slug":"taurele-kaljanui-oblako-turk","status":"publish","type":"product","link":"https:\/\/hookahshop.lt\/lv\/produkt\/udenspipes-kruzite-makonturkam\/","title":{"rendered":"\u016adensp\u012bpes kr\u016bz\u012bte OBLAKO Turk"},"content":{"rendered":"<h2>\u016adensp\u012bpes kr\u016bz\u012bte OBLAKO Turk<\/h2>\n<p>\u0160\u012b ir klasiska m\u0101la turku stila kr\u016bz\u012bte, kas izgatavota no augstas kvalit\u0101tes m\u0101la un apdedzin\u0101ta ar pienu. Tai ir bl\u012bva strukt\u016bra ar rakstur\u012bgu aizsargpl\u0113v\u012bti uz virsmas. M\u0101ls efekt\u012bvi saglab\u0101 siltumu un nodro\u0161ina vienm\u0113r\u012bgu tabakas uzsil\u0161anu. Turku kr\u016bz\u012btes forma ir piem\u0113rota visu veidu tabakai.<br \/>\nTabakas ietilp\u012bba: 15-20g. (atkar\u012bb\u0101 no izmantot\u0101s iepako\u0161anas metodes un tabakas veida).<\/p>\n<p><strong>Specifik\u0101cijas:<\/strong><br \/>\nAugstums: 88 mm<br \/>\nDiametrs (\u0101r\u0113jais): 75 mm<br \/>\nDiametrs (iek\u0161\u0113jais): 58 mm<br \/>\nDzi\u013cums: 22 mm<br \/>\nUrbumu skaits: 5<br \/>\nSvars: aptuveni 260 g.<\/p>\n<p>Vai jums ir k\u0101di jaut\u0101jumi? Sazinies ar mums\u00a0<a href=\"https:\/\/hookahshop.lt\/lv\/kontaktiem\/\">kontaktu lapa<\/a>\u00a0vai rakstiet mums pa e-pastu\u00a0<a href=\"https:\/\/facebook.com\/HookahShop.lt\/\" target=\"_blank\" rel=\"noopener noreferrer\">Facebook konts<\/a>\u00a0un m\u0113s atbild\u0113sim uz j\u016bsu piepras\u012bjumu taj\u0101 pa\u0161\u0101 dien\u0101.<\/p>","protected":false},"excerpt":{"rendered":"<p>Taurel\u0117 kaljanui OBLAKO Turk Tai klasikin\u0117 molin\u0117 turkish stiliaus taurel\u0117, pagaminta i\u0161 auk\u0161tos kokyb\u0117s molio ir deginta pienu. Turi tanki\u0105 strukt\u016br\u0105 su b\u016bdinga apsaugine pl\u0117vele pavir\u0161iuje. Molis efektyviai i\u0161laiko \u0161ilum\u0105 ir u\u017etikrina tolyg\u0173 tabako kaitim\u0105. Turkish taurel\u0117s forma tinka vis\u0173 r\u016b\u0161i\u0173 tabakui. Tabako talpa: 15-20g. (atsi\u017evelgiant \u012f naudojam\u0105 pakavimo b\u016bd\u0105 ir tabako r\u016b\u0161\u012f). Specifikacijos: Auk\u0161tis: [&hellip;]<\/p>","protected":false},"featured_media":44717,"comment_status":"closed","ping_status":"closed","template":"","meta":[],"_links":{"self":[{"href":"https:\/\/hookahshop.lt\/lv\/wp-json\/wp\/v2\/product\/44663"}],"collection":[{"href":"https:\/\/hookahshop.lt\/lv\/wp-json\/wp\/v2\/product"}],"about":[{"href":"https:\/\/hookahshop.lt\/lv\/wp-json\/wp\/v2\/types\/product"}],"replies":[{"embeddable":true,"href":"https:\/\/hookahshop.lt\/lv\/wp-json\/wp\/v2\/comments?post=44663"}],"version-history":[{"count":7,"href":"https:\/\/hookahshop.lt\/lv\/wp-json\/wp\/v2\/product\/44663\/revisions"}],"predecessor-version":[{"id":44761,"href":"https:\/\/hookahshop.lt\/lv\/wp-json\/wp\/v2\/product\/44663\/revisions\/44761"}],"wp:featuredmedia":[{"embeddable":true,"href":"https:\/\/hookahshop.lt\/lv\/wp-json\/wp\/v2\/media\/44717"}],"wp:attachment":[{"href":"https:\/\/hookahshop.lt\/lv\/wp-json\/wp\/v2\/media?parent=44663"}],"curies":[{"name":"wp","href":"https:\/\/api.w.org\/{rel}","templated":true}]}}