{"id":44697,"date":"2026-01-22T14:40:27","date_gmt":"2026-01-22T12:40:27","guid":{"rendered":"https:\/\/hookahshop.lt\/?post_type=product&#038;p=44697"},"modified":"2026-04-15T23:29:41","modified_gmt":"2026-04-15T20:29:41","slug":"elektronine-karscio-kamera-xkah-pro-gold","status":"publish","type":"product","link":"https:\/\/hookahshop.lt\/lv\/produkt\/elektroniska-termokamera-xkah-pro-gold\/","title":{"rendered":"Elektronisk\u0101 termoatt\u0113la kamera XKAH Pro Gold"},"content":{"rendered":"<h2>Elektronisk\u0101 termoatt\u0113la kamera XKAH Pro Gold<\/h2>\n<p>Izmanto elektrisko sildelementu (integr\u0113tu spir\u0101li), t\u0101p\u0113c vairs nav nepiecie\u0161amas ogles vai \u0161\u0137iltavas. Temperat\u016bra tiek regul\u0113ta un kontrol\u0113ta elektroniski: ier\u012bce \u013cauj iestat\u012bt un uztur\u0113t v\u0113lamo sild\u012b\u0161anu, t\u0101d\u0113j\u0101di nodro\u0161inot vienm\u0113r\u012bgu sild\u012b\u0161anu un lab\u0101ku gar\u0161as stabilit\u0101ti. Katra deta\u013ca ir p\u0101rkl\u0101ta ar greznu 24 kar\u0101tu zelta p\u0101rkl\u0101jumu.<\/p>\n<p><strong>Specifik\u0101cija:<\/strong><br \/>\nAkumulators: 13\u00a0600\u00a0mAh<br \/>\nDarb\u012bbas laiks: l\u012bdz 2 stund\u0101m<br \/>\nIzm\u0113ri: 24 \u00d7 24 \u00d7 14 cm<br \/>\nSvars: 2,5 kg<\/p>\n<p><strong>Apr\u012bkojums:<\/strong><br \/>\n1x XKAH Pro Gold elektronisk\u0101 termisk\u0101 att\u0113lveido\u0161anas kamera<br \/>\n1x silikona adapteris<br \/>\n1x akumulators<br \/>\n2 kr\u016bzes<br \/>\n1x ce\u013cojumu soma<br \/>\n1x knaibles<br \/>\n1x pincete<br \/>\n1x USB-C uzl\u0101des kabelis<br \/>\n1x t\u012br\u012b\u0161anas birste<\/p>\n<p><strong>Garantijas periods:<\/strong><br \/>\n12 m\u0113ne\u0161i.<\/p>\n<h3><b>XKAH Pro elektronisk\u0101 siltuma kamera \u2013 revolucion\u0101rs risin\u0101jums j\u016bsu \u016bdensp\u012bpes sesij\u0101m<\/b><\/h3>\n<p class=\"p3\">Atkl\u0101jiet jaunu l\u012bmeni savam \u016bdensp\u012bpes baud\u012bjumam ar elektronisko siltuma kameru\u00a0<span class=\"s2\">XKAH Pro<\/span>\u00a0\u2013 moderna elektrisk\u0101 sild\u012b\u0161anas ier\u012bce, kas rad\u012bta, lai padar\u012btu katru mirkli \u0113rtu, dro\u0161u un bez raiz\u0113m. \u0160\u012b ier\u012bce aizst\u0101j tradicion\u0101lo og\u013cu metodi un \u013cauj baud\u012bt t\u012bru, intens\u012bvu gar\u0161u bez karstu og\u013cu smar\u017eas, d\u016bmiem vai pelniem.<\/p>\n<p><strong>K\u0101p\u0113c izv\u0113l\u0113ties XKAH Pro:<\/strong><\/p>\n<ul>\n<li class=\"p1\"><span class=\"s1\"><b>T\u012bra, \u012bsta gar\u0161a:<\/b><\/span>\u00a0Prec\u012bza temperat\u016bras kontrole pal\u012bdz ieg\u016bt autentisku tabakas arom\u0101tu un izvair\u012bties no dedzin\u0101\u0161anas vai nepat\u012bkamas r\u016bgtas p\u0113cgar\u0161as.<\/li>\n<li class=\"p1\"><span class=\"s1\"><b>Daudz liel\u0101ka dro\u0161\u012bba:<\/b><\/span>\u00a0Pateicoties elektriskajai apkurei, nav atkl\u0101tas liesmas, j\u0101uztraucas par ogl\u0113m vai karstumu. Lieliski piem\u0113rots lieto\u0161anai m\u0101j\u0101s, dz\u012bvokl\u012b vai pat l\u012bdzi \u0146em\u0161anai ce\u013cojum\u0101.<\/li>\n<li class=\"p1\"><span class=\"s1\"><b>\u0112rta un \u0101tra pagatavo\u0161ana:<\/b><\/span>\u00a0Modul\u0101rais dizains \u013cauj sagatavot \u016bdensp\u012bpi tikai da\u017e\u0101s min\u016bt\u0113s \u2014 bez ilgas gaid\u012b\u0161anas, cilindru t\u012br\u012b\u0161anas vai sare\u017e\u0123\u012btiem piederumiem.<\/li>\n<li class=\"p1\"><span class=\"s1\"><b>Kompakts un mobils:<\/b><\/span>\u00a0Viegls, bezvadu un lieliski piem\u0113rots lieto\u0161anai telp\u0101s, ball\u012bt\u0113m br\u012bv\u0101 dab\u0101 un ce\u013cojumiem.<\/li>\n<\/ul>\n<p>XKAH Pro elektronisk\u0101 sild\u012b\u0161anas kamera apvieno kvalit\u0101tes saj\u016btu ar praktisku dizainu. T\u0101 nav tikai alternat\u012bva klasiskajai \u016bdensp\u012bpei \u2013 t\u0101 ir jauna paaudze, kur sm\u0113\u0137\u0113\u0161ana k\u013c\u016bst par baudu, nevis apgr\u016btin\u0101jumu.<\/p>\n<p><b>Ide\u0101la izv\u0113le tiem, kas:<\/b><\/p>\n<ul>\n<li class=\"p1\">Nov\u0113rt\u0113 t\u012bru gar\u0161u un v\u0113las izvair\u012bties no og\u013cu smakas vai d\u016bmiem;<\/li>\n<li class=\"p1\">Cilv\u0113kiem, kas dz\u012bvo dz\u012bvokl\u012b, kur tradicion\u0101l\u0101 \u016bdensp\u012bpe ne vienm\u0113r ir \u0113rta;<\/li>\n<li class=\"p1\">Mekl\u0113jat \u0113rt\u012bbas, \u0101tru pagatavo\u0161anu un vienk\u0101r\u0161u t\u012br\u012b\u0161anu;<\/li>\n<li class=\"p1\">J\u016bs v\u0113laties modernu, minim\u0101listisku dizainu un iesp\u0113ju n\u0113s\u0101t l\u012bdzi savu \u016bdensp\u012bpi.<\/li>\n<\/ul>\n<p><span class=\"s2\"><b>XKAH Pro elektronisk\u0101 siltuma kamera \u2014 j\u016bsu \u016bdensp\u012bpes evol\u016bcija.<\/b><\/span>\u00a0Izbaudiet gar\u0161u, komfortu un sirdsmieru \u2014 bez pelniem, liesm\u0101m vai putek\u013ciem. Saj\u016btiet at\u0161\u0137ir\u012bbu no pirm\u0101 d\u016bmakas ievilkuma l\u012bdz p\u0113d\u0113jam d\u016bmam.<\/p>\n<p>Vai jums ir k\u0101di jaut\u0101jumi? Sazinies ar mums\u00a0<a href=\"https:\/\/hookahshop.lt\/lv\/kontaktiem\/\">kontaktu lapa<\/a>\u00a0vai rakstiet mums pa e-pastu\u00a0<a href=\"https:\/\/facebook.com\/HookahShop.lt\/\" target=\"_blank\" rel=\"noopener\">Facebook konts<\/a>\u00a0un m\u0113s atbild\u0113sim uz j\u016bsu piepras\u012bjumu taj\u0101 pa\u0161\u0101 dien\u0101.<\/p>","protected":false},"excerpt":{"rendered":"<p>Elektronin\u0117 kar\u0161\u010dio kamera XKAH Pro Gold Naudoja elektrin\u012f kaitinimo element\u0105 (integruot\u0105 spiral\u0119), tod\u0117l anglys ar \u017eiebtuv\u0117lis nebereikalingi. Temperat\u016bra reguliuojama ir valdoma elektroniniu b\u016bdu: \u012frenginys leid\u017eia nustatyti ir palaikyti norim\u0105 kaitinim\u0105, taip u\u017etikrindamas tolyg\u0173 kaitinim\u0105 bei geresn\u012f skonio stabilum\u0105. Kiekviena detal\u0117 padengta prabangia 24 karat\u0173 aukso danga. Specifikacija: Baterija: 13 600mAh Veikimo laikas: iki 2 valand\u0173 [&hellip;]<\/p>","protected":false},"featured_media":44701,"comment_status":"closed","ping_status":"closed","template":"","meta":[],"_links":{"self":[{"href":"https:\/\/hookahshop.lt\/lv\/wp-json\/wp\/v2\/product\/44697"}],"collection":[{"href":"https:\/\/hookahshop.lt\/lv\/wp-json\/wp\/v2\/product"}],"about":[{"href":"https:\/\/hookahshop.lt\/lv\/wp-json\/wp\/v2\/types\/product"}],"replies":[{"embeddable":true,"href":"https:\/\/hookahshop.lt\/lv\/wp-json\/wp\/v2\/comments?post=44697"}],"version-history":[{"count":3,"href":"https:\/\/hookahshop.lt\/lv\/wp-json\/wp\/v2\/product\/44697\/revisions"}],"predecessor-version":[{"id":44712,"href":"https:\/\/hookahshop.lt\/lv\/wp-json\/wp\/v2\/product\/44697\/revisions\/44712"}],"wp:featuredmedia":[{"embeddable":true,"href":"https:\/\/hookahshop.lt\/lv\/wp-json\/wp\/v2\/media\/44701"}],"wp:attachment":[{"href":"https:\/\/hookahshop.lt\/lv\/wp-json\/wp\/v2\/media?parent=44697"}],"curies":[{"name":"wp","href":"https:\/\/api.w.org\/{rel}","templated":true}]}}