{"id":44731,"date":"2026-01-23T15:09:42","date_gmt":"2026-01-23T13:09:42","guid":{"rendered":"https:\/\/hookahshop.lt\/?post_type=product&#038;p=44731"},"modified":"2026-04-19T23:30:25","modified_gmt":"2026-04-19T20:30:25","slug":"kolba-kaljanui-craft-crystal-transparent","status":"publish","type":"product","link":"https:\/\/hookahshop.lt\/lv\/produkt\/udenspipes-kolba-ar-kristala-caurspidigumu\/","title":{"rendered":"\u016adensp\u012bpes termoss CRAFT Crystal Caursp\u012bd\u012bgs"},"content":{"rendered":"<h2>\u016adensp\u012bpes termoss CRAFT Crystal Caursp\u012bd\u012bgs<\/h2>\n<p>T\u0101 ir koniska caursp\u012bd\u012bga kolba ar standarta bl\u012bves formas savienojumu.<\/p>\n<p><strong>Specifik\u0101cija:<\/strong><br \/>\nAugstums: 265 mm<br \/>\nSvars: ~ 2080 g<br \/>\n\u0100r\u0113jais kakla diametrs: 70 mm<br \/>\nIek\u0161\u0113jais kakla diametrs: 45 mm<br \/>\nIzstr\u0101d\u0101juma materi\u0101ls: dzidrs stikls.<\/p>\n<p>Vai jums ir k\u0101di jaut\u0101jumi? Sazinies ar mums\u00a0<a href=\"https:\/\/hookahshop.lt\/lv\/kontaktiem\/\">kontaktu lapa<\/a>\u00a0vai rakstiet mums pa e-pastu\u00a0<a href=\"https:\/\/facebook.com\/HookahShop.lt\/\" target=\"_blank\" rel=\"noopener noreferrer\">Facebook konts<\/a>\u00a0un m\u0113s atbild\u0113sim uz j\u016bsu piepras\u012bjumu taj\u0101 pa\u0161\u0101 dien\u0101.<\/p>","protected":false},"excerpt":{"rendered":"<p>Kolba kaljanui CRAFT Crystal Transparent Tai k\u016bgio formos skaidri kolba, turinti standartine tarpin\u0117s formos jungt\u012f. Specifikacija: Auk\u0161tis: 265 mm Svoris: ~ 2080 g I\u0161orinis kaklelio skersmuo: 70 mm Vidinis kaklelio skersmuo: 45 mm Produkto med\u017eiaga: skaidrus stiklas. Turite klausim\u0173? Susisiekite su mumis\u00a0kontakt\u0173 puslapyje\u00a0arba para\u0161ykite mums \u012f\u00a0Facebook paskyr\u0105\u00a0ir atsakysime \u012f j\u016bs\u0173 u\u017eklaus\u0105 dar t\u0105 pa\u010di\u0105 dien\u0105.<\/p>","protected":false},"featured_media":44716,"comment_status":"closed","ping_status":"closed","template":"","meta":[],"_links":{"self":[{"href":"https:\/\/hookahshop.lt\/lv\/wp-json\/wp\/v2\/product\/44731"}],"collection":[{"href":"https:\/\/hookahshop.lt\/lv\/wp-json\/wp\/v2\/product"}],"about":[{"href":"https:\/\/hookahshop.lt\/lv\/wp-json\/wp\/v2\/types\/product"}],"replies":[{"embeddable":true,"href":"https:\/\/hookahshop.lt\/lv\/wp-json\/wp\/v2\/comments?post=44731"}],"version-history":[{"count":7,"href":"https:\/\/hookahshop.lt\/lv\/wp-json\/wp\/v2\/product\/44731\/revisions"}],"predecessor-version":[{"id":45581,"href":"https:\/\/hookahshop.lt\/lv\/wp-json\/wp\/v2\/product\/44731\/revisions\/45581"}],"wp:featuredmedia":[{"embeddable":true,"href":"https:\/\/hookahshop.lt\/lv\/wp-json\/wp\/v2\/media\/44716"}],"wp:attachment":[{"href":"https:\/\/hookahshop.lt\/lv\/wp-json\/wp\/v2\/media?parent=44731"}],"curies":[{"name":"wp","href":"https:\/\/api.w.org\/{rel}","templated":true}]}}