{"id":44779,"date":"2026-01-29T09:35:41","date_gmt":"2026-01-29T07:35:41","guid":{"rendered":"https:\/\/hookahshop.lt\/?post_type=product&#038;p=44779"},"modified":"2026-04-06T23:29:42","modified_gmt":"2026-04-06T20:29:42","slug":"individualus-kaljano-kandiklis-darkside-d-stick-grey","status":"publish","type":"product","link":"https:\/\/hookahshop.lt\/lv\/produkt\/pielagots-udenspipes-iemutnis-darkside-d-stick-peleks\/","title":{"rendered":"Individu\u0101ls \u016bdensp\u012bpes iemutis DARKSIDE D Stick Grey"},"content":{"rendered":"<h2>Individu\u0101ls \u016bdensp\u012bpes iemutis DARKSIDE D Stick Grey<\/h2>\n<p>Pateicoties silikona ieliktnim, der jebkuram \u016bdensp\u012bpes iemutnim, ir v\u0101ci\u0146\u0161. Person\u012bgais iemutnis ar magn\u0113tisko apvalku un \u0161tropi - j\u016bs vienm\u0113r varat n\u0113s\u0101t iemuti l\u012bdzi. Izgatavots no iztur\u012bgiem un piesk\u0101rienam pat\u012bkamiem materi\u0101liem, silikona bl\u012bv\u0113jums der\u0113s jebkuram citam iemutnim.<\/p>\n<p><strong>Specifik\u0101cijas:<\/strong><br \/>\nGarums: 62 mm<br \/>\nDiametrs: 26 mm<br \/>\nMateri\u0101ls: poliacet\u0101ls, silikons.<br \/>\nKr\u0101sa: pel\u0113ka<\/p>\n<p><strong>Apr\u012bkojums:<\/strong><br \/>\nAtsevi\u0161\u0137s iemutnis ar auklu<br \/>\nZ\u012bmola Darside kaste<\/p>\n<p>Vai jums ir k\u0101di jaut\u0101jumi? Sazinies ar mums\u00a0<a href=\"https:\/\/hookahshop.lt\/lv\/kontaktiem\/\">kontaktu lapa<\/a>\u00a0vai rakstiet mums pa e-pastu\u00a0<a href=\"https:\/\/facebook.com\/HookahShop.lt\/\" target=\"_blank\" rel=\"noopener\">Facebook konts<\/a>\u00a0un m\u0113s atbild\u0113sim uz j\u016bsu piepras\u012bjumu taj\u0101 pa\u0161\u0101 dien\u0101.<\/p>","protected":false},"excerpt":{"rendered":"<p>Individualus kaljano kandiklis DARKSIDE D Stick Grey D\u0117l silikoninio intarpo tinka prie bet kurio kaljano kandiklio, turi dangtel\u012f. Asmeninis kandiklis su magnetiniu d\u0117klu ir rai\u0161teliu \u2013 kandikl\u012f visada galite ne\u0161iotis su savimi. Pagaminta i\u0161 patvari\u0173 ir maloni\u0173 liesti med\u017eiag\u0173, o silikoninis sandariklis tiks prie bet kurio kito kandiklio. Specifikacijos: Ilgis: 62mm Skersmuo: 26mm Med\u017eiaga: poliacetalis, [&hellip;]<\/p>","protected":false},"featured_media":44790,"comment_status":"closed","ping_status":"closed","template":"","meta":[],"_links":{"self":[{"href":"https:\/\/hookahshop.lt\/lv\/wp-json\/wp\/v2\/product\/44779"}],"collection":[{"href":"https:\/\/hookahshop.lt\/lv\/wp-json\/wp\/v2\/product"}],"about":[{"href":"https:\/\/hookahshop.lt\/lv\/wp-json\/wp\/v2\/types\/product"}],"replies":[{"embeddable":true,"href":"https:\/\/hookahshop.lt\/lv\/wp-json\/wp\/v2\/comments?post=44779"}],"version-history":[{"count":4,"href":"https:\/\/hookahshop.lt\/lv\/wp-json\/wp\/v2\/product\/44779\/revisions"}],"predecessor-version":[{"id":44817,"href":"https:\/\/hookahshop.lt\/lv\/wp-json\/wp\/v2\/product\/44779\/revisions\/44817"}],"wp:featuredmedia":[{"embeddable":true,"href":"https:\/\/hookahshop.lt\/lv\/wp-json\/wp\/v2\/media\/44790"}],"wp:attachment":[{"href":"https:\/\/hookahshop.lt\/lv\/wp-json\/wp\/v2\/media?parent=44779"}],"curies":[{"name":"wp","href":"https:\/\/api.w.org\/{rel}","templated":true}]}}