{"id":44868,"date":"2026-02-17T12:49:47","date_gmt":"2026-02-17T10:49:47","guid":{"rendered":"https:\/\/hookahshop.lt\/?post_type=product&#038;p=44868"},"modified":"2026-04-21T23:30:33","modified_gmt":"2026-04-21T20:30:33","slug":"kaljanas-darkside-evo-black","status":"publish","type":"product","link":"https:\/\/hookahshop.lt\/lv\/produkt\/udenspipe-darkside-evo-black\/","title":{"rendered":"\u016adensp\u012bpe DARKSIDE EVO Black"},"content":{"rendered":"<h2 data-start=\"0\" data-end=\"403\">\u016adensp\u012bpe DARKSIDE EVO Black<\/h2>\n<p data-start=\"0\" data-end=\"403\">Moderna, iztur\u012bga un eleganti veidota \u016bdensp\u012bpe, kas izgatavota no alum\u012bnija, ner\u016bs\u0113jo\u0161\u0101 t\u0113rauda, plastmasas un silikona. Click sist\u0113ma \u013cauj \u0101tri pievienot \u016bdensp\u012bpi pie stiprin\u0101juma, un magn\u0113tiskais \u0161\u013c\u016btenes savienot\u0101js nodro\u0161ina \u0113rtu lieto\u0161anu. Integr\u0113tais melases sav\u0101c\u0113js uztur to t\u012bru, un no\u0146emamais difuzors \u013cauj izv\u0113l\u0113ties kluso vai klasisko sm\u0113\u0137\u0113\u0161anu.<\/p>\n<p data-start=\"0\" data-end=\"403\"><strong data-start=\"405\" data-end=\"423\">Specifik\u0101cija:<\/strong><br data-start=\"423\" data-end=\"426\" \/>Augstums: ~50,5 cm<br data-start=\"443\" data-end=\"446\" data-is-only-node=\"\" \/>Kr\u0101sa melna<br data-start=\"490\" data-end=\"493\" \/>Materi\u0101li: alum\u012bnijs, ner\u016bs\u0113jo\u0161ais t\u0113rauds, plastmasa, silikons<br data-start=\"557\" data-end=\"560\" \/>Klik\u0161\u0137u sist\u0113ma<br data-start=\"573\" data-end=\"576\" \/>Magn\u0113tisk\u0101s \u0161\u013c\u016btenes savienot\u0101js<br data-start=\"600\" data-end=\"603\" \/>Integr\u0113ts melases sav\u0101c\u0113js<br data-start=\"633\" data-end=\"636\" \/>No\u0146emams difuzors<\/p>\n<p data-start=\"659\" data-end=\"819\" data-is-last-node=\"\" data-is-only-node=\"\"><strong data-start=\"659\" data-end=\"677\">Apr\u012bkojums:<\/strong><br data-start=\"677\" data-end=\"680\" \/>\u016adensp\u012bpe (v\u0101rpsta ar melases sav\u0101c\u0113ju), kolba, \u0161\u013c\u016btene, iemutis, difuzors.<\/p>\n<p data-start=\"659\" data-end=\"819\" data-is-last-node=\"\" data-is-only-node=\"\"><img decoding=\"async\" loading=\"lazy\" class=\"alignnone size-medium wp-image-38520\" src=\"https:\/\/hookahshop.lt\/wp-content\/uploads\/2020\/09\/stiebas-kolba-zarna-kandiklis-1-300x273.jpg\" alt=\"- hookahshop.lt\" width=\"300\" height=\"273\" srcset=\"https:\/\/hookahshop.lt\/wp-content\/uploads\/2020\/09\/stiebas-kolba-zarna-kandiklis-1-300x273.jpg 300w, https:\/\/hookahshop.lt\/wp-content\/uploads\/2020\/09\/stiebas-kolba-zarna-kandiklis-1-13x12.jpg 13w, https:\/\/hookahshop.lt\/wp-content\/uploads\/2020\/09\/stiebas-kolba-zarna-kandiklis-1-64x58.jpg 64w, https:\/\/hookahshop.lt\/wp-content\/uploads\/2020\/09\/stiebas-kolba-zarna-kandiklis-1.jpg 420w\" sizes=\"(max-width: 300px) 100vw, 300px\" title=\"\"><\/p>\n<p data-start=\"659\" data-end=\"819\" data-is-last-node=\"\" data-is-only-node=\"\">Vai jums ir k\u0101di jaut\u0101jumi? Sazinies ar mums\u00a0<a href=\"https:\/\/hookahshop.lt\/lv\/kontaktiem\/\">kontaktu lapa<\/a>\u00a0vai rakstiet mums pa e-pastu\u00a0<a href=\"https:\/\/facebook.com\/HookahShop.lt\/\" target=\"_blank\" rel=\"noopener noreferrer\">Facebook konts<\/a>\u00a0un m\u0113s atbild\u0113sim uz j\u016bsu piepras\u012bjumu taj\u0101 pa\u0161\u0101 dien\u0101.<\/p>","protected":false},"excerpt":{"rendered":"<p>Kaljanas DARKSIDE EVO Black Modernus, tvirtas ir eleganti\u0161ko dizaino kaljanas, pagamintas i\u0161 aliuminio, ner\u016bdijan\u010dio plieno, plastiko ir silikono. Click sistema leid\u017eia greitai sujungti kolb\u0105 su \u0161achta, o magnetin\u0117 \u017earnos jungtis u\u017etikrina patog\u0173 naudojim\u0105. Integruotas melasos surink\u0117jas palaiko \u0161var\u0105, o nuimamas difuzorius leid\u017eia pasirinkti tyl\u0173 arba klasikin\u012f r\u016bkym\u0105. Specifikacija:Auk\u0161tis: ~50,5 cmSpalva: juodaMed\u017eiagos: aliuminis, ner\u016bdijantis plienas, plastikas, [&hellip;]<\/p>","protected":false},"featured_media":44873,"comment_status":"closed","ping_status":"closed","template":"","meta":[],"_links":{"self":[{"href":"https:\/\/hookahshop.lt\/lv\/wp-json\/wp\/v2\/product\/44868"}],"collection":[{"href":"https:\/\/hookahshop.lt\/lv\/wp-json\/wp\/v2\/product"}],"about":[{"href":"https:\/\/hookahshop.lt\/lv\/wp-json\/wp\/v2\/types\/product"}],"replies":[{"embeddable":true,"href":"https:\/\/hookahshop.lt\/lv\/wp-json\/wp\/v2\/comments?post=44868"}],"version-history":[{"count":4,"href":"https:\/\/hookahshop.lt\/lv\/wp-json\/wp\/v2\/product\/44868\/revisions"}],"predecessor-version":[{"id":45736,"href":"https:\/\/hookahshop.lt\/lv\/wp-json\/wp\/v2\/product\/44868\/revisions\/45736"}],"wp:featuredmedia":[{"embeddable":true,"href":"https:\/\/hookahshop.lt\/lv\/wp-json\/wp\/v2\/media\/44873"}],"wp:attachment":[{"href":"https:\/\/hookahshop.lt\/lv\/wp-json\/wp\/v2\/media?parent=44868"}],"curies":[{"name":"wp","href":"https:\/\/api.w.org\/{rel}","templated":true}]}}