{"id":44887,"date":"2026-02-17T12:47:13","date_gmt":"2026-02-17T10:47:13","guid":{"rendered":"https:\/\/hookahshop.lt\/?post_type=product&#038;p=44887"},"modified":"2026-04-21T23:30:33","modified_gmt":"2026-04-21T20:30:33","slug":"kaljanas-darkside-neo-black","status":"publish","type":"product","link":"https:\/\/hookahshop.lt\/lv\/produkt\/udenspipe-darkside-neo-black\/","title":{"rendered":"\u016adensp\u012bpe DARKSIDE NEO Black"},"content":{"rendered":"<h2 data-start=\"0\" data-end=\"340\">\u016adensp\u012bpe DARKSIDE NEO Black<\/h2>\n<p data-start=\"0\" data-end=\"340\">Minim\u0101listiska \u016bdensp\u012bpe, kas rad\u012bta \u0113rtai ikdienas lieto\u0161anai. Vertik\u0101l\u0101 d\u016bmu izvades sist\u0113ma un klasisk\u0101 vilkme nodro\u0161ina pat\u012bkamu sm\u0113\u0137\u0113\u0161anu, savuk\u0101rt magn\u0113tisk\u0101 \u0161\u013c\u016btenes savieno\u0161ana nodro\u0161ina dro\u0161\u012bbu un \u0113rt\u012bbas. Pateicoties univers\u0101lajam v\u0101rpstas stiprin\u0101jumam un kompaktajam 30 cm augstumam, \u016bdensp\u012bpi ir viegli salikt un uztur\u0113t.<\/p>\n<p data-start=\"342\" data-end=\"552\"><strong data-start=\"342\" data-end=\"360\">Specifik\u0101cija:<\/strong><br data-start=\"360\" data-end=\"363\" \/>Augstums: 30 cm<br \/>\nKr\u0101sa melna<br \/>\nMateri\u0101li: alum\u012bnijs, ner\u016bs\u0113jo\u0161ais t\u0113rauds, plastmasa, silikons<br \/>\nMagn\u0113tisk\u0101s \u0161\u013c\u016btenes savienot\u0101js<\/p>\n<p data-start=\"554\" data-end=\"657\"><strong data-start=\"554\" data-end=\"572\">Apr\u012bkojums:<\/strong><br data-start=\"572\" data-end=\"575\" \/>\u016adensp\u012bpe (v\u0101rpsta), \u0161\u0137\u012bvis, \u0161\u013c\u016btene, iemuti.<\/p>\n<p data-start=\"554\" data-end=\"657\"><img decoding=\"async\" loading=\"lazy\" class=\"alignnone size-medium wp-image-38521\" src=\"https:\/\/hookahshop.lt\/wp-content\/uploads\/2020\/09\/stiebas-zarna-kandiklis-1-300x273.jpg\" alt=\"- hookahshop.lt\" width=\"300\" height=\"273\" srcset=\"https:\/\/hookahshop.lt\/wp-content\/uploads\/2020\/09\/stiebas-zarna-kandiklis-1-300x273.jpg 300w, https:\/\/hookahshop.lt\/wp-content\/uploads\/2020\/09\/stiebas-zarna-kandiklis-1-13x12.jpg 13w, https:\/\/hookahshop.lt\/wp-content\/uploads\/2020\/09\/stiebas-zarna-kandiklis-1-64x58.jpg 64w, https:\/\/hookahshop.lt\/wp-content\/uploads\/2020\/09\/stiebas-zarna-kandiklis-1.jpg 420w\" sizes=\"(max-width: 300px) 100vw, 300px\" title=\"\"><\/p>\n<p data-start=\"554\" data-end=\"657\">Vai jums ir k\u0101di jaut\u0101jumi? Sazinies ar mums\u00a0<a href=\"https:\/\/hookahshop.lt\/lv\/kontaktiem\/\">kontaktu lapa<\/a>\u00a0vai rakstiet mums pa e-pastu\u00a0<a href=\"https:\/\/facebook.com\/HookahShop.lt\/\" target=\"_blank\" rel=\"noopener noreferrer\">Facebook konts<\/a>\u00a0un m\u0113s atbild\u0113sim uz j\u016bsu piepras\u012bjumu taj\u0101 pa\u0161\u0101 dien\u0101.<\/p>","protected":false},"excerpt":{"rendered":"<p>Kaljanas DARKSIDE NEO Black Minimalistinio dizaino kaljanas, sukurtas patogiam kasdieniam naudojimui. Vertikali d\u016bmo i\u0161leidimo sistema ir klasikinis traukimas u\u017etikrina malon\u0173 r\u016bkym\u0105, o magnetin\u0117 \u017earnos jungtis suteikia saugum\u0105 ir patogum\u0105. D\u0117l universalaus \u0161achtos tvirtinimo ir kompakti\u0161ko 30 cm auk\u0161\u010dio kaljanas lengvai surenkamas ir pri\u017ei\u016brimas. Specifikacija:Auk\u0161tis: 30 cm Spalva: juoda Med\u017eiagos: aliuminis, ner\u016bdijantis plienas, plastikas, silikonas Magnetin\u0117 [&hellip;]<\/p>","protected":false},"featured_media":44870,"comment_status":"closed","ping_status":"closed","template":"","meta":[],"_links":{"self":[{"href":"https:\/\/hookahshop.lt\/lv\/wp-json\/wp\/v2\/product\/44887"}],"collection":[{"href":"https:\/\/hookahshop.lt\/lv\/wp-json\/wp\/v2\/product"}],"about":[{"href":"https:\/\/hookahshop.lt\/lv\/wp-json\/wp\/v2\/types\/product"}],"replies":[{"embeddable":true,"href":"https:\/\/hookahshop.lt\/lv\/wp-json\/wp\/v2\/comments?post=44887"}],"version-history":[{"count":3,"href":"https:\/\/hookahshop.lt\/lv\/wp-json\/wp\/v2\/product\/44887\/revisions"}],"predecessor-version":[{"id":44981,"href":"https:\/\/hookahshop.lt\/lv\/wp-json\/wp\/v2\/product\/44887\/revisions\/44981"}],"wp:featuredmedia":[{"embeddable":true,"href":"https:\/\/hookahshop.lt\/lv\/wp-json\/wp\/v2\/media\/44870"}],"wp:attachment":[{"href":"https:\/\/hookahshop.lt\/lv\/wp-json\/wp\/v2\/media?parent=44887"}],"curies":[{"name":"wp","href":"https:\/\/api.w.org\/{rel}","templated":true}]}}