{"id":44910,"date":"2026-02-17T12:51:02","date_gmt":"2026-02-17T10:51:02","guid":{"rendered":"https:\/\/hookahshop.lt\/?post_type=product&#038;p=44910"},"modified":"2026-04-21T23:30:33","modified_gmt":"2026-04-21T20:30:33","slug":"kaljano-kandiklis-darkside-d-stick-base","status":"publish","type":"product","link":"https:\/\/hookahshop.lt\/lv\/produkt\/udenspipes-iemutnis-darkside-d-stick-pamatne\/","title":{"rendered":"Individu\u0101ls \u016bdensp\u012bpes iemutis DARKSIDE D Stick Base"},"content":{"rendered":"<h2 data-start=\"0\" data-end=\"272\">Individu\u0101ls \u016bdensp\u012bpes iemutis DARKSIDE D Stick Base<\/h2>\n<p data-start=\"0\" data-end=\"272\">Person\u012bgais \u016bdensp\u012bpes iemutis ar aukli\u0146u t\u012br\u0101kai un \u0113rt\u0101kai sm\u0113\u0137\u0113\u0161anai. Ergonomisk\u0101 forma \u0113rti iegu\u013c rok\u0101, un univers\u0101lais savienot\u0101js ir sader\u012bgs ar liel\u0101ko da\u013cu moderno iemutu. Aukli\u0146a \u013cauj \u0113rti n\u0113s\u0101t iemuti starp ieelp\u0101m.<\/p>\n<p data-start=\"274\" data-end=\"429\"><strong data-start=\"274\" data-end=\"292\">Specifik\u0101cija:<\/strong><br data-start=\"292\" data-end=\"295\" \/>Materi\u0101ls: polim\u0113rs<br data-start=\"314\" data-end=\"317\" data-is-only-node=\"\" \/>Vads: poliesters<br data-start=\"337\" data-end=\"340\" \/>Kr\u0101sa melna<br data-start=\"393\" data-end=\"396\" \/>Viegli mazg\u0101jams un atk\u0101rtoti lietojams<\/p>\n<p data-start=\"431\" data-end=\"513\" data-is-last-node=\"\" data-is-only-node=\"\">Vai jums ir k\u0101di jaut\u0101jumi? Sazinies ar mums\u00a0<a href=\"https:\/\/hookahshop.lt\/lv\/kontaktiem\/\">kontaktu lapa<\/a>\u00a0vai rakstiet mums pa e-pastu\u00a0<a href=\"https:\/\/facebook.com\/HookahShop.lt\/\" target=\"_blank\" rel=\"noopener noreferrer\">Facebook konts<\/a>\u00a0un m\u0113s atbild\u0113sim uz j\u016bsu piepras\u012bjumu taj\u0101 pa\u0161\u0101 dien\u0101.<\/p>","protected":false},"excerpt":{"rendered":"<p>Individualus kaljano kandiklis DARKSIDE D Stick Base Asmeninis kaljano kandiklio antgalis su virvele, skirtas \u0161varesniam ir patogesniam r\u016bkymui. Ergonomi\u0161ka forma patogiai laikosi rankoje, o universali jungtis tinka daugumai \u0161iuolaikini\u0173 kandikli\u0173. Virvel\u0117 leid\u017eia patogiai ne\u0161iotis tarp traukim\u0173. Specifikacija:Med\u017eiaga: polimerasVirvel\u0117: poliesterisSpalva: juodaLengvai plaunamas ir daugkartinis Turite klausim\u0173? Susisiekite su mumis\u00a0kontakt\u0173 puslapyje\u00a0arba para\u0161ykite mums \u012f\u00a0Facebook paskyr\u0105\u00a0ir atsakysime \u012f [&hellip;]<\/p>","protected":false},"featured_media":44882,"comment_status":"closed","ping_status":"closed","template":"","meta":[],"_links":{"self":[{"href":"https:\/\/hookahshop.lt\/lv\/wp-json\/wp\/v2\/product\/44910"}],"collection":[{"href":"https:\/\/hookahshop.lt\/lv\/wp-json\/wp\/v2\/product"}],"about":[{"href":"https:\/\/hookahshop.lt\/lv\/wp-json\/wp\/v2\/types\/product"}],"replies":[{"embeddable":true,"href":"https:\/\/hookahshop.lt\/lv\/wp-json\/wp\/v2\/comments?post=44910"}],"version-history":[{"count":2,"href":"https:\/\/hookahshop.lt\/lv\/wp-json\/wp\/v2\/product\/44910\/revisions"}],"predecessor-version":[{"id":44984,"href":"https:\/\/hookahshop.lt\/lv\/wp-json\/wp\/v2\/product\/44910\/revisions\/44984"}],"wp:featuredmedia":[{"embeddable":true,"href":"https:\/\/hookahshop.lt\/lv\/wp-json\/wp\/v2\/media\/44882"}],"wp:attachment":[{"href":"https:\/\/hookahshop.lt\/lv\/wp-json\/wp\/v2\/media?parent=44910"}],"curies":[{"name":"wp","href":"https:\/\/api.w.org\/{rel}","templated":true}]}}