{"id":44990,"date":"2026-02-17T13:16:04","date_gmt":"2026-02-17T11:16:04","guid":{"rendered":"https:\/\/hookahshop.lt\/?post_type=product&#038;p=44990"},"modified":"2026-04-21T23:30:33","modified_gmt":"2026-04-21T20:30:33","slug":"apsauginis-sietelis-kaljanui-darkside-d-fender","status":"publish","type":"product","link":"https:\/\/hookahshop.lt\/lv\/produkt\/aizsargstikls-udenspipei-darkside-d-fender\/","title":{"rendered":"Aizsargsiets \u016bdensp\u012bpei DARKSIDE D-Fender"},"content":{"rendered":"<h2 data-start=\"0\" data-end=\"277\">Aizsargsiets \u016bdensp\u012bpei DARKSIDE D-Fender<\/h2>\n<p data-start=\"0\" data-end=\"277\">Atjaunin\u0101ts og\u013cu aizsargs samazina og\u013cu izkri\u0161anas risku un pal\u012bdz aizsarg\u0101t pret apdegumiem. Viegl\u0101ks, minim\u0101listisks dizains ar izliekt\u0101m mal\u0101m nodro\u0161ina dro\u0161\u0101ku lieto\u0161anu. Der liel\u0101kajai da\u013cai \u016bdensp\u012bpju un neietekm\u0113 karstumu.<\/p>\n<p data-start=\"279\" data-end=\"392\"><strong data-start=\"279\" data-end=\"297\">Specifik\u0101cija:<\/strong><br data-start=\"297\" data-end=\"300\" \/>Materi\u0101ls: ner\u016bs\u0113jo\u0161ais t\u0113rauds<br data-start=\"330\" data-end=\"333\" data-is-only-node=\"\" \/>Karstumiztur\u012bgs p\u0101rkl\u0101jums<br data-start=\"355\" data-end=\"358\" \/>Diametrs: 11 cm<br data-start=\"373\" data-end=\"376\" \/>Augstums: 23 cm<\/p>\n<p data-start=\"659\" data-end=\"819\" data-is-last-node=\"\" data-is-only-node=\"\">Vai jums ir k\u0101di jaut\u0101jumi? Sazinies ar mums\u00a0<a href=\"https:\/\/hookahshop.lt\/lv\/kontaktiem\/\">kontaktu lapa<\/a>\u00a0vai rakstiet mums pa e-pastu\u00a0<a href=\"https:\/\/facebook.com\/HookahShop.lt\/\" target=\"_blank\" rel=\"noopener noreferrer\">Facebook konts<\/a>\u00a0un m\u0113s atbild\u0113sim uz j\u016bsu piepras\u012bjumu taj\u0101 pa\u0161\u0101 dien\u0101.<\/p>","protected":false},"excerpt":{"rendered":"<p>Apsauginis sietelis kaljanui DARKSIDE D-Fender Atnaujintas apsauginis angli\u0173 gaubtas, ma\u017einantis angli\u0173 i\u0161kritimo rizik\u0105 ir padedantis apsisaugoti nuo nudegim\u0173. Lengvesn\u0117, minimalistin\u0117 konstrukcija su u\u017elenktais kra\u0161tais u\u017etikrina saugesn\u012f naudojim\u0105. Tinka daugumai kaljan\u0173 ir neturi \u012ftakos kaitrai. Specifikacija:Med\u017eiaga: ner\u016bdijantis plienasKar\u0161\u010diui atspari dangaSkersmuo: 11 cmAuk\u0161tis: 23 cm Turite klausim\u0173? Susisiekite su mumis\u00a0kontakt\u0173 puslapyje\u00a0arba para\u0161ykite mums \u012f\u00a0Facebook paskyr\u0105\u00a0ir atsakysime \u012f [&hellip;]<\/p>","protected":false},"featured_media":44880,"comment_status":"closed","ping_status":"closed","template":"","meta":[],"_links":{"self":[{"href":"https:\/\/hookahshop.lt\/lv\/wp-json\/wp\/v2\/product\/44990"}],"collection":[{"href":"https:\/\/hookahshop.lt\/lv\/wp-json\/wp\/v2\/product"}],"about":[{"href":"https:\/\/hookahshop.lt\/lv\/wp-json\/wp\/v2\/types\/product"}],"replies":[{"embeddable":true,"href":"https:\/\/hookahshop.lt\/lv\/wp-json\/wp\/v2\/comments?post=44990"}],"version-history":[{"count":3,"href":"https:\/\/hookahshop.lt\/lv\/wp-json\/wp\/v2\/product\/44990\/revisions"}],"predecessor-version":[{"id":44994,"href":"https:\/\/hookahshop.lt\/lv\/wp-json\/wp\/v2\/product\/44990\/revisions\/44994"}],"wp:featuredmedia":[{"embeddable":true,"href":"https:\/\/hookahshop.lt\/lv\/wp-json\/wp\/v2\/media\/44880"}],"wp:attachment":[{"href":"https:\/\/hookahshop.lt\/lv\/wp-json\/wp\/v2\/media?parent=44990"}],"curies":[{"name":"wp","href":"https:\/\/api.w.org\/{rel}","templated":true}]}}