{"id":45223,"date":"2026-02-24T14:54:14","date_gmt":"2026-02-24T12:54:14","guid":{"rendered":"https:\/\/hookahshop.lt\/?post_type=product&#038;p=45223"},"modified":"2026-04-08T13:50:19","modified_gmt":"2026-04-08T10:50:19","slug":"apatine-dalis-karscio-kamerai-xkah-pro","status":"publish","type":"product","link":"https:\/\/hookahshop.lt\/lv\/produkt\/xkah-pro-karstas-kameras-apakseja-dala\/","title":{"rendered":"XKAH Pro graf\u012bta siltuma kameras apak\u0161\u0113j\u0101 da\u013ca"},"content":{"rendered":"<h2 data-start=\"0\" data-end=\"65\">XKAH Pro graf\u012bta siltuma kameras apak\u0161\u0113j\u0101 da\u013ca<\/h2>\n<p data-start=\"0\" data-end=\"65\">XKAH Pro graf\u012bta siltuma kameras apak\u0161\u0113j\u0101 da\u013ca ir ori\u0123in\u0101la rezerves da\u013ca, kas paredz\u0113ta boj\u0101tas vai nolietotas ier\u012bces apak\u0161\u0113j\u0101s da\u013cas nomai\u0146ai. Ja j\u016bsu XKAH Pro apak\u0161\u0113j\u0101 da\u013ca ir boj\u0101ta, \u0161\u012b rezerves da\u013ca \u013caus jums \u0101tri un vienk\u0101r\u0161i atjaunot ier\u012bces pilnu funkcionalit\u0101ti, neieg\u0101d\u0101joties jaunu ier\u012bci.<\/p>\n<p data-start=\"544\" data-end=\"634\">\u0160is ir ekonomisks un praktisks risin\u0101jums, kas nodro\u0161ina ier\u012bces ilg\u0101ku kalpo\u0161anas laiku.<\/p>\n<p data-start=\"67\" data-end=\"166\"><strong data-start=\"67\" data-end=\"79\">Specifik\u0101cija:<\/strong><br data-start=\"88\" data-end=\"91\" \/>Da\u013ca<strong data-start=\"91\" data-end=\"101\">:<\/strong> Apak\u0161\u0113j\u0101 da\u013ca (apak\u0161\u0113j\u0101 sekcija)<br data-start=\"133\" data-end=\"136\" \/>Kr\u0101sa<strong data-start=\"136\" data-end=\"147\">:<\/strong> Graf\u012bts<\/p>\n<p data-start=\"67\" data-end=\"166\">Vai jums ir k\u0101di jaut\u0101jumi? Sazinies ar mums\u00a0<a href=\"https:\/\/hookahshop.lt\/lv\/kontaktiem\/\">kontaktu lapa<\/a>\u00a0vai rakstiet mums pa e-pastu\u00a0<a href=\"https:\/\/facebook.com\/HookahShop.lt\/\" target=\"_blank\" rel=\"noopener noreferrer\">Facebook konts<\/a>\u00a0un m\u0113s atbild\u0113sim uz j\u016bsu piepras\u012bjumu taj\u0101 pa\u0161\u0101 dien\u0101.<\/p>","protected":false},"excerpt":{"rendered":"<p>Apatin\u0117 dalis kar\u0161\u010dio kamerai XKAH Pro Graphite Apatin\u0117 dalis kar\u0161\u010dio kamerai XKAH Pro Graphite \u2013 tai originali kei\u010diama detal\u0117, skirta pa\u017eeistai arba susid\u0117v\u0117jusiai apatinei \u012frenginio sekcijai pakeisti. Jei j\u016bs\u0173 XKAH Pro apatin\u0117 dalis buvo pa\u017eeista, \u0161i atsargin\u0117 dalis leis greitai ir paprastai atkurti piln\u0105 \u012frenginio funkcionalum\u0105, neperkant naujo \u012frenginio. Tai ekonomi\u0161kas ir prakti\u0161kas sprendimas, u\u017etikrinantis [&hellip;]<\/p>","protected":false},"featured_media":45224,"comment_status":"closed","ping_status":"closed","template":"","meta":[],"_links":{"self":[{"href":"https:\/\/hookahshop.lt\/lv\/wp-json\/wp\/v2\/product\/45223"}],"collection":[{"href":"https:\/\/hookahshop.lt\/lv\/wp-json\/wp\/v2\/product"}],"about":[{"href":"https:\/\/hookahshop.lt\/lv\/wp-json\/wp\/v2\/types\/product"}],"replies":[{"embeddable":true,"href":"https:\/\/hookahshop.lt\/lv\/wp-json\/wp\/v2\/comments?post=45223"}],"version-history":[{"count":6,"href":"https:\/\/hookahshop.lt\/lv\/wp-json\/wp\/v2\/product\/45223\/revisions"}],"predecessor-version":[{"id":45240,"href":"https:\/\/hookahshop.lt\/lv\/wp-json\/wp\/v2\/product\/45223\/revisions\/45240"}],"wp:featuredmedia":[{"embeddable":true,"href":"https:\/\/hookahshop.lt\/lv\/wp-json\/wp\/v2\/media\/45224"}],"wp:attachment":[{"href":"https:\/\/hookahshop.lt\/lv\/wp-json\/wp\/v2\/media?parent=45223"}],"curies":[{"name":"wp","href":"https:\/\/api.w.org\/{rel}","templated":true}]}}