{"id":45500,"date":"2026-03-31T15:08:13","date_gmt":"2026-03-31T12:08:13","guid":{"rendered":"https:\/\/hookahshop.lt\/?post_type=product&#038;p=45500"},"modified":"2026-04-20T23:29:44","modified_gmt":"2026-04-20T20:29:44","slug":"kaljanas-aladin-alux-captain-shiny-black","status":"publish","type":"product","link":"https:\/\/hookahshop.lt\/lv\/produkt\/udenspipe-aladin-alux-captain-shiny-black\/","title":{"rendered":"\u016adensp\u012bpe ALADIN Alux Captain Shiny Black"},"content":{"rendered":"<h2>\u016adensp\u012bpe ALADIN Alux Captain Shiny Black<\/h2>\n<p>Pateicoties t\u0101 kompaktajam izm\u0113ram (izv\u0113l\u0113ts), tas ir ide\u0101ls ce\u013cojumu biedrs tiem, kas v\u0113las ieg\u016bt kvalitat\u012bvu produktu, atrodoties ce\u013c\u0101.<\/p>\n<p><strong>Specifik\u0101cija:<\/strong><sub><br \/>\n<\/sub>Augstums: 50cm<sub><br \/>\n<\/sub>Materi\u0101ls (\u0101r\u0113js): anod\u0113ts alum\u012bnijs<sub><br \/>\n<\/sub>Materi\u0101ls (iek\u0161\u0113jais): ner\u016bs\u0113jo\u0161ais t\u0113rauds (stabu apak\u0161da\u013ca saskaras ar \u016bdeni)<sub><br \/>\n<\/sub>Kolba: ar v\u012btni, kas savieno kolbu un \u016bdensp\u012bpes k\u0101tu ar 360 gr\u0101du rot\u0101ciju.<br \/>\nVilce: smaga (klasiska)<br \/>\nDifuzors: nav<\/p>\n<p><strong>Komplekt\u0101 ietilpst:<\/strong><br \/>\n- \u016bdensp\u012bpe,<br \/>\n- v\u012bt\u0146ota kolba,<br \/>\n- knaibles,<br \/>\n- Silikona \u0161\u013c\u016btene (m\u012bksts piesk\u0101riens) ar sprausl\u0101m<br \/>\n- Kauss<br \/>\n\u2013 Skurstenis.<\/p>\n<p><img decoding=\"async\" loading=\"lazy\" class=\"alignnone size-medium wp-image-38491 webpexpress-processed\" title=\"\u016adensp\u012bpe ALADIN Alux Admiral Silver 1\" src=\"https:\/\/hookahshop.lt\/wp-content\/uploads\/2021\/02\/aladinu-komplektacija-300x273.jpg\" alt=\"Aladdin komplekts - hookahshop.lt\" width=\"300\" height=\"273\" srcset=\"https:\/\/hookahshop.lt\/wp-content\/uploads\/2021\/02\/aladinu-komplektacija-300x273.jpg 300w, https:\/\/hookahshop.lt\/wp-content\/uploads\/2021\/02\/aladinu-komplektacija-13x12.jpg 13w, https:\/\/hookahshop.lt\/wp-content\/uploads\/2021\/02\/aladinu-komplektacija-64x58.jpg 64w, https:\/\/hookahshop.lt\/wp-content\/uploads\/2021\/02\/aladinu-komplektacija.jpg 420w\" sizes=\"(max-width: 300px) 100vw, 300px\" \/><\/p>\n<p>Vai jums ir k\u0101di jaut\u0101jumi? Sazinies ar mums\u00a0<a href=\"https:\/\/hookahshop.lt\/lv\/kontaktiem\/\">kontaktu lapa<\/a>\u00a0vai rakstiet mums pa e-pastu\u00a0<a href=\"https:\/\/facebook.com\/HookahShop.lt\/\" target=\"_blank\" rel=\"noopener\">Facebook konts<\/a>\u00a0un m\u0113s atbild\u0113sim uz j\u016bsu piepras\u012bjumu taj\u0101 pa\u0161\u0101 dien\u0101.<\/p>","protected":false},"excerpt":{"rendered":"<p>Kaljanas ALADIN Alux Captain Shiny Black Kompakti\u0161ko dyd\u017eio d\u0117ka (i\u0161rinktas) jis yra idealus kelion\u0117s kompanionas tiems, kurie nori tur\u0117ti kokybi\u0161k\u0105 produkt\u0105 kelyje. Specifikacija: Auk\u0161tis: 50cm Med\u017eiaga (i\u0161or\u0117s): anoduotas aliuminis Med\u017eiaga (vidaus): ner\u016bdyjan\u010dio plieno (Stiebo apatin\u0117 dalis kuri lie\u010diasi su vandeniu) Kolba: su sriegiu, kuri sujungia kolba ir kaljano \u0161acht\u0105 360 pasukimu. Trauka: sunki (klasikin\u0117) Difuzorius: [&hellip;]<\/p>","protected":false},"featured_media":45501,"comment_status":"closed","ping_status":"closed","template":"","meta":[],"_links":{"self":[{"href":"https:\/\/hookahshop.lt\/lv\/wp-json\/wp\/v2\/product\/45500"}],"collection":[{"href":"https:\/\/hookahshop.lt\/lv\/wp-json\/wp\/v2\/product"}],"about":[{"href":"https:\/\/hookahshop.lt\/lv\/wp-json\/wp\/v2\/types\/product"}],"replies":[{"embeddable":true,"href":"https:\/\/hookahshop.lt\/lv\/wp-json\/wp\/v2\/comments?post=45500"}],"version-history":[{"count":3,"href":"https:\/\/hookahshop.lt\/lv\/wp-json\/wp\/v2\/product\/45500\/revisions"}],"predecessor-version":[{"id":45771,"href":"https:\/\/hookahshop.lt\/lv\/wp-json\/wp\/v2\/product\/45500\/revisions\/45771"}],"wp:featuredmedia":[{"embeddable":true,"href":"https:\/\/hookahshop.lt\/lv\/wp-json\/wp\/v2\/media\/45501"}],"wp:attachment":[{"href":"https:\/\/hookahshop.lt\/lv\/wp-json\/wp\/v2\/media?parent=45500"}],"curies":[{"name":"wp","href":"https:\/\/api.w.org\/{rel}","templated":true}]}}