{"id":45550,"date":"2026-04-01T13:38:04","date_gmt":"2026-04-01T10:38:04","guid":{"rendered":"https:\/\/hookahshop.lt\/?post_type=product&#038;p=45550"},"modified":"2026-04-26T23:30:23","modified_gmt":"2026-04-26T20:30:23","slug":"kaitlente-kaljano-anglims-smoke2u-500w","status":"publish","type":"product","link":"https:\/\/hookahshop.lt\/lv\/produkt\/udenspipe-oglu-plits-karsesanas-plits-smoke2u-500w\/","title":{"rendered":"\u016adensp\u012bpes og\u013cu sildri\u0146\u0137is SMOKE2U 500W"},"content":{"rendered":"<h2>\u016adensp\u012bpes og\u013cu sildri\u0146\u0137is SMOKE2U 500W<\/h2>\n<div class=\"product_inf_options_box_odd_row_val\">\u0160is ir neliels sildri\u0146\u0137is dab\u012bgo kokosriekstu og\u013cu kars\u0113\u0161anai. Ogles dro\u0161i atrad\u012bsies uz og\u013cu re\u017e\u0123a un pasarg\u0101s sildelementu. Tas nodro\u0161ina og\u013cu \u0161\u0137iltavas kalpo\u0161anas laiku.<\/div>\n<div><\/div>\n<div class=\"product_inf_options_box_odd_row_val\"><strong>Specifik\u0101cija:<\/strong><br \/>\nIetilp\u012bba: l\u012bdz 4 \u016bdensp\u012bpes ogl\u0113m (26x26x26mm)<br \/>\nJauda: 500W<br \/>\nStr\u0101vas vads: 1 m.<br \/>\nSpriegums: 230V ~ 50Hz<\/div>\n<div class=\"product_inf_options_box_odd_row_val\">Temperat\u016bra: regul\u0113jama<br \/>\nDro\u0161\u012bba: Aizsardz\u012bba pret p\u0101rkar\u0161anu, CE p\u0101rbaud\u012bta<\/p>\n<div>Og\u013cu sild\u012b\u0161anas laiks: ~10min.<\/div>\n<div><\/div>\n<div>Vai jums ir k\u0101di jaut\u0101jumi? Sazinies ar mums\u00a0<a href=\"https:\/\/hookahshop.lt\/lv\/kontaktiem\/\">kontaktu lapa<\/a>\u00a0vai rakstiet mums pa e-pastu\u00a0<a href=\"https:\/\/facebook.com\/HookahShop.lt\/\" target=\"_blank\" rel=\"noopener noreferrer\">Facebook konts<\/a>\u00a0un m\u0113s atbild\u0113sim uz j\u016bsu piepras\u012bjumu taj\u0101 pa\u0161\u0101 dien\u0101.<\/div>\n<\/div>","protected":false},"excerpt":{"rendered":"<p>Kaitlent\u0117 kaljano anglims SMOKE2U 500W Tai ma\u017ea kaitlent\u0117, skirta \u012fkaitinti nat\u016bralias kokoso anglis. Anglys saugiai gul\u0117s ant anglies groteli\u0173 ir apsaugos \u0161ildymo element\u0105. Tai u\u017etikrina anglies \u017eiebtuv\u0117lio tarnavimo laik\u0105. Specifikacija: Talpa: iki 4 kaljano angli\u0173 (26x26x26mm) Galia: 500W Maitinimo laidas: 1 m. \u012etampa: 230V ~ 50Hz Temperat\u016bra: reguliuojama Sauga: Apsauga nuo perkaitimo, CE patikrinta Angli\u0173 [&hellip;]<\/p>","protected":false},"featured_media":45551,"comment_status":"closed","ping_status":"closed","template":"","meta":[],"_links":{"self":[{"href":"https:\/\/hookahshop.lt\/lv\/wp-json\/wp\/v2\/product\/45550"}],"collection":[{"href":"https:\/\/hookahshop.lt\/lv\/wp-json\/wp\/v2\/product"}],"about":[{"href":"https:\/\/hookahshop.lt\/lv\/wp-json\/wp\/v2\/types\/product"}],"replies":[{"embeddable":true,"href":"https:\/\/hookahshop.lt\/lv\/wp-json\/wp\/v2\/comments?post=45550"}],"version-history":[{"count":4,"href":"https:\/\/hookahshop.lt\/lv\/wp-json\/wp\/v2\/product\/45550\/revisions"}],"predecessor-version":[{"id":45559,"href":"https:\/\/hookahshop.lt\/lv\/wp-json\/wp\/v2\/product\/45550\/revisions\/45559"}],"wp:featuredmedia":[{"embeddable":true,"href":"https:\/\/hookahshop.lt\/lv\/wp-json\/wp\/v2\/media\/45551"}],"wp:attachment":[{"href":"https:\/\/hookahshop.lt\/lv\/wp-json\/wp\/v2\/media?parent=45550"}],"curies":[{"name":"wp","href":"https:\/\/api.w.org\/{rel}","templated":true}]}}