{"id":45849,"date":"2026-04-29T10:23:08","date_gmt":"2026-04-29T07:23:08","guid":{"rendered":"https:\/\/hookahshop.lt\/?post_type=product&#038;p=45849"},"modified":"2026-05-01T23:30:30","modified_gmt":"2026-05-01T20:30:30","slug":"kaljanas-el-bomber-off-road-4x4","status":"publish","type":"product","link":"https:\/\/hookahshop.lt\/lv\/produkt\/udenspipes-el-bomber-bezcela-4x4\/","title":{"rendered":"Kaljanas EL BOMBER Off Road 4&#215;4"},"content":{"rendered":"<h2 align=\"left\">Kaljanas EL BOMBER Off Road 4&#215;4<\/h2>\n<p align=\"left\">Ekskluz\u012bva, nestandarta formas ner\u016bs\u0113jo\u0161\u0101 t\u0113rauda \u016bdensp\u012bpe sac\u012bk\u0161u un automa\u0161\u012bnu cien\u012bt\u0101jiem.<\/p>\n<p><strong>Apr\u012bkojums:<\/strong><br \/>\nKaljanas: ~48cm (\u0161achta, l\u0117k\u0161t\u0117)<br \/>\nMutes uzgalis (ner\u016bs\u0113jo\u0161ais t\u0113rauds)<br \/>\nSavienot\u0101js (magn\u0113tisks)<br \/>\nBl\u012bves<br \/>\nSilikona \u0161\u013c\u016btene<br \/>\nIzklied\u0113t\u0101js<\/p>\n<p><strong>Specifik\u0101cija:<\/strong><\/p>\n<div data-xpm-copy-root=\"\"><img decoding=\"async\" role=\"presentation\" src=\"image\/gif;base64,R0lGODlhAQABAIAAAP\/\/\/wAAACH5BAEAAAAALAAAAAABAAEAAAICRAEAOw==\" aria-hidden=\"true\" data-xpm-latex=\"\\sim \" data-csiid=\"l87xaYe1GYC5wPAPwfidMA_26\" data-atf=\"4\" alt=\"- hookahshop.lt\" title=\"\"><\/div>\n<p>Auk\u0161tis: ~48cm (nuo tarpin\u0117s iki difuzoriaus)<br \/>\nDifuzorius: Reguliuojamas<br \/>\nMed\u017eiagos: Ner\u016bdijantis plienas, aliuminis, plastikas, poliacetalas.<\/p>\n<p><img decoding=\"async\" loading=\"lazy\" class=\"alignnone size-medium wp-image-38521\" src=\"https:\/\/hookahshop.lt\/wp-content\/uploads\/2020\/09\/stiebas-zarna-kandiklis-1-300x273.jpg\" alt=\"- hookahshop.lt\" width=\"300\" height=\"273\" srcset=\"https:\/\/hookahshop.lt\/wp-content\/uploads\/2020\/09\/stiebas-zarna-kandiklis-1-300x273.jpg 300w, https:\/\/hookahshop.lt\/wp-content\/uploads\/2020\/09\/stiebas-zarna-kandiklis-1-13x12.jpg 13w, https:\/\/hookahshop.lt\/wp-content\/uploads\/2020\/09\/stiebas-zarna-kandiklis-1-64x58.jpg 64w, https:\/\/hookahshop.lt\/wp-content\/uploads\/2020\/09\/stiebas-zarna-kandiklis-1.jpg 420w\" sizes=\"(max-width: 300px) 100vw, 300px\" title=\"\"><\/p>\n<p class=\"western\" align=\"left\">Vai jums ir k\u0101di jaut\u0101jumi? Sazinies ar mums\u00a0<a href=\"https:\/\/hookahshop.lt\/lv\/kontaktiem\/\"><span lang=\"zxx\"><u>kontaktu lapa<\/u><\/span><\/a>\u00a0vai rakstiet mums pa e-pastu\u00a0<a href=\"https:\/\/facebook.com\/HookahShop.lt\/\" target=\"_blank\" rel=\"noopener\"><span lang=\"zxx\"><u>Facebook konts<\/u><\/span><\/a>\u00a0un m\u0113s atbild\u0113sim uz j\u016bsu piepras\u012bjumu taj\u0101 pa\u0161\u0101 dien\u0101.<\/p>","protected":false},"excerpt":{"rendered":"<p>Kaljanas EL BOMBER Off Road 4&#215;4 I\u0161skirtinis, nestandartin\u0117s formos ner\u016bdijan\u010dio plieno kaljanas lenktyni\u0173, automobili\u0173 gerb\u0117jams. Komplektacija: Kaljanas: ~48cm (\u0161achta, l\u0117k\u0161t\u0117) Kandiklis (ner\u016bdijan\u010dio plieno) Konektorius (magnetinis) Tarpin\u0117s Silikonin\u0117 \u017earna Difuzorius Specifikacija: Auk\u0161tis: ~48cm (nuo tarpin\u0117s iki difuzoriaus) Difuzorius: Reguliuojamas Med\u017eiagos: Ner\u016bdijantis plienas, aliuminis, plastikas, poliacetalas. Turite klausim\u0173? Susisiekite su mumis\u00a0kontakt\u0173 puslapyje\u00a0arba para\u0161ykite mums \u012f\u00a0Facebook paskyr\u0105\u00a0ir atsakysime [&hellip;]<\/p>","protected":false},"featured_media":45856,"comment_status":"closed","ping_status":"closed","template":"","meta":[],"_links":{"self":[{"href":"https:\/\/hookahshop.lt\/lv\/wp-json\/wp\/v2\/product\/45849"}],"collection":[{"href":"https:\/\/hookahshop.lt\/lv\/wp-json\/wp\/v2\/product"}],"about":[{"href":"https:\/\/hookahshop.lt\/lv\/wp-json\/wp\/v2\/types\/product"}],"replies":[{"embeddable":true,"href":"https:\/\/hookahshop.lt\/lv\/wp-json\/wp\/v2\/comments?post=45849"}],"version-history":[{"count":6,"href":"https:\/\/hookahshop.lt\/lv\/wp-json\/wp\/v2\/product\/45849\/revisions"}],"predecessor-version":[{"id":45880,"href":"https:\/\/hookahshop.lt\/lv\/wp-json\/wp\/v2\/product\/45849\/revisions\/45880"}],"wp:featuredmedia":[{"embeddable":true,"href":"https:\/\/hookahshop.lt\/lv\/wp-json\/wp\/v2\/media\/45856"}],"wp:attachment":[{"href":"https:\/\/hookahshop.lt\/lv\/wp-json\/wp\/v2\/media?parent=45849"}],"curies":[{"name":"wp","href":"https:\/\/api.w.org\/{rel}","templated":true}]}}