{"id":4958,"date":"2020-04-17T18:26:55","date_gmt":"2020-04-17T15:26:55","guid":{"rendered":"http:\/\/hookahshop.lt\/?post_type=product&#038;p=4958"},"modified":"2026-05-13T23:29:41","modified_gmt":"2026-05-13T20:29:41","slug":"turistine-dujine-virykle","status":"publish","type":"product","link":"https:\/\/hookahshop.lt\/lv\/produkt\/turistu-gazes-plits\/","title":{"rendered":"Kempinga g\u0101zes pl\u012bts"},"content":{"rendered":"<h2>Kempinga g\u0101zes pl\u012bts<\/h2>\n<p>Pateicoties lieliskajai svara un jaudas attiec\u012bbai, pl\u012bts ir ide\u0101li piem\u0113rota p\u0101rg\u0101j\u0113jiem un ce\u013cot\u0101jiem. Salokot ner\u016bs\u0113jo\u0161\u0101 t\u0113rauda tur\u0113t\u0101jus, j\u016bs \u0113rti ievietosiet pl\u012bti komplekt\u0101 iek\u013cautaj\u0101 som\u0101.<\/p>\n<p><strong>Produkta \u012bpa\u0161\u012bbas:<\/strong><\/p>\n<ul>\n<li>Pl\u012bts ir izgatavots no karstumiztur\u012bga un pres\u0113ta t\u0113rauda.<\/li>\n<li>Integr\u0113ta pjezoelektrisk\u0101 aizdedze - nav nepiecie\u0161ams izmantot s\u0113rkoci\u0146us vai \u0161\u0137iltavas!<\/li>\n<li>Liesmas jaudu kontrol\u0113 \u0113rts rokturis - v\u0101rsts.<\/li>\n<li>Integr\u0113ta liesmas aizsardz\u012bba pret gaisa spr\u0101dzieniem.<\/li>\n<li>Tiek izmantoti l\u0113ti un popul\u0101ri dozatori MSF-1a!<\/li>\n<li>Pl\u012bts ir viegli mont\u0113jams, \u0113rti lietojams un t\u012br\u0101ms!<\/li>\n<li>UZMAN\u012aBU: cilindram j\u0101b\u016bt savienotam ar savienojumu (ar g\u0101zes pl\u016bsmas vad\u012bbas pogu) un j\u0101pieskr\u016bv\u0113, l\u012bdz tas nofiks\u0113jas viet\u0101 divos blo\u0137\u0113\u0161anas punktos! P\u0113c katras lieto\u0161anas pudele ir j\u0101izjauc!<\/li>\n<\/ul>\n<p><strong>Tehniskie dati:<\/strong><\/p>\n<ul>\n<li>Balona tips: MSF-1a<\/li>\n<li>Materi\u0101ls: t\u0113rauds<\/li>\n<li>Aizdedze: pjezoelektrisks (nav nepiecie\u0161ami s\u0113rkoci\u0146i \/ \u0161\u0137iltavas)<\/li>\n<li>\u0112rta liesmas kontrole (rokturis)<\/li>\n<li>Pl\u012bts grils \/ maksim\u0101lais att\u0101lums starp pleciem (diametrs): 22 cm<\/li>\n<li>augstums: 8,5 cm<\/li>\n<li>platums: 11 cm<\/li>\n<li>Augstums (izliekts): 9,5 cm<\/li>\n<li>Platums (izliekts): 15 cm<\/li>\n<li>Iek\u013cautie tur\u0113t\u0101ji ir 11 cm x 11 cm x 9 cm<\/li>\n<li>Kr\u0101sa: sarkana un sudraba<\/li>\n<li>Ce\u013cojuma soma komplekt\u0101<\/li>\n<li>Iepakojums: kartona k\u0101rba<\/li>\n<li>PIEZ\u012aME. Komplekt\u0101 nav tvertnes<\/li>\n<\/ul>\n<p>Vai jums ir k\u0101di jaut\u0101jumi? Sazinies ar mums\u00a0<a href=\"https:\/\/hookahshop.lt\/lv\/kontaktiem\/\">kontaktu lapa<\/a>\u00a0vai rakstiet mums pa e-pastu\u00a0<a href=\"https:\/\/facebook.com\/HookahShop.lt\/\" target=\"_blank\" rel=\"noopener noreferrer\">Facebook konts<\/a>\u00a0un m\u0113s atbild\u0113sim uz j\u016bsu piepras\u012bjumu taj\u0101 pa\u0161\u0101 dien\u0101.<\/p>","protected":false},"excerpt":{"rendered":"<p>Pateicoties lieliskajai svara un jaudas attiec\u012bbai, pl\u012bts ir ide\u0101li piem\u0113rota p\u0101rg\u0101j\u0113jiem un ce\u013cot\u0101jiem. Salokot ner\u016bs\u0113jo\u0161\u0101 t\u0113rauda tur\u0113t\u0101jus, j\u016bs \u0113rti ievietosiet pl\u012bti komplekt\u0101 iek\u013cautaj\u0101 som\u0101.<\/p>","protected":false},"featured_media":4962,"comment_status":"open","ping_status":"closed","template":"","meta":[],"_links":{"self":[{"href":"https:\/\/hookahshop.lt\/lv\/wp-json\/wp\/v2\/product\/4958"}],"collection":[{"href":"https:\/\/hookahshop.lt\/lv\/wp-json\/wp\/v2\/product"}],"about":[{"href":"https:\/\/hookahshop.lt\/lv\/wp-json\/wp\/v2\/types\/product"}],"replies":[{"embeddable":true,"href":"https:\/\/hookahshop.lt\/lv\/wp-json\/wp\/v2\/comments?post=4958"}],"version-history":[{"count":5,"href":"https:\/\/hookahshop.lt\/lv\/wp-json\/wp\/v2\/product\/4958\/revisions"}],"predecessor-version":[{"id":45191,"href":"https:\/\/hookahshop.lt\/lv\/wp-json\/wp\/v2\/product\/4958\/revisions\/45191"}],"wp:featuredmedia":[{"embeddable":true,"href":"https:\/\/hookahshop.lt\/lv\/wp-json\/wp\/v2\/media\/4962"}],"wp:attachment":[{"href":"https:\/\/hookahshop.lt\/lv\/wp-json\/wp\/v2\/media?parent=4958"}],"curies":[{"name":"wp","href":"https:\/\/api.w.org\/{rel}","templated":true}]}}