{"id":4971,"date":"2020-04-17T18:36:20","date_gmt":"2020-04-17T15:36:20","guid":{"rendered":"http:\/\/hookahshop.lt\/?post_type=product&#038;p=4971"},"modified":"2026-04-13T16:22:45","modified_gmt":"2026-04-13T13:22:45","slug":"duju-balionelis-tiross","status":"publish","type":"product","link":"https:\/\/hookahshop.lt\/lv\/produkt\/gazes-balonu-tiros\/","title":{"rendered":"G\u0101zes balons TIROSS 400ml"},"content":{"rendered":"<h2>G\u0101zes balons TIROSS 400ml<\/h2>\n<p>Piem\u0113rots lieto\u0161anai ar g\u0101zes pl\u012bti K202, lai aizdedzin\u0101tu \u016bdensp\u012bpes dabisko kokosriekstu kokogli.<\/p>\n<p>Vai jums ir k\u0101di jaut\u0101jumi? Sazinies ar mums\u00a0<a href=\"https:\/\/hookahshop.lt\/lv\/kontaktiem\/\">kontaktu lapa<\/a>\u00a0vai rakstiet mums pa e-pastu\u00a0<a href=\"https:\/\/facebook.com\/HookahShop.lt\/\" target=\"_blank\" rel=\"noopener noreferrer\">Facebook konts<\/a>\u00a0un m\u0113s atbild\u0113sim uz j\u016bsu piepras\u012bjumu taj\u0101 pa\u0161\u0101 dien\u0101.<\/p>","protected":false},"excerpt":{"rendered":"<p>G\u0101zes balons TIROSS 400ml Piem\u0113rots lieto\u0161anai ar g\u0101zes pl\u012bti K202, lai aizdedzin\u0101tu dab\u012bg\u0101s kokosriekstu ogles \u016bdensp\u012bpei. Vai jums ir k\u0101di jaut\u0101jumi? Sazinieties ar mums kontaktu lap\u0101 vai rakstiet mums uz m\u016bsu Facebook kontu un m\u0113s atbild\u0113sim uz j\u016bsu piepras\u012bjumu taj\u0101 pa\u0161\u0101 dien\u0101.<\/p>","protected":false},"featured_media":4972,"comment_status":"open","ping_status":"closed","template":"","meta":[],"_links":{"self":[{"href":"https:\/\/hookahshop.lt\/lv\/wp-json\/wp\/v2\/product\/4971"}],"collection":[{"href":"https:\/\/hookahshop.lt\/lv\/wp-json\/wp\/v2\/product"}],"about":[{"href":"https:\/\/hookahshop.lt\/lv\/wp-json\/wp\/v2\/types\/product"}],"replies":[{"embeddable":true,"href":"https:\/\/hookahshop.lt\/lv\/wp-json\/wp\/v2\/comments?post=4971"}],"version-history":[{"count":7,"href":"https:\/\/hookahshop.lt\/lv\/wp-json\/wp\/v2\/product\/4971\/revisions"}],"predecessor-version":[{"id":18332,"href":"https:\/\/hookahshop.lt\/lv\/wp-json\/wp\/v2\/product\/4971\/revisions\/18332"}],"wp:featuredmedia":[{"embeddable":true,"href":"https:\/\/hookahshop.lt\/lv\/wp-json\/wp\/v2\/media\/4972"}],"wp:attachment":[{"href":"https:\/\/hookahshop.lt\/lv\/wp-json\/wp\/v2\/media?parent=4971"}],"curies":[{"name":"wp","href":"https:\/\/api.w.org\/{rel}","templated":true}]}}