{"id":6914,"date":"2020-05-12T17:37:15","date_gmt":"2020-05-12T14:37:15","guid":{"rendered":"http:\/\/hookahshop.lt\/?post_type=product&#038;p=6914"},"modified":"2026-04-13T16:23:18","modified_gmt":"2026-04-13T13:23:18","slug":"karscio-kamera-su-dezute","status":"publish","type":"product","link":"https:\/\/hookahshop.lt\/lv\/produkt\/karscio-kamera-kalaud-lotus-replika\/","title":{"rendered":"Siltuma kamera ar k\u0101rbu"},"content":{"rendered":"<h2>Siltuma kamera ar k\u0101rbu<\/h2>\n<p>Siltuma kamera ir Kalaud pirm\u0101s versijas kopija ar maz\u0101ku ietilp\u012bbu. Ietilpst 2-3 kokosriekstu ogles.<\/p>\n<p id=\"tw-target-text\" class=\"tw-data-text tw-text-large tw-ta\" dir=\"ltr\" data-placeholder=\"Vertimas\"><strong><span lang=\"lt\">Siltuma kameras galven\u0101s priek\u0161roc\u012bbas:<\/span><\/strong><\/p>\n<p><span lang=\"lt\">Atk\u0101rtoti lietojams;<\/span><br \/>\n<span lang=\"lt\">Vairs nav folijas;<\/span><br \/>\n<span lang=\"lt\">Akme\u0146ogles paliek viet\u0101 \u0113rt\u0101s formas d\u0113\u013c;<\/span><br \/>\nUzlabo gaisa cirkul\u0101ciju;<br \/>\n<span lang=\"lt\">Tas \u012bs\u0101 laik\u0101 uzsilst un uztur stabilu siltumu.<\/span><\/p>\n<p>Vai jums ir k\u0101di jaut\u0101jumi? Sazinies ar mums\u00a0<a href=\"https:\/\/hookahshop.lt\/lv\/kontaktiem\/\">kontaktu lapa<\/a>\u00a0vai rakstiet mums pa e-pastu\u00a0<a href=\"https:\/\/facebook.com\/HookahShop.lt\/\" target=\"_blank\" rel=\"noopener noreferrer\">Facebook konts<\/a>\u00a0un m\u0113s atbild\u0113sim uz j\u016bsu piepras\u012bjumu taj\u0101 pa\u0161\u0101 dien\u0101.<\/p>","protected":false},"excerpt":{"rendered":"<p>Siltuma kamera ar kasti Siltuma kamera ir Kalaud pirm\u0101s versijas kopija ar maz\u0101ku ietilp\u012bbu. Ietilpst 2-3 kokosriekstu ogles. Galven\u0101s siltuma kameras priek\u0161roc\u012bbas: Daudzk\u0101rt\u0113ja izmanto\u0161ana; Vairs nav nepiecie\u0161ama folija; Ogleklis paliek viet\u0101, pateicoties \u0113rtai formai; uzlabojas gaisa cirkul\u0101cija; Tas uzsilst \u012bs\u0101 laik\u0101 un saglab\u0101 siltumu stabili. Vai jums ir k\u0101di jaut\u0101jumi? Sazinieties ar mums kontaktu lap\u0101 vai rakstiet mums uz m\u016bsu Facebook kontu un m\u0113s atbild\u0113sim uz j\u016bsu [\u2026]<\/p>","protected":false},"featured_media":27206,"comment_status":"open","ping_status":"closed","template":"","meta":[],"_links":{"self":[{"href":"https:\/\/hookahshop.lt\/lv\/wp-json\/wp\/v2\/product\/6914"}],"collection":[{"href":"https:\/\/hookahshop.lt\/lv\/wp-json\/wp\/v2\/product"}],"about":[{"href":"https:\/\/hookahshop.lt\/lv\/wp-json\/wp\/v2\/types\/product"}],"replies":[{"embeddable":true,"href":"https:\/\/hookahshop.lt\/lv\/wp-json\/wp\/v2\/comments?post=6914"}],"version-history":[{"count":7,"href":"https:\/\/hookahshop.lt\/lv\/wp-json\/wp\/v2\/product\/6914\/revisions"}],"predecessor-version":[{"id":29571,"href":"https:\/\/hookahshop.lt\/lv\/wp-json\/wp\/v2\/product\/6914\/revisions\/29571"}],"wp:featuredmedia":[{"embeddable":true,"href":"https:\/\/hookahshop.lt\/lv\/wp-json\/wp\/v2\/media\/27206"}],"wp:attachment":[{"href":"https:\/\/hookahshop.lt\/lv\/wp-json\/wp\/v2\/media?parent=6914"}],"curies":[{"name":"wp","href":"https:\/\/api.w.org\/{rel}","templated":true}]}}