{"id":7278,"date":"2020-05-15T15:37:16","date_gmt":"2020-05-15T12:37:16","guid":{"rendered":"http:\/\/hookahshop.lt\/?post_type=product&#038;p=7278"},"modified":"2026-04-06T23:29:15","modified_gmt":"2026-04-06T20:29:15","slug":"taurele-kaljanui-solaris-pluto","status":"publish","type":"product","link":"https:\/\/hookahshop.lt\/lv\/produkt\/taurele-kaljanui-solaris-pluto\/","title":{"rendered":"Kauss \u016bdensp\u012bpei SOLARIS Plutons"},"content":{"rendered":"<div class=\"jhH5U\">\n<div id=\"tw-ob\" class=\"tw-src-ltr\">\n<div class=\"oSioSc\">\n<div id=\"tw-target\">\n<div id=\"kAz1tf\" class=\"g9WsWb\">\n<div id=\"tw-target-text-container\" class=\"tw-ta-container hide-focus-ring tw-nfl\">\n<h2 class=\"tw-data-text tw-text-large XcVN5d tw-ta\" data-placeholder=\"Vertimas\">Kauss \u016bdensp\u012bpei SOLARIS Plutons<\/h2>\n<p class=\"tw-data-text tw-text-large XcVN5d tw-ta\" dir=\"ltr\" data-placeholder=\"Vertimas\">Veidojiet slepkavas 7 caurumus - liela ietilp\u012bba 15-20 g apm\u0113ram vienu stundu sm\u0113\u0137\u0113\u0161anas.<\/p>\n<p dir=\"ltr\" data-placeholder=\"Vertimas\">Vai jums ir k\u0101di jaut\u0101jumi? Sazinies ar mums\u00a0<a href=\"https:\/\/hookahshop.lt\/lv\/kontaktiem\/\">kontaktu lapa<\/a>\u00a0vai rakstiet mums pa e-pastu\u00a0<a href=\"https:\/\/facebook.com\/HookahShop.lt\/\" target=\"_blank\" rel=\"noopener noreferrer\">Facebook konts<\/a>\u00a0un m\u0113s atbild\u0113sim uz j\u016bsu piepras\u012bjumu taj\u0101 pa\u0161\u0101 dien\u0101.<\/p>\n<\/div>\n<\/div>\n<\/div>\n<\/div>\n<\/div>\n<\/div>","protected":false},"excerpt":{"rendered":"<p>\u016adensp\u012bpes kauss SOLARIS Pluto Forma killer 7 bedr\u012btes - liela ietilp\u012bba 15-20g apm\u0113ram vienu stundu sm\u0113\u0137\u0113\u0161anai. Vai jums ir k\u0101di jaut\u0101jumi? Sazinieties ar mums kontaktu lap\u0101 vai rakstiet mums uz m\u016bsu Facebook kontu un m\u0113s atbild\u0113sim uz j\u016bsu piepras\u012bjumu taj\u0101 pa\u0161\u0101 dien\u0101.<\/p>","protected":false},"featured_media":8743,"comment_status":"open","ping_status":"closed","template":"","meta":[],"_links":{"self":[{"href":"https:\/\/hookahshop.lt\/lv\/wp-json\/wp\/v2\/product\/7278"}],"collection":[{"href":"https:\/\/hookahshop.lt\/lv\/wp-json\/wp\/v2\/product"}],"about":[{"href":"https:\/\/hookahshop.lt\/lv\/wp-json\/wp\/v2\/types\/product"}],"replies":[{"embeddable":true,"href":"https:\/\/hookahshop.lt\/lv\/wp-json\/wp\/v2\/comments?post=7278"}],"version-history":[{"count":4,"href":"https:\/\/hookahshop.lt\/lv\/wp-json\/wp\/v2\/product\/7278\/revisions"}],"predecessor-version":[{"id":43336,"href":"https:\/\/hookahshop.lt\/lv\/wp-json\/wp\/v2\/product\/7278\/revisions\/43336"}],"wp:featuredmedia":[{"embeddable":true,"href":"https:\/\/hookahshop.lt\/lv\/wp-json\/wp\/v2\/media\/8743"}],"wp:attachment":[{"href":"https:\/\/hookahshop.lt\/lv\/wp-json\/wp\/v2\/media?parent=7278"}],"curies":[{"name":"wp","href":"https:\/\/api.w.org\/{rel}","templated":true}]}}