{"id":8774,"date":"2020-06-06T20:44:30","date_gmt":"2020-06-06T17:44:30","guid":{"rendered":"https:\/\/hookahshop.lt\/?post_type=product&#038;p=8774"},"modified":"2026-04-10T23:29:24","modified_gmt":"2026-04-10T20:29:24","slug":"taurele-kaljanui-solaris-mercury","status":"publish","type":"product","link":"https:\/\/hookahshop.lt\/lv\/produkt\/taurele-kaljanui-solaris-dzivsudrabs\/","title":{"rendered":"Kauss \u016bdensp\u012bpei SOLARIS Mercury"},"content":{"rendered":"<h2>Kauss \u016bdensp\u012bpei SOLARIS Mercury<\/h2>\n<p>Forma killer 7 bedr\u012btes - liela ietilp\u012bba 10-18g apm\u0113ram vienai sm\u0113\u0137\u0113\u0161anas stundai.<\/p>\n<p>Vai jums ir k\u0101di jaut\u0101jumi? Sazinies ar mums\u00a0<a href=\"https:\/\/hookahshop.lt\/lv\/kontaktiem\/\">kontaktu lapa<\/a>\u00a0vai rakstiet mums pa e-pastu\u00a0<a href=\"https:\/\/facebook.com\/HookahShop.lt\/\" target=\"_blank\" rel=\"noopener noreferrer\">Facebook konts<\/a>\u00a0un m\u0113s atbild\u0113sim uz j\u016bsu piepras\u012bjumu taj\u0101 pa\u0161\u0101 dien\u0101.<\/p>","protected":false},"excerpt":{"rendered":"<p>\u016adensp\u012bpes kauss SOLARIS Mercury Forma killer 7 bedr\u012btes - liela ietilp\u012bba 10-18g apm\u0113ram vienu stundu sm\u0113\u0137\u0113\u0161anai. Vai jums ir k\u0101di jaut\u0101jumi? Sazinieties ar mums kontaktu lap\u0101 vai rakstiet mums uz m\u016bsu Facebook kontu un m\u0113s atbild\u0113sim uz j\u016bsu piepras\u012bjumu taj\u0101 pa\u0161\u0101 dien\u0101.<\/p>","protected":false},"featured_media":8768,"comment_status":"open","ping_status":"closed","template":"","meta":[],"_links":{"self":[{"href":"https:\/\/hookahshop.lt\/lv\/wp-json\/wp\/v2\/product\/8774"}],"collection":[{"href":"https:\/\/hookahshop.lt\/lv\/wp-json\/wp\/v2\/product"}],"about":[{"href":"https:\/\/hookahshop.lt\/lv\/wp-json\/wp\/v2\/types\/product"}],"replies":[{"embeddable":true,"href":"https:\/\/hookahshop.lt\/lv\/wp-json\/wp\/v2\/comments?post=8774"}],"version-history":[{"count":5,"href":"https:\/\/hookahshop.lt\/lv\/wp-json\/wp\/v2\/product\/8774\/revisions"}],"predecessor-version":[{"id":43489,"href":"https:\/\/hookahshop.lt\/lv\/wp-json\/wp\/v2\/product\/8774\/revisions\/43489"}],"wp:featuredmedia":[{"embeddable":true,"href":"https:\/\/hookahshop.lt\/lv\/wp-json\/wp\/v2\/media\/8768"}],"wp:attachment":[{"href":"https:\/\/hookahshop.lt\/lv\/wp-json\/wp\/v2\/media?parent=8774"}],"curies":[{"name":"wp","href":"https:\/\/api.w.org\/{rel}","templated":true}]}}