{"id":8791,"date":"2020-06-06T21:05:27","date_gmt":"2020-06-06T18:05:27","guid":{"rendered":"https:\/\/hookahshop.lt\/?post_type=product&#038;p=8791"},"modified":"2026-04-05T23:29:05","modified_gmt":"2026-04-05T20:29:05","slug":"kolba-kaljanui-daly-black","status":"publish","type":"product","link":"https:\/\/hookahshop.lt\/lv\/produkt\/kolba-udenspipe-dalija-melna\/","title":{"rendered":"Kolba \u016bdensp\u012bpei DALY Melna"},"content":{"rendered":"<h2>Kolba \u016bdensp\u012bpei DALY Melna<\/h2>\n<p>Daly \u016bdensp\u012bpes kolba (Ar malu) - \u0161\u012b kolba ir izgatavota no augstas kvalit\u0101tes bieza stikla un p\u0101rkl\u0101ta ar aizsargk\u0101rtu. Kolba ir piln\u012bgi melna ar joslu.<\/p>\n<p><strong><span title=\"\">Specifik\u0101cijas:<\/span><\/strong><br \/>\nKr\u0101sa: melna (ar caursp\u012bd\u012bgu joslu, lai redz\u0113tu \u016bdeni kolb\u0101).<br \/>\nAugstums: 266 mm<br \/>\nSvars: ~1550 g<br \/>\n\u0100r\u0113jais diametrs: 75 mm<br \/>\nIek\u0161\u0113jais diametrs: 47 mm<br \/>\nProdukta materi\u0101ls: stikls<\/p>\n<p>Vai jums ir k\u0101di jaut\u0101jumi? Sazinies ar mums\u00a0<a href=\"https:\/\/hookahshop.lt\/lv\/kontaktiem\/\">kontaktu lapa<\/a>\u00a0vai rakstiet mums pa e-pastu\u00a0<a href=\"https:\/\/facebook.com\/HookahShop.lt\/\" target=\"_blank\" rel=\"noopener noreferrer\">Facebook konts<\/a>\u00a0un m\u0113s atbild\u0113sim uz j\u016bsu piepras\u012bjumu taj\u0101 pa\u0161\u0101 dien\u0101.<\/p>","protected":false},"excerpt":{"rendered":"<p>Kolba kaljanui DALY Black \u201eDaly\u201c kaljano kolba (Su borteliu) &#8211; \u0161i kolba pagaminta i\u0161 auk\u0161tos kokyb\u0117s storo stiklo ir padengta apsauginiu sluoksniu. Kolba yra visi\u0161kai juoda su juostele. Specifikacijos: Spalva: juoda (su skaidria juostele, vandens matymui kolboje). Auk\u0161tis: 266 mm Svoris: ~ 1550 g I\u0161orinis skersmuo: 75 mm Vidinis skersmuo: 47 mm Gaminio med\u017eiaga: stiklas [&hellip;]<\/p>","protected":false},"featured_media":30701,"comment_status":"open","ping_status":"closed","template":"","meta":[],"_links":{"self":[{"href":"https:\/\/hookahshop.lt\/lv\/wp-json\/wp\/v2\/product\/8791"}],"collection":[{"href":"https:\/\/hookahshop.lt\/lv\/wp-json\/wp\/v2\/product"}],"about":[{"href":"https:\/\/hookahshop.lt\/lv\/wp-json\/wp\/v2\/types\/product"}],"replies":[{"embeddable":true,"href":"https:\/\/hookahshop.lt\/lv\/wp-json\/wp\/v2\/comments?post=8791"}],"version-history":[{"count":9,"href":"https:\/\/hookahshop.lt\/lv\/wp-json\/wp\/v2\/product\/8791\/revisions"}],"predecessor-version":[{"id":45115,"href":"https:\/\/hookahshop.lt\/lv\/wp-json\/wp\/v2\/product\/8791\/revisions\/45115"}],"wp:featuredmedia":[{"embeddable":true,"href":"https:\/\/hookahshop.lt\/lv\/wp-json\/wp\/v2\/media\/30701"}],"wp:attachment":[{"href":"https:\/\/hookahshop.lt\/lv\/wp-json\/wp\/v2\/media?parent=8791"}],"curies":[{"name":"wp","href":"https:\/\/api.w.org\/{rel}","templated":true}]}}