{"id":8800,"date":"2020-06-06T21:18:15","date_gmt":"2020-06-06T18:18:15","guid":{"rendered":"https:\/\/hookahshop.lt\/?post_type=product&#038;p=8800"},"modified":"2026-04-05T23:28:46","modified_gmt":"2026-04-05T20:28:46","slug":"kaljanas-bigmaks-rapier","status":"publish","type":"product","link":"https:\/\/hookahshop.lt\/lv\/produkt\/kaljanas-bigmaks-rapieris\/","title":{"rendered":"\u016adensp\u012bpe BIGMAKS Rapier"},"content":{"rendered":"<h2>\u016adensp\u012bpe BIGMAKS Rapier<\/h2>\n<p>\u0160\u012b ir minim\u0101lisma l\u012bnija, kas paredz\u0113ta \u016bdensp\u012bpes k\u016bpin\u0101\u0161anas baud\u012b\u0161anai ar difuzoru (\u016bdensp\u012bpes vilkme nav regul\u0113jama). \u016adensp\u012bpes sist\u0113ma sast\u0101v no pieciem v\u0101rstiem, kas \u013cauj nekav\u0113joties atbr\u012bvot kolbu no d\u016bmiem, k\u0101 ar\u012b atdzes\u0113t b\u013codu, to nepiepildot. V\u0101rpsta, konuss, iemutnis un pl\u0101ksne ir izgatavoti no AISI304 ner\u016bs\u0113jo\u0161\u0101 t\u0113rauda ar augstas precizit\u0101tes apstr\u0101di. Mont\u0101\u017ea ar v\u012bt\u0146otiem savienojumiem. Tiek izmantoti O veida gredzenu savienot\u0101ji.<\/p>\n<p><strong>Apr\u012bkojums:<\/strong><br \/>\nKaste; V\u0101rpsta; Pl\u0101tne ar z\u012bmola grav\u0113jumu; Iemutnis; \u0160\u013c\u016btenes savienot\u0101js; M\u012bksta \u0161\u013c\u016btene; Bl\u012bves (2 gab.); Plastmasas bumbi\u0146as (5 gab.);<\/p>\n<p><img decoding=\"async\" loading=\"lazy\" class=\"alignnone size-medium wp-image-38521\" src=\"https:\/\/hookahshop.lt\/wp-content\/uploads\/2020\/09\/stiebas-zarna-kandiklis-1-300x273.jpg\" alt=\"- hookahshop.lt\" width=\"300\" height=\"273\" srcset=\"https:\/\/hookahshop.lt\/wp-content\/uploads\/2020\/09\/stiebas-zarna-kandiklis-1-300x273.jpg 300w, https:\/\/hookahshop.lt\/wp-content\/uploads\/2020\/09\/stiebas-zarna-kandiklis-1-13x12.jpg 13w, https:\/\/hookahshop.lt\/wp-content\/uploads\/2020\/09\/stiebas-zarna-kandiklis-1-64x58.jpg 64w, https:\/\/hookahshop.lt\/wp-content\/uploads\/2020\/09\/stiebas-zarna-kandiklis-1.jpg 420w\" sizes=\"(max-width: 300px) 100vw, 300px\" title=\"\"><\/p>\n<p>Raksturojums:<br \/>\n\u016adensp\u012bpes svars: ~ 860 gr<br \/>\n\u016adensp\u012bpes augstums: 450 mm<br \/>\nNer\u016bs\u0113jo\u0161ais t\u0113rauds, D13 mm<br \/>\n\u0160\u013c\u016btenes savienot\u0101ja savienojums: O gredzens<br \/>\nDifuzors: J\u0101, neregul\u0113ts<br \/>\nMutes iemutne: ner\u016bs\u0113jo\u0161ais t\u0113rauds<br \/>\nIevada garums: 397 mm, D10 mm<br \/>\nSals: m\u012bksts silikons<br \/>\n\u0160\u013c\u016btenes garums: 1500mm<\/p>\n<p>Vai jums ir k\u0101di jaut\u0101jumi? Sazinies ar mums\u00a0<a href=\"https:\/\/hookahshop.lt\/lv\/kontaktiem\/\">kontaktu lapa<\/a>\u00a0vai rakstiet mums pa e-pastu\u00a0<a href=\"https:\/\/facebook.com\/HookahShop.lt\/\" target=\"_blank\" rel=\"noopener noreferrer\">Facebook konts<\/a>\u00a0un m\u0113s atbild\u0113sim uz j\u016bsu piepras\u012bjumu taj\u0101 pa\u0161\u0101 dien\u0101.<\/p>","protected":false},"excerpt":{"rendered":"<p>\u016adensp\u012bpes BIGMAKS Rapier \u0160\u012b ir minim\u0101lisma l\u012bnija, kas paredz\u0113ta \u016bdensp\u012bpes k\u016bpin\u0101\u0161anas baud\u012b\u0161anai ar difuzoru (\u016bdensp\u012bpes vilkme nav regul\u0113jama). \u016adensp\u012bpes sist\u0113ma sast\u0101v no pieciem v\u0101rstiem, kas \u013cauj nekav\u0113joties atbr\u012bvot kolbu no d\u016bmiem, k\u0101 ar\u012b atdzes\u0113t b\u013codu, to nepiepildot. V\u0101rpsta, konuss, iemutnis un pl\u0101ksne ir izgatavoti no AISI304 ner\u016bs\u0113jo\u0161\u0101 t\u0113rauda ar augstas precizit\u0101tes apstr\u0101di. Mont\u0101\u017ea ar v\u012bt\u0146otiem savienojumiem. Lietots [\u2026]<\/p>","protected":false},"featured_media":8801,"comment_status":"open","ping_status":"closed","template":"","meta":[],"_links":{"self":[{"href":"https:\/\/hookahshop.lt\/lv\/wp-json\/wp\/v2\/product\/8800"}],"collection":[{"href":"https:\/\/hookahshop.lt\/lv\/wp-json\/wp\/v2\/product"}],"about":[{"href":"https:\/\/hookahshop.lt\/lv\/wp-json\/wp\/v2\/types\/product"}],"replies":[{"embeddable":true,"href":"https:\/\/hookahshop.lt\/lv\/wp-json\/wp\/v2\/comments?post=8800"}],"version-history":[{"count":6,"href":"https:\/\/hookahshop.lt\/lv\/wp-json\/wp\/v2\/product\/8800\/revisions"}],"predecessor-version":[{"id":34422,"href":"https:\/\/hookahshop.lt\/lv\/wp-json\/wp\/v2\/product\/8800\/revisions\/34422"}],"wp:featuredmedia":[{"embeddable":true,"href":"https:\/\/hookahshop.lt\/lv\/wp-json\/wp\/v2\/media\/8801"}],"wp:attachment":[{"href":"https:\/\/hookahshop.lt\/lv\/wp-json\/wp\/v2\/media?parent=8800"}],"curies":[{"name":"wp","href":"https:\/\/api.w.org\/{rel}","templated":true}]}}