{"id":8806,"date":"2020-06-06T21:24:20","date_gmt":"2020-06-06T18:24:20","guid":{"rendered":"https:\/\/hookahshop.lt\/?post_type=product&#038;p=8806"},"modified":"2026-04-06T23:28:57","modified_gmt":"2026-04-06T20:28:57","slug":"karscio-kamera-hotter","status":"publish","type":"product","link":"https:\/\/hookahshop.lt\/lv\/produkt\/karscio-kamera-hotter\/","title":{"rendered":"Karsta kamera HOTTER"},"content":{"rendered":"<h2 data-placeholder=\"Vertimas\">Karsta kamera HOTTER<\/h2>\n<p dir=\"ltr\" data-placeholder=\"Vertimas\">Tas ir paredz\u0113ts lieto\u0161anai \u016bdensp\u012bpes kr\u016bz\u012btes sild\u012b\u0161anai ar kokosriekstu ogl\u0113m. \u0160\u012b ir kalauda lotosa kopija.<\/p>\n<p id=\"tw-target-text\" class=\"tw-data-text tw-text-large tw-ta\" dir=\"ltr\" data-placeholder=\"Vertimas\"><strong><span lang=\"lt\">Siltuma kameras galven\u0101s priek\u0161roc\u012bbas:<\/span><\/strong><\/p>\n<ul>\n<li class=\"tw-data-text tw-text-large tw-ta\" data-placeholder=\"Vertimas\"><span lang=\"lt\">Atk\u0101rtoti lietojams;<\/span><\/li>\n<li class=\"tw-data-text tw-text-large tw-ta\" data-placeholder=\"Vertimas\"><span lang=\"lt\">Vairs nav folijas;<\/span><\/li>\n<li class=\"tw-data-text tw-text-large tw-ta\" data-placeholder=\"Vertimas\"><span lang=\"lt\">Akme\u0146ogles paliek viet\u0101 \u0113rt\u0101s formas d\u0113\u013c;<\/span><\/li>\n<li class=\"tw-data-text tw-text-large tw-ta\" data-placeholder=\"Vertimas\">Uzlabo gaisa cirkul\u0101ciju;<\/li>\n<li class=\"tw-data-text tw-text-large tw-ta\" data-placeholder=\"Vertimas\"><span lang=\"lt\">Tas \u012bs\u0101 laik\u0101 uzsilst un uztur stabilu siltumu.<\/span><\/li>\n<\/ul>\n<p>Vai jums ir k\u0101di jaut\u0101jumi? Sazinies ar mums\u00a0<a href=\"https:\/\/hookahshop.lt\/lv\/kontaktiem\/\">kontaktu lapa<\/a>\u00a0vai rakstiet mums pa e-pastu\u00a0<a href=\"https:\/\/facebook.com\/HookahShop.lt\/\" target=\"_blank\" rel=\"noopener noreferrer\">Facebook konts<\/a>\u00a0un m\u0113s atbild\u0113sim uz j\u016bsu piepras\u012bjumu taj\u0101 pa\u0161\u0101 dien\u0101.<\/p>","protected":false},"excerpt":{"rendered":"<p>HOTTER siltuma kamera Tas ir paredz\u0113ts, lai sild\u012btu \u016bdensp\u012bpes kr\u016bzi ar kokosriekstu ogl\u0113m. \u0160\u012b ir kalaud lotosa kopija. Galven\u0101s siltuma kameras priek\u0161roc\u012bbas: Daudzk\u0101rt\u0113ja izmanto\u0161ana; Vairs nav nepiecie\u0161ama folija; Ogleklis paliek viet\u0101, pateicoties \u0113rtai formai; uzlabojas gaisa cirkul\u0101cija; Tas uzsilst \u012bs\u0101 laik\u0101 un saglab\u0101 siltumu stabili. Vai jums ir k\u0101di jaut\u0101jumi? Sazinieties ar mums kontaktu lap\u0101 vai rakstiet mums uz m\u016bsu Facebook kontu un m\u0113s atbild\u0113sim [\u2026]<\/p>","protected":false},"featured_media":8807,"comment_status":"open","ping_status":"closed","template":"","meta":[],"_links":{"self":[{"href":"https:\/\/hookahshop.lt\/lv\/wp-json\/wp\/v2\/product\/8806"}],"collection":[{"href":"https:\/\/hookahshop.lt\/lv\/wp-json\/wp\/v2\/product"}],"about":[{"href":"https:\/\/hookahshop.lt\/lv\/wp-json\/wp\/v2\/types\/product"}],"replies":[{"embeddable":true,"href":"https:\/\/hookahshop.lt\/lv\/wp-json\/wp\/v2\/comments?post=8806"}],"version-history":[{"count":2,"href":"https:\/\/hookahshop.lt\/lv\/wp-json\/wp\/v2\/product\/8806\/revisions"}],"predecessor-version":[{"id":23291,"href":"https:\/\/hookahshop.lt\/lv\/wp-json\/wp\/v2\/product\/8806\/revisions\/23291"}],"wp:featuredmedia":[{"embeddable":true,"href":"https:\/\/hookahshop.lt\/lv\/wp-json\/wp\/v2\/media\/8807"}],"wp:attachment":[{"href":"https:\/\/hookahshop.lt\/lv\/wp-json\/wp\/v2\/media?parent=8806"}],"curies":[{"name":"wp","href":"https:\/\/api.w.org\/{rel}","templated":true}]}}