{"id":8822,"date":"2020-06-06T21:40:12","date_gmt":"2020-06-06T18:40:12","guid":{"rendered":"https:\/\/hookahshop.lt\/?post_type=product&#038;p=8822"},"modified":"2026-04-08T13:49:50","modified_gmt":"2026-04-08T10:49:50","slug":"taurele-kaljanui-upper-white-deep-bowl","status":"publish","type":"product","link":"https:\/\/hookahshop.lt\/lv\/produkt\/taurele-kaljanui-augseja-balta-dzila-bloda\/","title":{"rendered":"Kauss \u016bdensp\u012bpei UPPER White Deep Bowl"},"content":{"rendered":"<h2>Kauss \u016bdensp\u012bpei UPPER White Deep Bowl<\/h2>\n<p>Tam ir klasiska forma un tas ir izgatavots no balt\u0101 m\u0101la. Kr\u016bze diezgan \u0101tri uzsilst un vienm\u0113r\u012bgi sadala siltumu. Tabakas ietilp\u012bba ir aptuveni 15-20 grami.<\/p>\n<p>Raksturojums:<\/p>\n<p>Augstums: 81 mm<br \/>\nDiametrs (\u0101r\u0113jais): 69 mm<br \/>\nDiametrs (iek\u0161\u0113jais): 61 mm<br \/>\nDzi\u013cums: 20 mm<br \/>\nUrbuma diametrs: 6mm<br \/>\nUrbumu skaits: 7 gab<br \/>\nSvars: 161 grami<\/p>\n<p>Vai jums ir k\u0101di jaut\u0101jumi? Sazinies ar mums\u00a0<a href=\"https:\/\/hookahshop.lt\/lv\/kontaktiem\/\">kontaktu lapa<\/a>\u00a0vai rakstiet mums pa e-pastu\u00a0<a href=\"https:\/\/facebook.com\/HookahShop.lt\/\" target=\"_blank\" rel=\"noopener noreferrer\">Facebook konts<\/a>\u00a0un m\u0113s atbild\u0113sim uz j\u016bsu piepras\u012bjumu taj\u0101 pa\u0161\u0101 dien\u0101.<\/p>","protected":false},"excerpt":{"rendered":"<p>B\u013coda \u016bdensp\u012bpei UPPER White Deep Bowl Tai ir klasiska forma, izgatavota no balt\u0101 m\u0101la. Kr\u016bze diezgan \u0101tri uzsilst un vienm\u0113r\u012bgi sadala siltumu. Tabakas ietilp\u012bba ir aptuveni 15-20 grami. Raksturojums: Augstums: 81 mm Diametrs (\u0101r\u0113jais): 69 mm Diametrs (iek\u0161\u0113jais): 61 mm Dzi\u013cums: 20 mm Caurumu diametrs: 6 mm Caurumu skaits: 7 gab. Svars: 161 grami Vai ir k\u0101di jaut\u0101jumi? Sazinieties ar [\u2026]<\/p>","protected":false},"featured_media":8823,"comment_status":"open","ping_status":"closed","template":"","meta":[],"_links":{"self":[{"href":"https:\/\/hookahshop.lt\/lv\/wp-json\/wp\/v2\/product\/8822"}],"collection":[{"href":"https:\/\/hookahshop.lt\/lv\/wp-json\/wp\/v2\/product"}],"about":[{"href":"https:\/\/hookahshop.lt\/lv\/wp-json\/wp\/v2\/types\/product"}],"replies":[{"embeddable":true,"href":"https:\/\/hookahshop.lt\/lv\/wp-json\/wp\/v2\/comments?post=8822"}],"version-history":[{"count":3,"href":"https:\/\/hookahshop.lt\/lv\/wp-json\/wp\/v2\/product\/8822\/revisions"}],"predecessor-version":[{"id":39822,"href":"https:\/\/hookahshop.lt\/lv\/wp-json\/wp\/v2\/product\/8822\/revisions\/39822"}],"wp:featuredmedia":[{"embeddable":true,"href":"https:\/\/hookahshop.lt\/lv\/wp-json\/wp\/v2\/media\/8823"}],"wp:attachment":[{"href":"https:\/\/hookahshop.lt\/lv\/wp-json\/wp\/v2\/media?parent=8822"}],"curies":[{"name":"wp","href":"https:\/\/api.w.org\/{rel}","templated":true}]}}