{"id":8831,"date":"2020-06-06T21:56:59","date_gmt":"2020-06-06T18:56:59","guid":{"rendered":"https:\/\/hookahshop.lt\/?post_type=product&#038;p=8831"},"modified":"2026-04-05T23:29:08","modified_gmt":"2026-04-05T20:29:08","slug":"savaime-uzsidegancios-kaljano-anglys-carbopol-crown-40mm-10vnt","status":"publish","type":"product","link":"https:\/\/hookahshop.lt\/lv\/produkt\/pasaizdegsanas-udenspipe-kokogles-karbopols-kronis-40mm-10gab\/","title":{"rendered":"Pa\u0161aizdeg\u0161an\u0101s \u016bdensp\u012bpe ogles CARBOPOL Crown 40mm 10gab"},"content":{"rendered":"<h2>Pa\u0161aizdeg\u0161an\u0101s \u016bdensp\u012bpe ogles CARBOPOL Crown 40mm 10gab<\/h2>\n<p>Jauna forma, kas \u013cauj gaisam viegli cirkul\u0113t<br \/>\nPiem\u0113rots vis\u0101m tas\u012bt\u0113m<br \/>\nNav sve\u0161as smakas<br \/>\nCena par 1 rull\u012bti (10 tabletes)<br \/>\n40mm diametrs<br \/>\nDeg l\u012bdz 13:00.<\/p>\n<p>Vai jums ir k\u0101di jaut\u0101jumi? Sazinies ar mums\u00a0<a href=\"https:\/\/hookahshop.lt\/lv\/kontaktiem\/\">kontaktu lapa<\/a>\u00a0vai rakstiet mums pa e-pastu\u00a0<a href=\"https:\/\/facebook.com\/HookahShop.lt\/\" target=\"_blank\" rel=\"noopener noreferrer\">Facebook konts<\/a>\u00a0un m\u0113s atbild\u0113sim uz j\u016bsu piepras\u012bjumu taj\u0101 pa\u0161\u0101 dien\u0101.<\/p>","protected":false},"excerpt":{"rendered":"<p>Pa\u0161aizdeg\u0161an\u0101s \u016bdensp\u012bpes ogle CARBOPOL Crown 40mm 10gab.Jauna forma, kas nodro\u0161ina vieglu gaisa cirkul\u0101ciju.Piem\u0113rots vis\u0101m kr\u016bz\u012bt\u0113m.Nav sve\u0161as smakas.Cena par 1 rulli (10gab.tabletes) 40mm diametrs. Vai jums ir k\u0101di jaut\u0101jumi? Sazinieties ar mums kontaktu lap\u0101 vai rakstiet mums uz m\u016bsu Facebook kontu un m\u0113s atbild\u0113sim uz j\u016bsu piepras\u012bjumu taj\u0101 pa\u0161\u0101 dien\u0101.<\/p>","protected":false},"featured_media":8832,"comment_status":"open","ping_status":"closed","template":"","meta":[],"_links":{"self":[{"href":"https:\/\/hookahshop.lt\/lv\/wp-json\/wp\/v2\/product\/8831"}],"collection":[{"href":"https:\/\/hookahshop.lt\/lv\/wp-json\/wp\/v2\/product"}],"about":[{"href":"https:\/\/hookahshop.lt\/lv\/wp-json\/wp\/v2\/types\/product"}],"replies":[{"embeddable":true,"href":"https:\/\/hookahshop.lt\/lv\/wp-json\/wp\/v2\/comments?post=8831"}],"version-history":[{"count":4,"href":"https:\/\/hookahshop.lt\/lv\/wp-json\/wp\/v2\/product\/8831\/revisions"}],"predecessor-version":[{"id":24335,"href":"https:\/\/hookahshop.lt\/lv\/wp-json\/wp\/v2\/product\/8831\/revisions\/24335"}],"wp:featuredmedia":[{"embeddable":true,"href":"https:\/\/hookahshop.lt\/lv\/wp-json\/wp\/v2\/media\/8832"}],"wp:attachment":[{"href":"https:\/\/hookahshop.lt\/lv\/wp-json\/wp\/v2\/media?parent=8831"}],"curies":[{"name":"wp","href":"https:\/\/api.w.org\/{rel}","templated":true}]}}