{"id":8840,"date":"2020-06-06T22:11:44","date_gmt":"2020-06-06T19:11:44","guid":{"rendered":"https:\/\/hookahshop.lt\/?post_type=product&#038;p=8840"},"modified":"2026-04-05T23:29:17","modified_gmt":"2026-04-05T20:29:17","slug":"taurele-kaljanui-smokelab-malachit-evil","status":"publish","type":"product","link":"https:\/\/hookahshop.lt\/lv\/produkt\/taurele-kaljanui-malachit-evil\/","title":{"rendered":"Kauss \u016bdensp\u012bpei SMOKELAB Malachit Evil"},"content":{"rendered":"<h2>Kauss \u016bdensp\u012bpei SMOKELAB Malachit Evil<\/h2>\n<p>Kr\u016bz\u012bte no sarkan\u0101 m\u0101la ar aizsargp\u0101rkl\u0101jumu, kas ne\u013cauj kr\u016bz\u012btei uzs\u016bkt s\u012brupu.<\/p>\n<p>Biezas sienas \u013cauj gl\u0101zei vienm\u0113r\u012bgi un vienm\u0113r\u012bgi sakarst.<\/p>\n<p>Raksturojums:<br \/>\nAugstums: 97 mm<br \/>\nDiametrs (\u0101r\u0113jais): 70 mm<br \/>\nDiametrs (iek\u0161\u0113jais): 55 mm<br \/>\nDzi\u013cums: 18 mm<br \/>\nUrbuma diametrs: 7 mm<br \/>\nUrbumu skaits: 5 gab<br \/>\nSvars: 223 grami<\/p>\n<p>Vai jums ir k\u0101di jaut\u0101jumi? Sazinies ar mums\u00a0<a href=\"https:\/\/hookahshop.lt\/lv\/kontaktiem\/\">kontaktu lapa<\/a>\u00a0vai rakstiet mums pa e-pastu\u00a0<a href=\"https:\/\/facebook.com\/HookahShop.lt\/\" target=\"_blank\" rel=\"noopener noreferrer\">Facebook konts<\/a>\u00a0un m\u0113s atbild\u0113sim uz j\u016bsu piepras\u012bjumu taj\u0101 pa\u0161\u0101 dien\u0101.<\/p>","protected":false},"excerpt":{"rendered":"<p>\u016adensp\u012bpes kr\u016bze SMOKELAB Malachit Evil Cup izgatavota no sarkan\u0101 m\u0101la ar aizsargp\u0101rkl\u0101jumu, kas ne\u013cauj kr\u016bz\u012btei uzs\u016bkt s\u012brupu. Biez\u0101s sienas \u013cauj kr\u016bzei vienm\u0113r\u012bgi un vienm\u0113r\u012bgi uzkarst. Raksturojums: Augstums: 97 mm Diametrs (\u0101r\u0113jais): 70 mm Diametrs (iek\u0161\u0113jais): 55 mm Dzi\u013cums: 18 mm Cauruma diametrs: 7 mm Caurumu skaits: 5 gab. Svars: 223 grami Vai ir k\u0101di jaut\u0101jumi? Sazinieties ar [\u2026]<\/p>","protected":false},"featured_media":8841,"comment_status":"open","ping_status":"closed","template":"","meta":[],"_links":{"self":[{"href":"https:\/\/hookahshop.lt\/lv\/wp-json\/wp\/v2\/product\/8840"}],"collection":[{"href":"https:\/\/hookahshop.lt\/lv\/wp-json\/wp\/v2\/product"}],"about":[{"href":"https:\/\/hookahshop.lt\/lv\/wp-json\/wp\/v2\/types\/product"}],"replies":[{"embeddable":true,"href":"https:\/\/hookahshop.lt\/lv\/wp-json\/wp\/v2\/comments?post=8840"}],"version-history":[{"count":5,"href":"https:\/\/hookahshop.lt\/lv\/wp-json\/wp\/v2\/product\/8840\/revisions"}],"predecessor-version":[{"id":29558,"href":"https:\/\/hookahshop.lt\/lv\/wp-json\/wp\/v2\/product\/8840\/revisions\/29558"}],"wp:featuredmedia":[{"embeddable":true,"href":"https:\/\/hookahshop.lt\/lv\/wp-json\/wp\/v2\/media\/8841"}],"wp:attachment":[{"href":"https:\/\/hookahshop.lt\/lv\/wp-json\/wp\/v2\/media?parent=8840"}],"curies":[{"name":"wp","href":"https:\/\/api.w.org\/{rel}","templated":true}]}}