{"id":8846,"date":"2020-06-06T22:15:31","date_gmt":"2020-06-06T19:15:31","guid":{"rendered":"https:\/\/hookahshop.lt\/?post_type=product&#038;p=8846"},"modified":"2026-04-06T23:29:14","modified_gmt":"2026-04-06T20:29:14","slug":"taurele-kaljanui-smokelab-malachit-phunnel","status":"publish","type":"product","link":"https:\/\/hookahshop.lt\/lv\/produkt\/taurele-kaljanui-malachit-phunnel\/","title":{"rendered":"Kauss \u016bdensp\u012bpei SMOKELAB Malachit Phunnel"},"content":{"rendered":"<h2>Kauss \u016bdensp\u012bpei SMOKELAB Malachit Phunnel<\/h2>\n<p>Kr\u016bz\u012bte no sarkan\u0101 m\u0101la ar aizsargp\u0101rkl\u0101jumu, kas ne\u013cauj kr\u016bz\u012btei uzs\u016bkt s\u012brupu.<\/p>\n<p>Biezas sienas \u013cauj gl\u0101zei vienm\u0113r\u012bgi un vienm\u0113r\u012bgi sakarst.<\/p>\n<p>Raksturojums:<br \/>\nAugstums: 100 mm<br \/>\nDiametrs (\u0101r\u0113jais): 74 mm<br \/>\nDiametrs (iek\u0161\u0113jais): 61 mm<br \/>\nDzi\u013cums: 14 mm<br \/>\nUrbuma diametrs: 8 mm<br \/>\nUrbumu skaits: 1 gab<br \/>\nSvars: 170 grami<\/p>\n<p>Vai jums ir k\u0101di jaut\u0101jumi? Sazinies ar mums\u00a0<a href=\"https:\/\/hookahshop.lt\/lv\/kontaktiem\/\">kontaktu lapa<\/a>\u00a0vai rakstiet mums pa e-pastu\u00a0<a href=\"https:\/\/facebook.com\/HookahShop.lt\/\" target=\"_blank\" rel=\"noopener noreferrer\">Facebook konts<\/a>\u00a0un m\u0113s atbild\u0113sim uz j\u016bsu piepras\u012bjumu taj\u0101 pa\u0161\u0101 dien\u0101.<\/p>","protected":false},"excerpt":{"rendered":"<p>\u016adensp\u012bpes kr\u016bze SMOKELAB Malachit Phunnel kr\u016bze izgatavota no sarkan\u0101 m\u0101la ar aizsargp\u0101rkl\u0101jumu, kas ne\u013cauj kr\u016bz\u012btei uzs\u016bkt s\u012brupu. Biez\u0101s sienas \u013cauj kr\u016bzei vienm\u0113r\u012bgi un vienm\u0113r\u012bgi uzkarst. Raksturojums: Augstums: 100 mm Diametrs (\u0101r\u0113jais): 74 mm Diametrs (iek\u0161\u0113jais): 61 mm Dzi\u013cums: 14 mm Cauruma diametrs: 8 mm Caurumu skaits: 1 gab Svars: 170 grami Vai ir k\u0101di jaut\u0101jumi? Sazinieties ar [\u2026]<\/p>","protected":false},"featured_media":8849,"comment_status":"open","ping_status":"closed","template":"","meta":[],"_links":{"self":[{"href":"https:\/\/hookahshop.lt\/lv\/wp-json\/wp\/v2\/product\/8846"}],"collection":[{"href":"https:\/\/hookahshop.lt\/lv\/wp-json\/wp\/v2\/product"}],"about":[{"href":"https:\/\/hookahshop.lt\/lv\/wp-json\/wp\/v2\/types\/product"}],"replies":[{"embeddable":true,"href":"https:\/\/hookahshop.lt\/lv\/wp-json\/wp\/v2\/comments?post=8846"}],"version-history":[{"count":4,"href":"https:\/\/hookahshop.lt\/lv\/wp-json\/wp\/v2\/product\/8846\/revisions"}],"predecessor-version":[{"id":29559,"href":"https:\/\/hookahshop.lt\/lv\/wp-json\/wp\/v2\/product\/8846\/revisions\/29559"}],"wp:featuredmedia":[{"embeddable":true,"href":"https:\/\/hookahshop.lt\/lv\/wp-json\/wp\/v2\/media\/8849"}],"wp:attachment":[{"href":"https:\/\/hookahshop.lt\/lv\/wp-json\/wp\/v2\/media?parent=8846"}],"curies":[{"name":"wp","href":"https:\/\/api.w.org\/{rel}","templated":true}]}}