{"id":8852,"date":"2020-06-06T22:21:40","date_gmt":"2020-06-06T19:21:40","guid":{"rendered":"https:\/\/hookahshop.lt\/?post_type=product&#038;p=8852"},"modified":"2026-04-05T23:29:18","modified_gmt":"2026-04-05T20:29:18","slug":"taurele-kaljanui-solaris-saturn-glazuruota","status":"publish","type":"product","link":"https:\/\/hookahshop.lt\/lv\/produkt\/taurele-kaljanui-solaris-saturn-glazets\/","title":{"rendered":"Kr\u016bz\u012bte \u016bdensp\u012bpei SOLARIS Saturn"},"content":{"rendered":"<h2>Kr\u016bz\u012bte \u016bdensp\u012bpei SOLARIS Saturn<\/h2>\n<p>Form killer 7 bedr\u012btes, stiklotas - liela ietilp\u012bba 15-20g apm\u0113ram vienu stundu k\u016bpin\u0101\u0161anai.<\/p>\n<p>Vai jums ir k\u0101di jaut\u0101jumi? Sazinies ar mums\u00a0<a href=\"https:\/\/hookahshop.lt\/lv\/kontaktiem\/\">kontaktu lapa<\/a>\u00a0vai rakstiet mums pa e-pastu\u00a0<a href=\"https:\/\/facebook.com\/HookahShop.lt\/\" target=\"_blank\" rel=\"noopener noreferrer\">Facebook konts<\/a>\u00a0un m\u0113s atbild\u0113sim uz j\u016bsu piepras\u012bjumu taj\u0101 pa\u0161\u0101 dien\u0101.<\/p>","protected":false},"excerpt":{"rendered":"<p>\u016adensp\u012bpes kr\u016bze SOLARIS Saturn Forma killer 7 bedr\u012btes, glaz\u0113ta - liela ietilp\u012bba 15-20g apm\u0113ram vienas stundas k\u016bpin\u0101\u0161anai. Vai jums ir k\u0101di jaut\u0101jumi? Sazinieties ar mums kontaktu lap\u0101 vai rakstiet mums Facebook, un m\u0113s atbild\u0113sim uz j\u016bsu piepras\u012bjumu taj\u0101 pa\u0161\u0101 dien\u0101.<\/p>","protected":false},"featured_media":8853,"comment_status":"open","ping_status":"closed","template":"","meta":[],"_links":{"self":[{"href":"https:\/\/hookahshop.lt\/lv\/wp-json\/wp\/v2\/product\/8852"}],"collection":[{"href":"https:\/\/hookahshop.lt\/lv\/wp-json\/wp\/v2\/product"}],"about":[{"href":"https:\/\/hookahshop.lt\/lv\/wp-json\/wp\/v2\/types\/product"}],"replies":[{"embeddable":true,"href":"https:\/\/hookahshop.lt\/lv\/wp-json\/wp\/v2\/comments?post=8852"}],"version-history":[{"count":3,"href":"https:\/\/hookahshop.lt\/lv\/wp-json\/wp\/v2\/product\/8852\/revisions"}],"predecessor-version":[{"id":29563,"href":"https:\/\/hookahshop.lt\/lv\/wp-json\/wp\/v2\/product\/8852\/revisions\/29563"}],"wp:featuredmedia":[{"embeddable":true,"href":"https:\/\/hookahshop.lt\/lv\/wp-json\/wp\/v2\/media\/8853"}],"wp:attachment":[{"href":"https:\/\/hookahshop.lt\/lv\/wp-json\/wp\/v2\/media?parent=8852"}],"curies":[{"name":"wp","href":"https:\/\/api.w.org\/{rel}","templated":true}]}}