{"id":9072,"date":"2020-06-11T21:52:43","date_gmt":"2020-06-11T18:52:43","guid":{"rendered":"https:\/\/hookahshop.lt\/?post_type=product&#038;p=9072"},"modified":"2026-04-05T23:29:21","modified_gmt":"2026-04-05T20:29:21","slug":"znyples-kaljano-anglims-blade-hookah-replika","status":"publish","type":"product","link":"https:\/\/hookahshop.lt\/lv\/produkt\/znyples-hookah-anglims-blade-hookah-replica\/","title":{"rendered":"\u016adensp\u012bpes kokogles knaibles BLADE HOOKAH Replica"},"content":{"rendered":"<h2>\u016adensp\u012bpes kokogles knaibles BLADE HOOKAH Replica<\/h2>\n<p>Asmens \u016bdensp\u012bpes knaibles ir izgatavotas tikai no ner\u016bs\u0113jo\u0161\u0101 t\u0113rauda, \u013coti \u0113rts izm\u0113rs.<\/p>\n<p>Vai jums ir k\u0101di jaut\u0101jumi? Sazinies ar mums\u00a0<a href=\"https:\/\/hookahshop.lt\/lv\/kontaktiem\/\">kontaktu lapa<\/a>\u00a0vai rakstiet mums pa e-pastu\u00a0<a href=\"https:\/\/facebook.com\/HookahShop.lt\/\" target=\"_blank\" rel=\"noopener noreferrer\">Facebook konts<\/a>\u00a0un m\u0113s atbild\u0113sim uz j\u016bsu piepras\u012bjumu taj\u0101 pa\u0161\u0101 dien\u0101.<\/p>","protected":false},"excerpt":{"rendered":"<p>Knaibles \u016bdensp\u012bpei ogl\u0113m BLADE HOOKAH Replica &quot;Blade Hookah&quot; Knaibles ir izgatavotas tikai no ner\u016bs\u0113jo\u0161\u0101 t\u0113rauda, \u013coti \u0113rts izm\u0113rs. Vai jums ir k\u0101di jaut\u0101jumi? Sazinieties ar mums kontaktu lap\u0101 vai rakstiet mums uz m\u016bsu Facebook kontu un m\u0113s atbild\u0113sim uz j\u016bsu piepras\u012bjumu taj\u0101 pa\u0161\u0101 dien\u0101.<\/p>","protected":false},"featured_media":30764,"comment_status":"open","ping_status":"closed","template":"","meta":[],"_links":{"self":[{"href":"https:\/\/hookahshop.lt\/lv\/wp-json\/wp\/v2\/product\/9072"}],"collection":[{"href":"https:\/\/hookahshop.lt\/lv\/wp-json\/wp\/v2\/product"}],"about":[{"href":"https:\/\/hookahshop.lt\/lv\/wp-json\/wp\/v2\/types\/product"}],"replies":[{"embeddable":true,"href":"https:\/\/hookahshop.lt\/lv\/wp-json\/wp\/v2\/comments?post=9072"}],"version-history":[{"count":7,"href":"https:\/\/hookahshop.lt\/lv\/wp-json\/wp\/v2\/product\/9072\/revisions"}],"predecessor-version":[{"id":43034,"href":"https:\/\/hookahshop.lt\/lv\/wp-json\/wp\/v2\/product\/9072\/revisions\/43034"}],"wp:featuredmedia":[{"embeddable":true,"href":"https:\/\/hookahshop.lt\/lv\/wp-json\/wp\/v2\/media\/30764"}],"wp:attachment":[{"href":"https:\/\/hookahshop.lt\/lv\/wp-json\/wp\/v2\/media?parent=9072"}],"curies":[{"name":"wp","href":"https:\/\/api.w.org\/{rel}","templated":true}]}}