{"id":9156,"date":"2020-06-14T20:56:11","date_gmt":"2020-06-14T17:56:11","guid":{"rendered":"https:\/\/hookahshop.lt\/?post_type=product&#038;p=9156"},"modified":"2026-04-15T12:28:45","modified_gmt":"2026-04-15T09:28:45","slug":"indelis-tabakui-laikyti-100g","status":"publish","type":"product","link":"https:\/\/hookahshop.lt\/lv\/produkt\/burka-tabakas-uzglabasanai-100g\/","title":{"rendered":"Tabakas trauks 100g"},"content":{"rendered":"<h2>Konteiners tabakas uzglab\u0101\u0161anai ar ietilp\u012bbu 100g<\/h2>\n<p>Tvertne ir izgatavota no plastmasas, un tai rakstur\u012bga augsta herm\u0113tiskuma un kompaktuma pak\u0101pe, un tam ir pietiekami liela ietilp\u012bba tabakai vai tabakas mais\u012bjumam.<br \/>\n\u0160is tabakas trauks ir piln\u012bb\u0101 herm\u0113tisks un mitrumiztur\u012bgs, t\u0101p\u0113c j\u016bsu tabakas mais\u012bjums paliks trauk\u0101 t\u0101, k\u0101 to ievietojat, neatkar\u012bgi no t\u0101, cik vecs tabakas mais\u012bjums atrodas trauk\u0101.<\/p>\n<p>Vai jums ir k\u0101di jaut\u0101jumi? Sazinies ar mums\u00a0<a href=\"https:\/\/hookahshop.lt\/lv\/kontaktiem\/\">kontaktu lapa<\/a>\u00a0vai rakstiet mums pa e-pastu\u00a0<a href=\"https:\/\/facebook.com\/HookahShop.lt\/\" target=\"_blank\" rel=\"noopener noreferrer\">Facebook konts<\/a>\u00a0un m\u0113s atbild\u0113sim uz j\u016bsu piepras\u012bjumu taj\u0101 pa\u0161\u0101 dien\u0101.<\/p>","protected":false},"excerpt":{"rendered":"<p>Tvertne tabakas uzglab\u0101\u0161anai 100g ietilp\u012bba Konteiners ir izgatavots no plastmasas un tam ir rakstur\u012bga augsta herm\u0113tiskuma un kompaktuma pak\u0101pe, un tam ir pietiekami liela ietilp\u012bba tabakai vai tabakas mais\u012bjumam. \u0160is tabakas trauks ir piln\u012bb\u0101 herm\u0113tisks un mitruma necaurlaid\u012bgs, t\u0101p\u0113c trauk\u0101 ievietotais tabakas mais\u012bjums paliks t\u0101ds pats k\u0101 j\u016bs to ievietoj\u0101t neatkar\u012bgi no t\u0101, cik vecs tabakas mais\u012bjums ir ievietots [\u2026]<\/p>","protected":false},"featured_media":9165,"comment_status":"open","ping_status":"closed","template":"","meta":[],"_links":{"self":[{"href":"https:\/\/hookahshop.lt\/lv\/wp-json\/wp\/v2\/product\/9156"}],"collection":[{"href":"https:\/\/hookahshop.lt\/lv\/wp-json\/wp\/v2\/product"}],"about":[{"href":"https:\/\/hookahshop.lt\/lv\/wp-json\/wp\/v2\/types\/product"}],"replies":[{"embeddable":true,"href":"https:\/\/hookahshop.lt\/lv\/wp-json\/wp\/v2\/comments?post=9156"}],"version-history":[{"count":5,"href":"https:\/\/hookahshop.lt\/lv\/wp-json\/wp\/v2\/product\/9156\/revisions"}],"predecessor-version":[{"id":42937,"href":"https:\/\/hookahshop.lt\/lv\/wp-json\/wp\/v2\/product\/9156\/revisions\/42937"}],"wp:featuredmedia":[{"embeddable":true,"href":"https:\/\/hookahshop.lt\/lv\/wp-json\/wp\/v2\/media\/9165"}],"wp:attachment":[{"href":"https:\/\/hookahshop.lt\/lv\/wp-json\/wp\/v2\/media?parent=9156"}],"curies":[{"name":"wp","href":"https:\/\/api.w.org\/{rel}","templated":true}]}}