{"id":9318,"date":"2020-06-20T09:54:30","date_gmt":"2020-06-20T06:54:30","guid":{"rendered":"https:\/\/hookahshop.lt\/?post_type=product&#038;p=9318"},"modified":"2026-04-06T23:28:42","modified_gmt":"2026-04-06T20:28:42","slug":"kaljanas-alpha-hookah-x-bronze","status":"publish","type":"product","link":"https:\/\/hookahshop.lt\/lv\/produkt\/udenspipe-alfa-udenspipe-x-bronza-kolba\/","title":{"rendered":"\u016adensp\u012bpe ALPHA HOOKAH X Bronza"},"content":{"rendered":"<h2>\u016adensp\u012bpe ALPHA \u016adensp\u012bpe X Bronza<\/h2>\n<p>Alfa \u016bdensp\u012bpe Model X, gada \u0101\u0137is D\u017eona Kaljano balvu pasnieg\u0161an\u0101 2018 un \u016adensp\u012bpes kluba izst\u0101d\u0113 2020<br \/>\nTas ir kompakts, viegli lietojams. Pietiekami viegls \u016bdensp\u012bpe, visi t\u0101 elementi ir izgatavoti no augstas kvalit\u0101tes moderniem materi\u0101liem, nodro\u0161inot izcilu gar\u0161u un iztur\u012bbu pat regul\u0101ri lietojot.<\/p>\n<p><strong>Raksturojums:<\/strong><br \/>\n\u016adensp\u012bpes svars: ~ 1320 gr<br \/>\n\u016adensp\u012bpes augstums: 420 mm<br \/>\nNer\u016bs\u0113jo\u0161ais t\u0113rauds, D13 mm<br \/>\nZole ar atver\u0113m p\u016b\u0161anai izgatavota no anod\u0113ta alum\u012bnija, p\u0101rkl\u0101ta ar pulveri<br \/>\nNer\u016bs\u0113jo\u0161ais t\u0113rauds, D14 mm<br \/>\nGalvenais materi\u0101ls: v\u0101cu poliacet\u0101ls<br \/>\n\u0160\u013c\u016btenes savienojums: magn\u0113tisks<br \/>\nSavienojuma materi\u0101ls: poliacet\u0101ls<br \/>\nDifuzors: no\u0146emams<br \/>\nMutes iemutne: ner\u016bs\u0113jo\u0161ais t\u0113rauds<br \/>\nIevada garums: 293 mm, D10 mm<br \/>\n\u0160\u013c\u016btene: silikons<br \/>\n\u0160\u013c\u016btenes garums: 1500mm<\/p>\n<p><strong>Apr\u012bkojums:<\/strong><\/p>\n<p>V\u0101rpsta, pl\u0101ksne, \u0161\u013c\u016btene ar iemuti, bl\u012bves.<\/p>\n<p><img decoding=\"async\" loading=\"lazy\" class=\"alignnone size-medium wp-image-38521\" src=\"https:\/\/hookahshop.lt\/wp-content\/uploads\/2020\/09\/stiebas-zarna-kandiklis-1-300x273.jpg\" alt=\"- hookahshop.lt\" width=\"300\" height=\"273\" srcset=\"https:\/\/hookahshop.lt\/wp-content\/uploads\/2020\/09\/stiebas-zarna-kandiklis-1-300x273.jpg 300w, https:\/\/hookahshop.lt\/wp-content\/uploads\/2020\/09\/stiebas-zarna-kandiklis-1-13x12.jpg 13w, https:\/\/hookahshop.lt\/wp-content\/uploads\/2020\/09\/stiebas-zarna-kandiklis-1-64x58.jpg 64w, https:\/\/hookahshop.lt\/wp-content\/uploads\/2020\/09\/stiebas-zarna-kandiklis-1.jpg 420w\" sizes=\"(max-width: 300px) 100vw, 300px\" title=\"\"><\/p>\n<p>Vai jums ir k\u0101di jaut\u0101jumi? Sazinies ar mums\u00a0<a href=\"https:\/\/hookahshop.lt\/lv\/kontaktiem\/\">kontaktu lapa<\/a>\u00a0vai rakstiet mums pa e-pastu\u00a0<a href=\"https:\/\/facebook.com\/HookahShop.lt\/\" target=\"_blank\" rel=\"noopener noreferrer\">Facebook konts<\/a>\u00a0un m\u0113s atbild\u0113sim uz j\u016bsu piepras\u012bjumu taj\u0101 pa\u0161\u0101 dien\u0101.<\/p>\n<p>&nbsp;<\/p>","protected":false},"excerpt":{"rendered":"<p>\u016adensp\u012bpe ALPHA \u016adensp\u012bpe X Bronza &quot;Alpha Hookah Model X&quot;, gada \u016bdensp\u012bpe saska\u0146\u0101 ar John Calliano Awards 2018 un Hookah Club Show 2020. Tas ir kompakts un viegli lietojams. Diezgan viegla \u016bdensp\u012bpe, visi t\u0101s elementi ir izgatavoti no kvalitat\u012bviem m\u016bsdien\u012bgiem materi\u0101liem, kas nodro\u0161ina izcilu gar\u0161u un iztur\u012bbu pat regul\u0101ri lietojot. Raksturojums: \u016adensp\u012bpes svars: ~ 1320 gr \u016adensp\u012bpes augstums: [\u2026]<\/p>","protected":false},"featured_media":9319,"comment_status":"open","ping_status":"closed","template":"","meta":[],"_links":{"self":[{"href":"https:\/\/hookahshop.lt\/lv\/wp-json\/wp\/v2\/product\/9318"}],"collection":[{"href":"https:\/\/hookahshop.lt\/lv\/wp-json\/wp\/v2\/product"}],"about":[{"href":"https:\/\/hookahshop.lt\/lv\/wp-json\/wp\/v2\/types\/product"}],"replies":[{"embeddable":true,"href":"https:\/\/hookahshop.lt\/lv\/wp-json\/wp\/v2\/comments?post=9318"}],"version-history":[{"count":9,"href":"https:\/\/hookahshop.lt\/lv\/wp-json\/wp\/v2\/product\/9318\/revisions"}],"predecessor-version":[{"id":34456,"href":"https:\/\/hookahshop.lt\/lv\/wp-json\/wp\/v2\/product\/9318\/revisions\/34456"}],"wp:featuredmedia":[{"embeddable":true,"href":"https:\/\/hookahshop.lt\/lv\/wp-json\/wp\/v2\/media\/9319"}],"wp:attachment":[{"href":"https:\/\/hookahshop.lt\/lv\/wp-json\/wp\/v2\/media?parent=9318"}],"curies":[{"name":"wp","href":"https:\/\/api.w.org\/{rel}","templated":true}]}}