{"id":9337,"date":"2020-06-20T10:10:15","date_gmt":"2020-06-20T07:10:15","guid":{"rendered":"https:\/\/hookahshop.lt\/?post_type=product&#038;p=9337"},"modified":"2026-05-13T13:51:24","modified_gmt":"2026-05-13T10:51:24","slug":"kaljanas-first-hookah-core-joker","status":"publish","type":"product","link":"https:\/\/hookahshop.lt\/lv\/produkt\/udenspipe-pirmais-udenspipes-kodols-dzokeris\/","title":{"rendered":"\u016adensp\u012bpe FIRST HOOKAH Core Joker"},"content":{"rendered":"<h2>\u016adensp\u012bpe PIRM\u0100 \u016adensp\u012bpe Core Joker<\/h2>\n<p>\u0160\u012b ir mode\u013ca bud\u017eeta versija no augst\u0101k\u0101s klases First Hookah segmenta. Stil\u012bgs un minim\u0101listisks izskats.<\/p>\n<p>Pirmais Hookah Core Joker ir dekor\u0113ts ar Joker grav\u0113jumu uz pa\u0161as \u016bdensp\u012bpes. V\u0101rpsta ir izgatavota no ner\u016bs\u0113jo\u0161\u0101 t\u0113rauda.<\/p>\n<p>Raksturojums:<br \/>\n\u016adensp\u012bpes svars: ~ 1300 gr<br \/>\n\u016adensp\u012bpes augstums: 500 mm<br \/>\nNer\u016bs\u0113jo\u0161ais t\u0113rauds, D13 mm<br \/>\nNer\u016bs\u0113jo\u0161ais t\u0113rauds, D13 mm<br \/>\nGalvenais materi\u0101ls: poliacet\u0101ls<br \/>\n\u0160\u013c\u016btenes savienojuma savienojums: Oring<br \/>\nNer\u016bs\u0113jo\u0161ais t\u0113rauds<br \/>\nDifuzors: no\u0146emams<br \/>\nMutes iemutnis: iegrav\u0113ts ner\u016bs\u0113jo\u0161ais t\u0113rauds<br \/>\nIevada garums: 330 mm, D10 mm<br \/>\n\u0160\u013c\u016btene: silikons<br \/>\n\u0160\u013c\u016btenes garums: 1500mm<\/p>\n<p>Apr\u012bkojums:<br \/>\nV\u0101rpsta, pl\u0101ksne, iemutnis, \u0161\u013c\u016btene, difuzors, \u0161\u013c\u016btenes savienojums, bl\u012bves.<\/p>\n<p>Vai jums ir k\u0101di jaut\u0101jumi? Sazinies ar mums\u00a0<a href=\"https:\/\/hookahshop.lt\/lv\/kontaktiem\/\">kontaktu lapa<\/a>\u00a0vai rakstiet mums pa e-pastu\u00a0<a href=\"https:\/\/facebook.com\/HookahShop.lt\/\" target=\"_blank\" rel=\"noopener noreferrer\">Facebook konts<\/a>\u00a0un m\u0113s atbild\u0113sim uz j\u016bsu piepras\u012bjumu taj\u0101 pa\u0161\u0101 dien\u0101.<\/p>","protected":false},"excerpt":{"rendered":"<p>\u016adensp\u012bpe FIRST Hookah Core Joker \u0160\u012b ir mode\u013ca bud\u017eeta versija no augst\u0101k\u0101s klases First Hookah segmenta. Stil\u012bgs un minim\u0101listisks izskats. Pirmais Hookah Core Joker ir dekor\u0113ts ar Joker grav\u0113jumu uz pa\u0161as \u016bdensp\u012bpes. V\u0101rpsta ir izgatavota no ner\u016bs\u0113jo\u0161\u0101 t\u0113rauda. Raksturojums: \u016adensp\u012bpes svars: ~ 1300 gr \u016adensp\u012bpes augstums: 500 mm Ner\u016bs\u0113jo\u0161ais t\u0113rauds, D13 mm Ner\u016bs\u0113jo\u0161ais t\u0113rauds, D13 mm Galvenais materi\u0101ls: [\u2026]<\/p>","protected":false},"featured_media":9338,"comment_status":"open","ping_status":"closed","template":"","meta":[],"_links":{"self":[{"href":"https:\/\/hookahshop.lt\/lv\/wp-json\/wp\/v2\/product\/9337"}],"collection":[{"href":"https:\/\/hookahshop.lt\/lv\/wp-json\/wp\/v2\/product"}],"about":[{"href":"https:\/\/hookahshop.lt\/lv\/wp-json\/wp\/v2\/types\/product"}],"replies":[{"embeddable":true,"href":"https:\/\/hookahshop.lt\/lv\/wp-json\/wp\/v2\/comments?post=9337"}],"version-history":[{"count":4,"href":"https:\/\/hookahshop.lt\/lv\/wp-json\/wp\/v2\/product\/9337\/revisions"}],"predecessor-version":[{"id":22904,"href":"https:\/\/hookahshop.lt\/lv\/wp-json\/wp\/v2\/product\/9337\/revisions\/22904"}],"wp:featuredmedia":[{"embeddable":true,"href":"https:\/\/hookahshop.lt\/lv\/wp-json\/wp\/v2\/media\/9338"}],"wp:attachment":[{"href":"https:\/\/hookahshop.lt\/lv\/wp-json\/wp\/v2\/media?parent=9337"}],"curies":[{"name":"wp","href":"https:\/\/api.w.org\/{rel}","templated":true}]}}