{"id":9384,"date":"2020-06-27T15:39:23","date_gmt":"2020-06-27T12:39:23","guid":{"rendered":"https:\/\/hookahshop.lt\/?post_type=product&#038;p=9384"},"modified":"2026-04-21T23:29:56","modified_gmt":"2026-04-21T20:29:56","slug":"znyples-kaljano-anglims-blade-hookah-multicolor","status":"publish","type":"product","link":"https:\/\/hookahshop.lt\/lv\/produkt\/udenspipe-udenspipe-karbona-lapstina-udenspipe-daudzkrasains\/","title":{"rendered":"\u016adensp\u012bpes kokogles knaibles BLADE HOOKAH Daudzkr\u0101sains"},"content":{"rendered":"<h2>\u016adensp\u012bpes kokogles knaibles BLADE HOOKAH Daudzkr\u0101sains<\/h2>\n<p>Asme\u0146u \u016bdensp\u012bpes knaibles ir izgatavotas tikai no ner\u016bs\u0113jo\u0161\u0101 t\u0113rauda, \u013coti \u0113rti izm\u0113ri.<\/p>\n<p>Vai jums ir k\u0101di jaut\u0101jumi? Sazinies ar mums\u00a0<a href=\"https:\/\/hookahshop.lt\/lv\/kontaktiem\/\">kontaktu lapa<\/a>\u00a0vai rakstiet mums pa e-pastu\u00a0<a href=\"https:\/\/facebook.com\/HookahShop.lt\/\" target=\"_blank\" rel=\"noopener noreferrer\">Facebook konts<\/a>\u00a0un m\u0113s atbild\u0113sim uz j\u016bsu piepras\u012bjumu taj\u0101 pa\u0161\u0101 dien\u0101.<\/p>","protected":false},"excerpt":{"rendered":"<p>Knaibles \u016bdensp\u012bpei ogl\u0113m BLADE HOOKAH Daudzkr\u0101sains &quot;Blade Hookah&quot; Knaibles ir izgatavotas tikai no ner\u016bs\u0113jo\u0161\u0101 t\u0113rauda, \u013coti \u0113rti izm\u0113ri. Vai jums ir k\u0101di jaut\u0101jumi? Sazinieties ar mums kontaktu lap\u0101 vai rakstiet mums uz m\u016bsu Facebook kontu un m\u0113s atbild\u0113sim uz j\u016bsu piepras\u012bjumu taj\u0101 pa\u0161\u0101 dien\u0101.<\/p>","protected":false},"featured_media":9386,"comment_status":"open","ping_status":"closed","template":"","meta":[],"_links":{"self":[{"href":"https:\/\/hookahshop.lt\/lv\/wp-json\/wp\/v2\/product\/9384"}],"collection":[{"href":"https:\/\/hookahshop.lt\/lv\/wp-json\/wp\/v2\/product"}],"about":[{"href":"https:\/\/hookahshop.lt\/lv\/wp-json\/wp\/v2\/types\/product"}],"replies":[{"embeddable":true,"href":"https:\/\/hookahshop.lt\/lv\/wp-json\/wp\/v2\/comments?post=9384"}],"version-history":[{"count":5,"href":"https:\/\/hookahshop.lt\/lv\/wp-json\/wp\/v2\/product\/9384\/revisions"}],"predecessor-version":[{"id":33220,"href":"https:\/\/hookahshop.lt\/lv\/wp-json\/wp\/v2\/product\/9384\/revisions\/33220"}],"wp:featuredmedia":[{"embeddable":true,"href":"https:\/\/hookahshop.lt\/lv\/wp-json\/wp\/v2\/media\/9386"}],"wp:attachment":[{"href":"https:\/\/hookahshop.lt\/lv\/wp-json\/wp\/v2\/media?parent=9384"}],"curies":[{"name":"wp","href":"https:\/\/api.w.org\/{rel}","templated":true}]}}