{"id":9495,"date":"2020-06-29T09:25:42","date_gmt":"2020-06-29T06:25:42","guid":{"rendered":"https:\/\/hookahshop.lt\/?post_type=product&#038;p=9495"},"modified":"2026-04-06T23:28:44","modified_gmt":"2026-04-06T20:28:44","slug":"kaljanas-bamboo-hookah-stem","status":"publish","type":"product","link":"https:\/\/hookahshop.lt\/lv\/produkt\/kaljanas-bambusa-udenspipes-kats\/","title":{"rendered":"\u016adensp\u012bpe BAMBUSA \u016adensp\u012bpes k\u0101ts"},"content":{"rendered":"<h2>\u016adensp\u012bpe BAMBUSA \u016adensp\u012bpes k\u0101ts<\/h2>\n<p>Tam ir minim\u0101listisks dizains, kas izgatavots no ner\u016bs\u0113jo\u0161\u0101 t\u0113rauda. Bud\u017eeta modelis Bamboo Hookah Stem, \u0161\u012b \u016bdensp\u012bpe neatst\u0101s j\u016bs vienaldz\u012bgu.<\/p>\n<p>Apr\u012bkojums:<\/p>\n<p>V\u0101rpsta; pl\u0101ksne ar z\u012bmola grav\u0113jumu; iemuti; zarnas; bl\u012bves; <strong>Kolba ir izgaismota<\/strong>.<\/p>\n<p>Raksturojums:<br \/>\n\u016adensp\u012bpes svars: ~ 2180 gr<br \/>\n\u016adensp\u012bpes augstums ar kolbu: 525 mm<br \/>\nNer\u016bs\u0113jo\u0161ais t\u0113rauds &quot;Aisi-304&quot;, D16 mm<br \/>\nNer\u016bs\u0113jo\u0161ais t\u0113rauds<br \/>\nNer\u016bs\u0113jo\u0161ais t\u0113rauds, D13 mm<br \/>\nGalvenais materi\u0101ls: poliacet\u0101ls<br \/>\n\u0160\u013c\u016btenes savienojums: ieb\u016bv\u0113ts<br \/>\nSavienojuma materi\u0101ls: ner\u016bs\u0113jo\u0161ais t\u0113rauds<br \/>\nPiet\u016bkums: iek\u0161\u0113js - logotipa form\u0101<br \/>\nDifuzors: no\u0146emams, ner\u016bs\u0113jo\u0161ais t\u0113rauds<br \/>\nIemutnis: ner\u016bs\u0113jo\u0161ais t\u0113rauds<br \/>\nIevada garums: 283 mm, D10 mm<br \/>\n\u0160\u013c\u016btene: silikons<br \/>\n\u0160\u013c\u016btenes garums: 1500mm<\/p>\n<p>Vai jums ir k\u0101di jaut\u0101jumi? Sazinies ar mums\u00a0<a href=\"https:\/\/hookahshop.lt\/lv\/kontaktiem\/\">kontaktu lapa<\/a>\u00a0vai rakstiet mums pa e-pastu\u00a0<a href=\"https:\/\/facebook.com\/HookahShop.lt\/\" target=\"_blank\" rel=\"noopener noreferrer\">Facebook konts<\/a>\u00a0un m\u0113s atbild\u0113sim uz j\u016bsu piepras\u012bjumu taj\u0101 pa\u0161\u0101 dien\u0101.<\/p>","protected":false},"excerpt":{"rendered":"<p>\u016adensp\u012bpes BAMBOO \u016adensp\u012bpes k\u0101ts Tam ir minim\u0101listisks dizains, kas izgatavots no ner\u016bs\u0113jo\u0161\u0101 t\u0113rauda. Bud\u017eeta modelis Bamboo Hookah Stem, \u0161\u012b \u016bdensp\u012bpe neatst\u0101s j\u016bs vienaldz\u012bgu. Pilns komplekts: V\u0101rpsta; pl\u0101ksne ar firmas grav\u0113jumu; iemutnis; \u0161\u013c\u016btene; starplikas; KLOBA ir caursp\u012bd\u012bgi izgaismota. Raksturojums: \u016adensp\u012bpes svars: ~ 2180 gr \u016adensp\u012bpes augstums ar kolbu: 525 mm Ner\u016bs\u0113jo\u0161ais t\u0113rauds &quot;Aisi-304&quot;, D16 mm Ner\u016bs\u0113jo\u0161ais t\u0113rauds Ner\u016bs\u0113jo\u0161ais t\u0113rauds, D13 mm Galvenais [\u2026]<\/p>","protected":false},"featured_media":9496,"comment_status":"open","ping_status":"closed","template":"","meta":[],"_links":{"self":[{"href":"https:\/\/hookahshop.lt\/lv\/wp-json\/wp\/v2\/product\/9495"}],"collection":[{"href":"https:\/\/hookahshop.lt\/lv\/wp-json\/wp\/v2\/product"}],"about":[{"href":"https:\/\/hookahshop.lt\/lv\/wp-json\/wp\/v2\/types\/product"}],"replies":[{"embeddable":true,"href":"https:\/\/hookahshop.lt\/lv\/wp-json\/wp\/v2\/comments?post=9495"}],"version-history":[{"count":3,"href":"https:\/\/hookahshop.lt\/lv\/wp-json\/wp\/v2\/product\/9495\/revisions"}],"predecessor-version":[{"id":27897,"href":"https:\/\/hookahshop.lt\/lv\/wp-json\/wp\/v2\/product\/9495\/revisions\/27897"}],"wp:featuredmedia":[{"embeddable":true,"href":"https:\/\/hookahshop.lt\/lv\/wp-json\/wp\/v2\/media\/9496"}],"wp:attachment":[{"href":"https:\/\/hookahshop.lt\/lv\/wp-json\/wp\/v2\/media?parent=9495"}],"curies":[{"name":"wp","href":"https:\/\/api.w.org\/{rel}","templated":true}]}}