{"id":9544,"date":"2020-06-29T16:04:22","date_gmt":"2020-06-29T13:04:22","guid":{"rendered":"https:\/\/hookahshop.lt\/?post_type=product&#038;p=9544"},"modified":"2026-04-15T23:29:18","modified_gmt":"2026-04-15T20:29:18","slug":"zarna-silikonine-blade-hookah-black","status":"publish","type":"product","link":"https:\/\/hookahshop.lt\/lv\/produkt\/slutene-silikona-asmens-udenspipe-melna\/","title":{"rendered":"Silikona \u0161\u013c\u016btene BLADE HOOKAH Melna"},"content":{"rendered":"<h2>Silikona \u0161\u013c\u016btene BLADE HOOKAH Melna<\/h2>\n<p>\u0160\u013c\u016btene ir izgatavota no medic\u012bnisk\u0101 silikona ar antistatisku Soft-Touch p\u0101rkl\u0101jumu, un tai nav sve\u0161as smakas. Pateicoties \u0161\u012bm funkcij\u0101m, BLADE \u016bdensp\u012bpes \u0161\u013c\u016btene joproj\u0101m ir elast\u012bga.<br \/>\nSpecifik\u0101cijas:<br \/>\nGarums: 1,60 m<br \/>\n\u0100r\u0113jais diametrs: 18 mm<br \/>\n\u0160\u013c\u016btenes iek\u0161\u0113jais diametrs: 11 mm<br \/>\nP\u0101rkl\u0101ts: m\u012bksts, m\u012bksts piesk\u0101riens<br \/>\nSvars: apm\u0113ram 270 g.<\/p>\n<p>Vai jums ir k\u0101di jaut\u0101jumi? Sazinies ar mums\u00a0<a href=\"https:\/\/hookahshop.lt\/lv\/kontaktiem\/\">kontaktu lapa<\/a>\u00a0vai rakstiet mums pa e-pastu\u00a0<a href=\"https:\/\/facebook.com\/HookahShop.lt\/\" target=\"_blank\" rel=\"noopener noreferrer\">Facebook konts<\/a>\u00a0un m\u0113s atbild\u0113sim uz j\u016bsu piepras\u012bjumu taj\u0101 pa\u0161\u0101 dien\u0101.<\/p>","protected":false},"excerpt":{"rendered":"<p>Silikona \u0161\u013c\u016btene BLADE HOOKAH Black \u0160\u013c\u016btene ir izgatavota no medic\u012bnisk\u0101 silikona ar antistatisku Soft-Touch p\u0101rkl\u0101jumu un tai nav sve\u0161as smakas. Pateicoties \u0161\u012bm funkcij\u0101m, BLADE \u016bdensp\u012bpes \u0161\u013c\u016btene joproj\u0101m ir elast\u012bga. Specifik\u0101cijas: Garums: 1,60m \u0100r\u0113jais diametrs: 18mm \u0160\u013c\u016btenes iek\u0161\u0113jais diametrs: 11mm P\u0101rkl\u0101ts: m\u012bksts, m\u012bksts piesk\u0101riens Svars: apm\u0113ram 270 g. Vai jums ir k\u0101di jaut\u0101jumi? Sazinieties ar mums kontaktu lap\u0101 vai rakstiet mums uz m\u016bsu Facebook kontu un [\u2026]<\/p>","protected":false},"featured_media":9556,"comment_status":"open","ping_status":"closed","template":"","meta":[],"_links":{"self":[{"href":"https:\/\/hookahshop.lt\/lv\/wp-json\/wp\/v2\/product\/9544"}],"collection":[{"href":"https:\/\/hookahshop.lt\/lv\/wp-json\/wp\/v2\/product"}],"about":[{"href":"https:\/\/hookahshop.lt\/lv\/wp-json\/wp\/v2\/types\/product"}],"replies":[{"embeddable":true,"href":"https:\/\/hookahshop.lt\/lv\/wp-json\/wp\/v2\/comments?post=9544"}],"version-history":[{"count":4,"href":"https:\/\/hookahshop.lt\/lv\/wp-json\/wp\/v2\/product\/9544\/revisions"}],"predecessor-version":[{"id":24967,"href":"https:\/\/hookahshop.lt\/lv\/wp-json\/wp\/v2\/product\/9544\/revisions\/24967"}],"wp:featuredmedia":[{"embeddable":true,"href":"https:\/\/hookahshop.lt\/lv\/wp-json\/wp\/v2\/media\/9556"}],"wp:attachment":[{"href":"https:\/\/hookahshop.lt\/lv\/wp-json\/wp\/v2\/media?parent=9544"}],"curies":[{"name":"wp","href":"https:\/\/api.w.org\/{rel}","templated":true}]}}