{"id":9569,"date":"2020-06-30T12:53:48","date_gmt":"2020-06-30T09:53:48","guid":{"rendered":"https:\/\/hookahshop.lt\/?post_type=product&#038;p=9569"},"modified":"2026-04-18T23:28:36","modified_gmt":"2026-04-18T20:28:36","slug":"anglys-kaljanui-zocomo-26mm-1kg","status":"publish","type":"product","link":"https:\/\/hookahshop.lt\/lv\/produkt\/kokogles-udenspipe-zocomo-26mm-1-kg\/","title":{"rendered":"Kokogles \u016bdensp\u012bpei ZOCOMO 26mm 1kg"},"content":{"rendered":"<h2>Kokogles \u016bdensp\u012bpei ZOCOMO 26mm 1kg<\/h2>\n<p>Kop\u0101 ar Zocomo Cubes popul\u0101rais tabakas ra\u017eot\u0101js Zomo tagad uzs\u0101k savu og\u013cu ra\u017eo\u0161anu.<br \/>\nOgles sast\u0101v no kokosriekstu \u010daumal\u0101m un 100% dab\u012bg\u0101m izejviel\u0101m, padarot t\u0101s \u012bpa\u0161i videi draudz\u012bgas.<br \/>\n\u016adensp\u012bpe ogles ir augstas kvalit\u0101tes un pien\u0101c\u012bgi atbalsta siltumu sm\u0113\u0137\u0113\u0161anas laik\u0101.<br \/>\nTurkl\u0101t kluc\u012b\u0161i p\u0101rsteidz ar ilgu deg\u0161anas laiku un to, ka sm\u0113\u0137\u0113\u0161anas laik\u0101 vi\u0146iem neatt\u012bst\u0101s gar\u0161a, lai p\u0113c iesp\u0113jas vair\u0101k baud\u012btu tabaku.<br \/>\nViena oglek\u013ca izm\u0113ri: 26 x 26 x 26 mm<br \/>\nKast\u012bte satur 64 ogles<br \/>\nDeg\u0161anas laiks: apm\u0113ram 90 min<br \/>\nIzveides laiks: l\u012bdz 12 min\u016bt\u0113m<br \/>\nLai dedzin\u0101tu ogles, ir nepiecie\u0161ama elektrisk\u0101 pl\u012bts \u016bdensp\u012bpe, t\u016bristu g\u0101zes pl\u012bts vai taml\u012bdz\u012bgi.<br \/>\nIzcelsmes valsts: Indon\u0113zija<\/p>\n<p>Vai jums ir k\u0101di jaut\u0101jumi? Sazinies ar mums\u00a0<a href=\"https:\/\/hookahshop.lt\/lv\/kontaktiem\/\">kontaktu lapa<\/a>\u00a0vai rakstiet mums pa e-pastu\u00a0<a href=\"https:\/\/facebook.com\/HookahShop.lt\/\" target=\"_blank\" rel=\"noopener noreferrer\">Facebook konts<\/a>\u00a0un m\u0113s atbild\u0113sim uz j\u016bsu piepras\u012bjumu taj\u0101 pa\u0161\u0101 dien\u0101.<\/p>","protected":false},"excerpt":{"rendered":"<p>Ogles \u016bdensp\u012bpei ZOCOMO 26mm 1kg Kop\u0101 ar Zocomo Cubes popul\u0101rais tabakas ra\u017eot\u0101js Zomo tagad pied\u0101v\u0101 tirg\u016b savu kokogli. Ogleklis sast\u0101v no kokosriekstu \u010daumal\u0101m un 100% dab\u012bg\u0101m izejviel\u0101m, t\u0101p\u0113c t\u0101s ir \u012bpa\u0161i videi draudz\u012bgas. \u016adensp\u012bpes ogles ir augstas kvalit\u0101tes un pareizi uztur siltumu k\u016bpin\u0101\u0161anas laik\u0101. Turkl\u0101t kluc\u012b\u0161i ir iespaid\u012bgi, pateicoties savam ilgajam deg\u0161anas laikam un tam, ka k\u016bpinot [...]<\/p>","protected":false},"featured_media":9570,"comment_status":"open","ping_status":"closed","template":"","meta":[],"_links":{"self":[{"href":"https:\/\/hookahshop.lt\/lv\/wp-json\/wp\/v2\/product\/9569"}],"collection":[{"href":"https:\/\/hookahshop.lt\/lv\/wp-json\/wp\/v2\/product"}],"about":[{"href":"https:\/\/hookahshop.lt\/lv\/wp-json\/wp\/v2\/types\/product"}],"replies":[{"embeddable":true,"href":"https:\/\/hookahshop.lt\/lv\/wp-json\/wp\/v2\/comments?post=9569"}],"version-history":[{"count":5,"href":"https:\/\/hookahshop.lt\/lv\/wp-json\/wp\/v2\/product\/9569\/revisions"}],"predecessor-version":[{"id":23385,"href":"https:\/\/hookahshop.lt\/lv\/wp-json\/wp\/v2\/product\/9569\/revisions\/23385"}],"wp:featuredmedia":[{"embeddable":true,"href":"https:\/\/hookahshop.lt\/lv\/wp-json\/wp\/v2\/media\/9570"}],"wp:attachment":[{"href":"https:\/\/hookahshop.lt\/lv\/wp-json\/wp\/v2\/media?parent=9569"}],"curies":[{"name":"wp","href":"https:\/\/api.w.org\/{rel}","templated":true}]}}