{"id":9640,"date":"2020-07-02T15:07:22","date_gmt":"2020-07-02T12:07:22","guid":{"rendered":"https:\/\/hookahshop.lt\/?post_type=product&#038;p=9640"},"modified":"2026-05-13T13:52:15","modified_gmt":"2026-05-13T10:52:15","slug":"taurele-kaljanui-solaris-styx-bowl","status":"publish","type":"product","link":"https:\/\/hookahshop.lt\/lv\/produkt\/kauss-udenspipe-solaris-styx-bloda\/","title":{"rendered":"Kauss \u016bdensp\u012bpei SOLARIS Styx"},"content":{"rendered":"<h2>Kauss \u016bdensp\u012bpei SOLARIS Styx<\/h2>\n<p>Iek\u0161puse un \u0101rpuse ir stiklotas.<\/p>\n<p>Kop\u0113jais augstums - 77mm<br \/>\nDarba da\u013cas dzi\u013cums ir 18mm<br \/>\nDarba da\u013cas diametrs ir 56mm<\/p>\n<p>Vai jums ir k\u0101di jaut\u0101jumi? Sazinies ar mums\u00a0<a href=\"https:\/\/hookahshop.lt\/lv\/kontaktiem\/\">kontaktu lapa<\/a>\u00a0vai rakstiet mums pa e-pastu\u00a0<a href=\"https:\/\/facebook.com\/HookahShop.lt\/\" target=\"_blank\" rel=\"noopener noreferrer\">Facebook konts<\/a>\u00a0un m\u0113s atbild\u0113sim uz j\u016bsu piepras\u012bjumu taj\u0101 pa\u0161\u0101 dien\u0101.<\/p>","protected":false},"excerpt":{"rendered":"<p>Kr\u016bz\u012bte \u016bdensp\u012bpei SOLARIS Styx Iek\u0161puse un \u0101rpuse stiklota. Kop\u0113jais augstums - 77mm Darba da\u013cas dzi\u013cums - 18mm Darba da\u013cas diametrs - 56mm Vai jums ir k\u0101di jaut\u0101jumi? Sazinieties ar mums kontaktu lap\u0101 vai rakstiet mums uz m\u016bsu Facebook kontu un m\u0113s atbild\u0113sim uz j\u016bsu piepras\u012bjumu taj\u0101 pa\u0161\u0101 dien\u0101.<\/p>","protected":false},"featured_media":12369,"comment_status":"open","ping_status":"closed","template":"","meta":[],"_links":{"self":[{"href":"https:\/\/hookahshop.lt\/lv\/wp-json\/wp\/v2\/product\/9640"}],"collection":[{"href":"https:\/\/hookahshop.lt\/lv\/wp-json\/wp\/v2\/product"}],"about":[{"href":"https:\/\/hookahshop.lt\/lv\/wp-json\/wp\/v2\/types\/product"}],"replies":[{"embeddable":true,"href":"https:\/\/hookahshop.lt\/lv\/wp-json\/wp\/v2\/comments?post=9640"}],"version-history":[{"count":5,"href":"https:\/\/hookahshop.lt\/lv\/wp-json\/wp\/v2\/product\/9640\/revisions"}],"predecessor-version":[{"id":38436,"href":"https:\/\/hookahshop.lt\/lv\/wp-json\/wp\/v2\/product\/9640\/revisions\/38436"}],"wp:featuredmedia":[{"embeddable":true,"href":"https:\/\/hookahshop.lt\/lv\/wp-json\/wp\/v2\/media\/12369"}],"wp:attachment":[{"href":"https:\/\/hookahshop.lt\/lv\/wp-json\/wp\/v2\/media?parent=9640"}],"curies":[{"name":"wp","href":"https:\/\/api.w.org\/{rel}","templated":true}]}}