{"id":9679,"date":"2020-07-02T15:46:09","date_gmt":"2020-07-02T12:46:09","guid":{"rendered":"https:\/\/hookahshop.lt\/?post_type=product&#038;p=9679"},"modified":"2026-04-15T23:28:43","modified_gmt":"2026-04-15T20:28:43","slug":"kaljanas-aladin-alux-m1-blue-46cm","status":"publish","type":"product","link":"https:\/\/hookahshop.lt\/lv\/produkt\/kaljanas-aladin-alux-m1-blue-46cm\/","title":{"rendered":"\u016adensp\u012bpe ALADIN Alux M1 Blue"},"content":{"rendered":"<h2>\u016adensp\u012bpe ALADIN ALUX M1 BLUE 46CM<\/h2>\n<p>Kombin\u0113t\u0101 versija: v\u0101rpstas \/ masta apak\u0161\u0113j\u0101 da\u013ca, kas non\u0101k saskar\u0113 ar \u016bdeni, ir izgatavota no ner\u016bs\u0113jo\u0161\u0101 t\u0113rauda, p\u0101r\u0113j\u0101s \u016bdensp\u012bpes da\u013cas ir izgatavotas no alum\u012bnija.<\/p>\n<p>Standarta komplekt\u0101cij\u0101 ir knaibles, &quot;m\u012bksta&quot; silikona \u0161\u013c\u016btene ar uzga\u013ciem, kr\u016bze, un &quot;deglis kr\u016bz\u012btei&quot;, regul\u0113jams difuzors.<\/p>\n<p>Vai jums ir k\u0101di jaut\u0101jumi? Sazinies ar mums\u00a0<a href=\"https:\/\/hookahshop.lt\/lv\/kontaktiem\/\">kontaktu lapa<\/a>\u00a0vai rakstiet mums pa e-pastu\u00a0<a href=\"https:\/\/facebook.com\/HookahShop.lt\/\" target=\"_blank\" rel=\"noopener noreferrer\">Facebook konts<\/a>\u00a0un m\u0113s atbild\u0113sim uz j\u016bsu piepras\u012bjumu taj\u0101 pa\u0161\u0101 dien\u0101.<\/p>","protected":false},"excerpt":{"rendered":"<p>\u016adensp\u012bpe ALADIN ALUX M1 BLUE 46CM Kombin\u0113t\u0101 versija: v\u0101rpstas\/k\u0101ta apak\u0161\u0113j\u0101 da\u013ca, kas saskaras ar \u016bdeni ir izgatavota no ner\u016bs\u0113jo\u0161\u0101 t\u0113rauda, p\u0101r\u0113j\u0101s \u016bdensp\u012bpes da\u013cas izgatavotas no alum\u012bnija. Standarta komplekt\u0101cij\u0101 ir knaibles, &quot;m\u012bksta&quot; silikona \u0161\u013c\u016btene ar uzga\u013ciem, kr\u016bze, un &quot;deglis kr\u016bz\u012btei&quot;, regul\u0113jams difuzors. Vai jums ir k\u0101di jaut\u0101jumi? Sazinieties ar mums kontaktu lap\u0101 vai rakstiet mums uz m\u016bsu Facebook kontu un m\u0113s atbild\u0113sim uz j\u016bsu piepras\u012bjumu [\u2026]<\/p>","protected":false},"featured_media":9692,"comment_status":"open","ping_status":"closed","template":"","meta":[],"_links":{"self":[{"href":"https:\/\/hookahshop.lt\/lv\/wp-json\/wp\/v2\/product\/9679"}],"collection":[{"href":"https:\/\/hookahshop.lt\/lv\/wp-json\/wp\/v2\/product"}],"about":[{"href":"https:\/\/hookahshop.lt\/lv\/wp-json\/wp\/v2\/types\/product"}],"replies":[{"embeddable":true,"href":"https:\/\/hookahshop.lt\/lv\/wp-json\/wp\/v2\/comments?post=9679"}],"version-history":[{"count":3,"href":"https:\/\/hookahshop.lt\/lv\/wp-json\/wp\/v2\/product\/9679\/revisions"}],"predecessor-version":[{"id":22843,"href":"https:\/\/hookahshop.lt\/lv\/wp-json\/wp\/v2\/product\/9679\/revisions\/22843"}],"wp:featuredmedia":[{"embeddable":true,"href":"https:\/\/hookahshop.lt\/lv\/wp-json\/wp\/v2\/media\/9692"}],"wp:attachment":[{"href":"https:\/\/hookahshop.lt\/lv\/wp-json\/wp\/v2\/media?parent=9679"}],"curies":[{"name":"wp","href":"https:\/\/api.w.org\/{rel}","templated":true}]}}