{"id":9704,"date":"2020-07-02T17:01:01","date_gmt":"2020-07-02T14:01:01","guid":{"rendered":"https:\/\/hookahshop.lt\/?post_type=product&#038;p=9704"},"modified":"2026-04-17T23:29:09","modified_gmt":"2026-04-17T20:29:09","slug":"anglys-kaljanui-tomcococha-diamond-22mm-500g","status":"publish","type":"product","link":"https:\/\/hookahshop.lt\/lv\/produkt\/oglekla-udenspipe-tomokoka-dimants-22mm\/","title":{"rendered":"Ogles \u016bdensp\u012bpei TOMCOCOCHA Diamond 22mm 500g"},"content":{"rendered":"<h2>Ogles \u016bdensp\u012bpei TOMCOCOCHA Diamond 22mm 500g<\/h2>\n<p>100% dab\u012bg\u0101 ogle, kas izgatavota no Taizemes kokosriekstu \u010daumalas.<br \/>\nMaz\u0101k pelnu, vair\u0101k siltuma.<br \/>\nViena oglek\u013ca izm\u0113ri: 22x22x22mm<br \/>\nKast\u0113 ir 54 ogles<br \/>\nLai dedzin\u0101tu ogles, ir nepiecie\u0161ama elektrisk\u0101 pl\u012bts \u016bdensp\u012bpe, t\u016bristu g\u0101zes pl\u012bts vai taml\u012bdz\u012bgi.<br \/>\nIzcelsmes valsts: Indon\u0113zija<\/p>\n<p>Vai jums ir k\u0101di jaut\u0101jumi? Sazinies ar mums\u00a0<a href=\"https:\/\/hookahshop.lt\/lv\/kontaktiem\/\">kontaktu lapa<\/a>\u00a0vai rakstiet mums pa e-pastu\u00a0<a href=\"https:\/\/facebook.com\/HookahShop.lt\/\" target=\"_blank\" rel=\"noopener noreferrer\">Facebook konts<\/a>\u00a0un m\u0113s atbild\u0113sim uz j\u016bsu piepras\u012bjumu taj\u0101 pa\u0161\u0101 dien\u0101.<\/p>","protected":false},"excerpt":{"rendered":"<p>Kokogles \u016bdensp\u012bpei TOMCOCOCHA Diamond 22mm 500g 100% dab\u012bg\u0101 kokogle, kas izgatavota no Taizemes kokosriekstu \u010daumalas. Maz\u0101k pelnu, vair\u0101k siltuma. Vienas ogles izm\u0113ri: 22x22x22mm Kast\u0113 ir 54 ogles Lai aizdedzin\u0101tu ogles, nepiecie\u0161ama elektrisk\u0101 pl\u012bts \u016bdensp\u012bpei, t\u016bristu g\u0101zes pl\u012bts vai tml. Izcelsmes valsts: Indon\u0113zija Vai jums ir jaut\u0101jumi? Sazinieties ar mums kontaktu lap\u0101 vai rakstiet mums uz m\u016bsu Facebook kontu un m\u0113s atbild\u0113sim uz j\u016bsu piepras\u012bjumu [\u2026]<\/p>","protected":false},"featured_media":41021,"comment_status":"open","ping_status":"closed","template":"","meta":[],"_links":{"self":[{"href":"https:\/\/hookahshop.lt\/lv\/wp-json\/wp\/v2\/product\/9704"}],"collection":[{"href":"https:\/\/hookahshop.lt\/lv\/wp-json\/wp\/v2\/product"}],"about":[{"href":"https:\/\/hookahshop.lt\/lv\/wp-json\/wp\/v2\/types\/product"}],"replies":[{"embeddable":true,"href":"https:\/\/hookahshop.lt\/lv\/wp-json\/wp\/v2\/comments?post=9704"}],"version-history":[{"count":6,"href":"https:\/\/hookahshop.lt\/lv\/wp-json\/wp\/v2\/product\/9704\/revisions"}],"predecessor-version":[{"id":45178,"href":"https:\/\/hookahshop.lt\/lv\/wp-json\/wp\/v2\/product\/9704\/revisions\/45178"}],"wp:featuredmedia":[{"embeddable":true,"href":"https:\/\/hookahshop.lt\/lv\/wp-json\/wp\/v2\/media\/41021"}],"wp:attachment":[{"href":"https:\/\/hookahshop.lt\/lv\/wp-json\/wp\/v2\/media?parent=9704"}],"curies":[{"name":"wp","href":"https:\/\/api.w.org\/{rel}","templated":true}]}}