{"id":9718,"date":"2020-07-02T17:28:55","date_gmt":"2020-07-02T14:28:55","guid":{"rendered":"https:\/\/hookahshop.lt\/?post_type=product&#038;p=9718"},"modified":"2026-05-13T13:51:57","modified_gmt":"2026-05-13T10:51:57","slug":"spyruokle-silikoninei-zarnai-silver","status":"publish","type":"product","link":"https:\/\/hookahshop.lt\/lv\/produkt\/atspere-silikona-slutene-sudrabs\/","title":{"rendered":"Atspere silikona \u0161\u013c\u016btenei Sudraba"},"content":{"rendered":"<h2>Atspere silikona \u0161\u013c\u016btenei Sudraba<\/h2>\n<p>Sudraba kr\u0101sas met\u0101ls. Pal\u012bdz zarn\u0101m stabili saglab\u0101t formu.<\/p>\n<p>Vai jums ir k\u0101di jaut\u0101jumi? Sazinies ar mums\u00a0<a href=\"https:\/\/hookahshop.lt\/lv\/kontaktiem\/\">kontaktu lapa<\/a>\u00a0vai rakstiet mums pa e-pastu\u00a0<a href=\"https:\/\/facebook.com\/HookahShop.lt\/\" target=\"_blank\" rel=\"noopener noreferrer\">Facebook konts<\/a>\u00a0un m\u0113s atbild\u0113sim uz j\u016bsu piepras\u012bjumu taj\u0101 pa\u0161\u0101 dien\u0101.<\/p>","protected":false},"excerpt":{"rendered":"<p>Atspere silikona \u0161\u013c\u016btenei Sudraba Sudraba kr\u0101sa izgatavota no met\u0101la. Pal\u012bdz zarn\u0101m stabili saglab\u0101t formu. Vai jums ir k\u0101di jaut\u0101jumi? Sazinieties ar mums kontaktu lap\u0101 vai rakstiet mums uz m\u016bsu Facebook kontu un m\u0113s atbild\u0113sim uz j\u016bsu piepras\u012bjumu taj\u0101 pa\u0161\u0101 dien\u0101.<\/p>","protected":false},"featured_media":9719,"comment_status":"open","ping_status":"closed","template":"","meta":[],"_links":{"self":[{"href":"https:\/\/hookahshop.lt\/lv\/wp-json\/wp\/v2\/product\/9718"}],"collection":[{"href":"https:\/\/hookahshop.lt\/lv\/wp-json\/wp\/v2\/product"}],"about":[{"href":"https:\/\/hookahshop.lt\/lv\/wp-json\/wp\/v2\/types\/product"}],"replies":[{"embeddable":true,"href":"https:\/\/hookahshop.lt\/lv\/wp-json\/wp\/v2\/comments?post=9718"}],"version-history":[{"count":6,"href":"https:\/\/hookahshop.lt\/lv\/wp-json\/wp\/v2\/product\/9718\/revisions"}],"predecessor-version":[{"id":43094,"href":"https:\/\/hookahshop.lt\/lv\/wp-json\/wp\/v2\/product\/9718\/revisions\/43094"}],"wp:featuredmedia":[{"embeddable":true,"href":"https:\/\/hookahshop.lt\/lv\/wp-json\/wp\/v2\/media\/9719"}],"wp:attachment":[{"href":"https:\/\/hookahshop.lt\/lv\/wp-json\/wp\/v2\/media?parent=9718"}],"curies":[{"name":"wp","href":"https:\/\/api.w.org\/{rel}","templated":true}]}}