{"id":9778,"date":"2020-07-05T11:55:13","date_gmt":"2020-07-05T08:55:13","guid":{"rendered":"https:\/\/hookahshop.lt\/?post_type=product&#038;p=9778"},"modified":"2026-04-06T23:28:53","modified_gmt":"2026-04-06T20:28:53","slug":"kaljano-komplektas-bamboo-hookah-stem","status":"publish","type":"product","link":"https:\/\/hookahshop.lt\/lv\/produkt\/udenspipes-komplekts-bambuss-udenspipes-kats\/","title":{"rendered":"\u016adensp\u012bpe (komplekts) Bambusa \u016adensp\u012bpes k\u0101ts"},"content":{"rendered":"<h2>\u016adensp\u012bpes komplekts Bambusa \u016adensp\u012bpes k\u0101ts<\/h2>\n<p>Pilns komplekts ir aprakst\u012bts zem\u0101k aprakst\u0101.<\/p>\n<p>\u016adensp\u012bpes augstums ar kolbu = 525 mm<\/p>\n<p>Apr\u012bkojums:<br \/>\nV\u0101rpsta -1 gab.<br \/>\n\u016adensp\u012bpes \u0161\u0137\u012bvis ar firmas grav\u0113jumu - 1 gab.<br \/>\nMutes uzgalis - 1 gab.<br \/>\nSilikona \u0161\u013c\u016btene - 1 gab.<br \/>\nBl\u012bves - 2 gab.<br \/>\nKolba (caursp\u012bd\u012bga) - 1 gab.<br \/>\nKnaibles Blade Hookah sudraba replika - 1 gab.<br \/>\nSiltuma kamera - 1 gab.<br \/>\nKr\u016bze aug\u0161da\u013ca - 1gab.<br \/>\nOgles Zocomo 1kg - 1gab.<\/p>\n<p>Vai jums ir k\u0101di jaut\u0101jumi? Sazinies ar mums\u00a0<a href=\"https:\/\/hookahshop.lt\/lv\/kontaktiem\/\">kontaktu lapa<\/a>\u00a0vai rakstiet mums pa e-pastu\u00a0<a href=\"https:\/\/facebook.com\/HookahShop.lt\/\" target=\"_blank\" rel=\"noopener noreferrer\">Facebook konts<\/a>\u00a0un m\u0113s atbild\u0113sim uz j\u016bsu piepras\u012bjumu taj\u0101 pa\u0161\u0101 dien\u0101.<\/p>","protected":false},"excerpt":{"rendered":"<p>\u016adensp\u012bpes komplekts Bambusa \u016adensp\u012bpes k\u0101ts Pilns komplekts ir aprakst\u012bts zem\u0101k eso\u0161aj\u0101 aprakst\u0101. \u016adensp\u012bpes augstums ar kolbu = 525 mm Pilns komplekts: V\u0101rpsta - 1 gab. \u016adensp\u012bpes \u0161\u0137\u012bvis ar firmas grav\u0113jumu - 1 gab. Mutes uzgalis - 1 gab. Silikona \u0161\u013c\u016btene - 1 gab. Bl\u012bves - 2 gab. Kolba (caursp\u012bd\u012bga) - 1 gab. Pliers Blade Hookah sudraba kopija\u00a0\u2014 1 [\u2026]<\/p>","protected":false},"featured_media":9782,"comment_status":"open","ping_status":"closed","template":"","meta":[],"_links":{"self":[{"href":"https:\/\/hookahshop.lt\/lv\/wp-json\/wp\/v2\/product\/9778"}],"collection":[{"href":"https:\/\/hookahshop.lt\/lv\/wp-json\/wp\/v2\/product"}],"about":[{"href":"https:\/\/hookahshop.lt\/lv\/wp-json\/wp\/v2\/types\/product"}],"replies":[{"embeddable":true,"href":"https:\/\/hookahshop.lt\/lv\/wp-json\/wp\/v2\/comments?post=9778"}],"version-history":[{"count":3,"href":"https:\/\/hookahshop.lt\/lv\/wp-json\/wp\/v2\/product\/9778\/revisions"}],"predecessor-version":[{"id":41782,"href":"https:\/\/hookahshop.lt\/lv\/wp-json\/wp\/v2\/product\/9778\/revisions\/41782"}],"wp:featuredmedia":[{"embeddable":true,"href":"https:\/\/hookahshop.lt\/lv\/wp-json\/wp\/v2\/media\/9782"}],"wp:attachment":[{"href":"https:\/\/hookahshop.lt\/lv\/wp-json\/wp\/v2\/media?parent=9778"}],"curies":[{"name":"wp","href":"https:\/\/api.w.org\/{rel}","templated":true}]}}