{"id":9824,"date":"2020-07-07T16:47:47","date_gmt":"2020-07-07T13:47:47","guid":{"rendered":"https:\/\/hookahshop.lt\/?post_type=product&#038;p=9824"},"modified":"2026-04-06T23:28:53","modified_gmt":"2026-04-06T20:28:53","slug":"kaljano-komplektas-kaljanas-aladin-mvp-470-model-clear-cube-47cm","status":"publish","type":"product","link":"https:\/\/hookahshop.lt\/lv\/produkt\/udenspipes-komplekts-udenspipes-aladin-mvp-470-model-clear-cube-47cm\/","title":{"rendered":"HOOKAH (komplekts) HOOKAH ALADIN MVP 470 MODELIS CLEAR CUBE 47CM"},"content":{"rendered":"<h2>\u016adensp\u012bpes KOMPLEKTS ALADIN MVP 470 MODELIS CLEAR CUBE 47CM<\/h2>\n<p>Pilns komplekts ir aprakst\u012bts zem\u0101k aprakst\u0101.<\/p>\n<p>\u016adensp\u012bpes augstums ar kolbu = 470 mm<\/p>\n<p>Apr\u012bkojums:<br \/>\nV\u0101rpsta -1 gab.<br \/>\n\u016adensp\u012bpes pl\u0101ksne - 1 gab.<br \/>\nIemutnis - 1 gab.<br \/>\nSilikona \u0161\u013c\u016btene - 1 gab.<br \/>\nBl\u012bves - 2 gab.<br \/>\nKolba - 1 gab.<br \/>\nKnaibles - 1 gab.<br \/>\nSiltuma kamera - 1 gab.<br \/>\nKauss (var at\u0161\u0137irties no att\u0113l\u0101 redzam\u0101) - 1gab.<br \/>\nOgles 1kg - 1gab.<br \/>\nPl\u012bts virsma - 1 gab.<\/p>\n<p>Vai jums ir k\u0101di jaut\u0101jumi? Sazinies ar mums\u00a0<a href=\"https:\/\/hookahshop.lt\/lv\/kontaktiem\/\">kontaktu lapa<\/a>\u00a0vai rakstiet mums pa e-pastu\u00a0<a href=\"https:\/\/facebook.com\/HookahShop.lt\/\" target=\"_blank\" rel=\"noopener noreferrer\">Facebook konts<\/a>\u00a0un m\u0113s atbild\u0113sim uz j\u016bsu piepras\u012bjumu taj\u0101 pa\u0161\u0101 dien\u0101.<\/p>","protected":false},"excerpt":{"rendered":"<p>HOOKA SET ALADIN MVP 470 MODEL CLEAR CUBE 47CM Pilns komplekts ir aprakst\u012bts zem\u0101k eso\u0161aj\u0101 aprakst\u0101. \u016adensp\u012bpes augstums ar kolbu = 470 mm Pilns komplekts: V\u0101rpsta - 1 gab. \u016adensp\u012bpes \u0161\u0137\u012bvis - 1 gab. Mutes uzgalis - 1 gab. Silikona \u0161\u013c\u016btene - 1 gab. Bl\u012bves - 2 gab. Kolba - 1 gab. Knaibles - 1 gab. Siltuma kamera [\u2026]<\/p>","protected":false},"featured_media":9825,"comment_status":"open","ping_status":"closed","template":"","meta":[],"_links":{"self":[{"href":"https:\/\/hookahshop.lt\/lv\/wp-json\/wp\/v2\/product\/9824"}],"collection":[{"href":"https:\/\/hookahshop.lt\/lv\/wp-json\/wp\/v2\/product"}],"about":[{"href":"https:\/\/hookahshop.lt\/lv\/wp-json\/wp\/v2\/types\/product"}],"replies":[{"embeddable":true,"href":"https:\/\/hookahshop.lt\/lv\/wp-json\/wp\/v2\/comments?post=9824"}],"version-history":[{"count":1,"href":"https:\/\/hookahshop.lt\/lv\/wp-json\/wp\/v2\/product\/9824\/revisions"}],"predecessor-version":[{"id":41783,"href":"https:\/\/hookahshop.lt\/lv\/wp-json\/wp\/v2\/product\/9824\/revisions\/41783"}],"wp:featuredmedia":[{"embeddable":true,"href":"https:\/\/hookahshop.lt\/lv\/wp-json\/wp\/v2\/media\/9825"}],"wp:attachment":[{"href":"https:\/\/hookahshop.lt\/lv\/wp-json\/wp\/v2\/media?parent=9824"}],"curies":[{"name":"wp","href":"https:\/\/api.w.org\/{rel}","templated":true}]}}