{"id":9833,"date":"2020-07-07T16:54:55","date_gmt":"2020-07-07T13:54:55","guid":{"rendered":"https:\/\/hookahshop.lt\/?post_type=product&#038;p=9833"},"modified":"2026-04-06T23:28:54","modified_gmt":"2026-04-06T20:28:54","slug":"kaljano-komplektas-aladin-alux-m1-black-46cm","status":"publish","type":"product","link":"https:\/\/hookahshop.lt\/lv\/produkt\/udenspipe-komplekts-aladin-alux-m1-melns-46cm\/","title":{"rendered":"\u0100\u0137u komplekts ALADIN Alux M1 Melns 46cm"},"content":{"rendered":"<h2>\u0100\u0137u komplekts ALADIN Alux M1 Melns 46cm<\/h2>\n<p>Kombin\u0113t\u0101 versija: v\u0101rpstas\/k\u0101ta apak\u0161\u0113j\u0101 da\u013ca, kas saskaras ar \u016bdeni, ir izgatavota no ner\u016bs\u0113jo\u0161\u0101 t\u0113rauda, p\u0101r\u0113j\u0101s \u016bdensp\u012bpes da\u013cas ir no alum\u012bnija. Pilns komplekts ir aprakst\u012bts zem\u0101k aprakst\u0101.<br \/>\n\u016adensp\u012bpes augstums ar kolbu = 460 mm<\/p>\n<p>Apr\u012bkojums:<br \/>\nV\u0101rpsta -1 gab.<br \/>\n\u016adensp\u012bpes pl\u0101ksne ar z\u012bmola grav\u0113jumu - 1 gab.<br \/>\nIemutnis - 1 gab.<br \/>\nSilikona \u0161\u013c\u016btene - 1 gab.<br \/>\nBl\u012bves - 2 gab.<br \/>\nKolba (caursp\u012bd\u012bga) - 1 gab.<br \/>\nKnaibles - 1 gab.<br \/>\nSiltuma kamera - 1 gab.<br \/>\nKauss (var at\u0161\u0137irties no att\u0113l\u0101 redzam\u0101) - 1gab.<br \/>\nOg\u013cu Zocomo 1kg - 1gab.<br \/>\nPl\u012bts - 1gab.<\/p>\n<p>Vai jums ir k\u0101di jaut\u0101jumi? Sazinies ar mums\u00a0<a href=\"https:\/\/hookahshop.lt\/lv\/kontaktiem\/\">kontaktu lapa<\/a>\u00a0vai rakstiet mums pa e-pastu\u00a0<a href=\"https:\/\/facebook.com\/HookahShop.lt\/\" target=\"_blank\" rel=\"noopener noreferrer\">Facebook konts<\/a>\u00a0un m\u0113s atbild\u0113sim uz j\u016bsu piepras\u012bjumu taj\u0101 pa\u0161\u0101 dien\u0101.<\/p>","protected":false},"excerpt":{"rendered":"<p>\u016adensp\u012bpes komplekts ALADIN Alux M1 Black 46cm Kombin\u0113tais variants: v\u0101rpstas\/k\u0101ta apak\u0161\u0113j\u0101 da\u013ca, kas saskaras ar \u016bdeni ir ner\u016bs\u0113jo\u0161ais t\u0113rauds, p\u0101r\u0113j\u0101s \u016bdensp\u012bpes da\u013cas izgatavotas no alum\u012bnija. Pilns komplekts ir aprakst\u012bts zem\u0101k aprakst\u0101. \u016adensp\u012bpes augstums ar kolbu = 460 mm Pilns komplekts: V\u0101rpsta - 1 gab. \u016adensp\u012bpes \u0161\u0137\u012bvis ar firmas grav\u0113jumu - 1 gab. Mutes uzgalis - 1 gab. Silikona \u0161\u013c\u016btene [\u2026]<\/p>","protected":false},"featured_media":28049,"comment_status":"open","ping_status":"closed","template":"","meta":[],"_links":{"self":[{"href":"https:\/\/hookahshop.lt\/lv\/wp-json\/wp\/v2\/product\/9833"}],"collection":[{"href":"https:\/\/hookahshop.lt\/lv\/wp-json\/wp\/v2\/product"}],"about":[{"href":"https:\/\/hookahshop.lt\/lv\/wp-json\/wp\/v2\/types\/product"}],"replies":[{"embeddable":true,"href":"https:\/\/hookahshop.lt\/lv\/wp-json\/wp\/v2\/comments?post=9833"}],"version-history":[{"count":4,"href":"https:\/\/hookahshop.lt\/lv\/wp-json\/wp\/v2\/product\/9833\/revisions"}],"predecessor-version":[{"id":30297,"href":"https:\/\/hookahshop.lt\/lv\/wp-json\/wp\/v2\/product\/9833\/revisions\/30297"}],"wp:featuredmedia":[{"embeddable":true,"href":"https:\/\/hookahshop.lt\/lv\/wp-json\/wp\/v2\/media\/28049"}],"wp:attachment":[{"href":"https:\/\/hookahshop.lt\/lv\/wp-json\/wp\/v2\/media?parent=9833"}],"curies":[{"name":"wp","href":"https:\/\/api.w.org\/{rel}","templated":true}]}}