{"id":9936,"date":"2020-07-10T23:27:50","date_gmt":"2020-07-10T20:27:50","guid":{"rendered":"https:\/\/hookahshop.lt\/?post_type=product&#038;p=9936"},"modified":"2026-04-20T23:29:21","modified_gmt":"2026-04-20T20:29:21","slug":"znyples-kaljanui-hootec-tongs-m","status":"publish","type":"product","link":"https:\/\/hookahshop.lt\/lv\/produkt\/udenspipes-knaibles-hootec-knaibles-m\/","title":{"rendered":"\u016adensp\u012bpes kokogles knaibles HOOTEC Tongs M"},"content":{"rendered":"<h2>\u016adensp\u012bpes kokogles knaibles HOOTEC Tongs M<\/h2>\n<p>\u0112rtas, stil\u012bgas knaibles no r\u016bd\u012bta t\u0113rauda.<\/p>\n<p>Priek\u0161roc\u012bbas: - Stil\u012bgs augsto tehnolo\u0123iju dizains - \u0112rta forma un optim\u0101la iztur\u012bba.<\/p>\n<p>\u0112rts izm\u0113rs darbam ar daudz\u0101m ogl\u0113m: - Knaibles garums (30 cm)<\/p>\n<p>Vai jums ir k\u0101di jaut\u0101jumi? Sazinies ar mums\u00a0<a href=\"https:\/\/hookahshop.lt\/lv\/kontaktiem\/\">kontaktu lapa<\/a>\u00a0vai rakstiet mums pa e-pastu\u00a0<a href=\"https:\/\/facebook.com\/HookahShop.lt\/\" target=\"_blank\" rel=\"noopener noreferrer\">Facebook konts<\/a>\u00a0un m\u0113s atbild\u0113sim uz j\u016bsu piepras\u012bjumu taj\u0101 pa\u0161\u0101 dien\u0101.<\/p>","protected":false},"excerpt":{"rendered":"<p>Knaibles \u016bdensp\u012bpes ogl\u0113m HOOTEC Tongs M \u0112rtas, stil\u012bgas knaibles no r\u016bd\u012bta t\u0113rauda. Priek\u0161roc\u012bbas: - Stil\u012bgs augsto tehnolo\u0123iju dizains - \u0112rta forma un optim\u0101la iztur\u012bba. \u0112rts izm\u0113rs darbam ar daudz\u0101m ogl\u0113m: - Knaibles garums (30 cm) Jaut\u0101jumi? Sazinieties ar mums kontaktu lap\u0101 vai rakstiet mums uz m\u016bsu Facebook kontu un m\u0113s atbild\u0113sim uz j\u016bsu piepras\u012bjumu taj\u0101 pa\u0161\u0101 dien\u0101.<\/p>","protected":false},"featured_media":8723,"comment_status":"open","ping_status":"closed","template":"","meta":[],"_links":{"self":[{"href":"https:\/\/hookahshop.lt\/lv\/wp-json\/wp\/v2\/product\/9936"}],"collection":[{"href":"https:\/\/hookahshop.lt\/lv\/wp-json\/wp\/v2\/product"}],"about":[{"href":"https:\/\/hookahshop.lt\/lv\/wp-json\/wp\/v2\/types\/product"}],"replies":[{"embeddable":true,"href":"https:\/\/hookahshop.lt\/lv\/wp-json\/wp\/v2\/comments?post=9936"}],"version-history":[{"count":3,"href":"https:\/\/hookahshop.lt\/lv\/wp-json\/wp\/v2\/product\/9936\/revisions"}],"predecessor-version":[{"id":30539,"href":"https:\/\/hookahshop.lt\/lv\/wp-json\/wp\/v2\/product\/9936\/revisions\/30539"}],"wp:featuredmedia":[{"embeddable":true,"href":"https:\/\/hookahshop.lt\/lv\/wp-json\/wp\/v2\/media\/8723"}],"wp:attachment":[{"href":"https:\/\/hookahshop.lt\/lv\/wp-json\/wp\/v2\/media?parent=9936"}],"curies":[{"name":"wp","href":"https:\/\/api.w.org\/{rel}","templated":true}]}}