{"id":9940,"date":"2020-07-10T23:35:02","date_gmt":"2020-07-10T20:35:02","guid":{"rendered":"https:\/\/hookahshop.lt\/?post_type=product&#038;p=9940"},"modified":"2026-04-20T23:28:52","modified_gmt":"2026-04-20T20:28:52","slug":"kaljanas-bigmaks-major-hookah","status":"publish","type":"product","link":"https:\/\/hookahshop.lt\/lv\/produkt\/udenspipe-bigmax-major-udenspipe\/","title":{"rendered":"\u016adensp\u012bpe BIGMAKS Major \u016adensp\u012bpe"},"content":{"rendered":"<h2>\u016adensp\u012bpe BIGMAKS Major \u016adensp\u012bpe<\/h2>\n<p>\u016adensp\u012bpe ir izgatavota no Eirop\u0101 ra\u017eota ner\u016bs\u0113jo\u0161\u0101 t\u0113rauda AISI 304. Mont\u0101\u017ea tiek veikta ar v\u012bt\u0146otiem savienojumiem. \u016adensp\u012bpei ir vid\u0113ji klasisks raksturs. P\u016b\u0161anas sist\u0113ma sast\u0101v no pieciem v\u0101rstiem, kas \u013cauj nekav\u0113joties atbr\u012bvot kolbu no d\u016bmiem, k\u0101 ar\u012b atdzes\u0113t b\u013codu. O gredzena savienot\u0101js, ori\u0123in\u0101ls dizains.<\/p>\n<p><strong>Apr\u012bkojums:<\/strong><br \/>\nKaste; v\u0101rpsta; pl\u0101ksne ar firmas grav\u0113jumu; iemutnis; \u0161\u013c\u016btenes savienot\u0101js; m\u012bkst\u0101s zarnas; bl\u012bves (2 gab.); plastmasas bumbi\u0146as (5 gab.);<\/p>\n<p><strong>Raksturojums:<\/strong><br \/>\n\u016adensp\u012bpes svars: ~ 1500 gr<br \/>\n\u016adensp\u012bpes augstums: 510 mm<br \/>\nNer\u016bs\u0113jo\u0161ais t\u0113rauds: D13 mm<br \/>\n\u0160\u013c\u016btenes savienot\u0101ja savienojums: O gredzens<br \/>\nDifuzors: J\u0101, neregul\u0113ts<br \/>\nMutes iemutne: ner\u016bs\u0113jo\u0161ais t\u0113rauds<br \/>\nIemutes garums: 294 mm, D10 mm<br \/>\nSals: m\u012bksts silikons<br \/>\n\u0160\u013c\u016btenes garums: 1500mm<\/p>\n<p>Vai jums ir k\u0101di jaut\u0101jumi? Sazinies ar mums\u00a0<a href=\"https:\/\/hookahshop.lt\/lv\/kontaktiem\/\">kontaktu lapa<\/a>\u00a0vai rakstiet mums pa e-pastu\u00a0<a href=\"https:\/\/facebook.com\/HookahShop.lt\/\" target=\"_blank\" rel=\"noopener noreferrer\">Facebook konts<\/a>\u00a0un m\u0113s atbild\u0113sim uz j\u016bsu piepras\u012bjumu taj\u0101 pa\u0161\u0101 dien\u0101.<\/p>","protected":false},"excerpt":{"rendered":"<p>\u016adensp\u012bpe BIGMAKS Major \u016adensp\u012bpe ir izgatavota no Eirop\u0101 ra\u017eota ner\u016bs\u0113jo\u0161\u0101 t\u0113rauda AISI 304 Mont\u0101\u017ea tiek veikta ar v\u012bt\u0146otiem savienojumiem. \u016adensp\u012bpei ir vid\u0113ji klasisks raksturs. P\u016b\u0161anas sist\u0113ma sast\u0101v no pieciem v\u0101rstiem, kas \u013cauj nekav\u0113joties atbr\u012bvot kolbu no d\u016bmiem, k\u0101 ar\u012b atdzes\u0113t b\u013codu. O gredzena savienot\u0101js, ori\u0123in\u0101ls dizains. Pilns komplekts: Kaste; v\u0101rpsta; pl\u0101ksne ar firmas grav\u0113jumu; iemutnis; \u0161\u013c\u016btenes savienot\u0101js; [\u2026]<\/p>","protected":false},"featured_media":9941,"comment_status":"open","ping_status":"closed","template":"","meta":[],"_links":{"self":[{"href":"https:\/\/hookahshop.lt\/lv\/wp-json\/wp\/v2\/product\/9940"}],"collection":[{"href":"https:\/\/hookahshop.lt\/lv\/wp-json\/wp\/v2\/product"}],"about":[{"href":"https:\/\/hookahshop.lt\/lv\/wp-json\/wp\/v2\/types\/product"}],"replies":[{"embeddable":true,"href":"https:\/\/hookahshop.lt\/lv\/wp-json\/wp\/v2\/comments?post=9940"}],"version-history":[{"count":2,"href":"https:\/\/hookahshop.lt\/lv\/wp-json\/wp\/v2\/product\/9940\/revisions"}],"predecessor-version":[{"id":22826,"href":"https:\/\/hookahshop.lt\/lv\/wp-json\/wp\/v2\/product\/9940\/revisions\/22826"}],"wp:featuredmedia":[{"embeddable":true,"href":"https:\/\/hookahshop.lt\/lv\/wp-json\/wp\/v2\/media\/9941"}],"wp:attachment":[{"href":"https:\/\/hookahshop.lt\/lv\/wp-json\/wp\/v2\/media?parent=9940"}],"curies":[{"name":"wp","href":"https:\/\/api.w.org\/{rel}","templated":true}]}}